{"id":13,"date":"2024-07-26T23:26:16","date_gmt":"2024-07-26T23:26:16","guid":{"rendered":"http:\/\/192.168.13.40\/?page_id=13"},"modified":"2024-07-28T22:31:22","modified_gmt":"2024-07-28T22:31:22","slug":"return-policy","status":"publish","type":"page","link":"https:\/\/solararray.eu\/de\/zuruck-zur-ubersicht\/","title":{"rendered":"Zur\u00fcck zur \u00dcbersicht"},"content":{"rendered":"<div data-elementor-type=\"wp-page\" data-elementor-id=\"13\" class=\"elementor elementor-13\" data-elementor-post-type=\"page\">\n\t\t\t\t<div class=\"wd-negative-gap elementor-element elementor-element-d7444f9 e-flex e-con-boxed e-con e-parent\" data-id=\"d7444f9\" data-element_type=\"container\">\n\t\t\t\t\t<div class=\"e-con-inner\">\n\t\t\t\t<div class=\"elementor-element elementor-element-d8ec04f wd-width-100 elementor-widget elementor-widget-wd_title\" data-id=\"d8ec04f\" data-element_type=\"widget\" data-widget_type=\"wd_title.default\">\n\t\t\t\t<div class=\"elementor-widget-container\">\n\t\t\t\t\t<div class=\"title-wrapper set-mb-s reset-last-child wd-title-color-default wd-title-style-default wd-title-size-default text-center\">\n\n\t\t\t\t\t\t\t<div class=\"title-subtitle subtitle-color-default subtitle-style-default wd-fontsize-xs\">\n\t\t\t\t\tHassle-Free R\u00fcckerstattung und R\u00fcckgabe\t\t\t\t<\/div>\n\t\t\t\n\t\t\t<div class=\"liner-continer\">\n\t\t\t\t<h4 class=\"woodmart-title-container title wd-fontsize-l\">R\u00fcckerstattungs- und R\u00fcckgabepolitik<\/h4> \n\t\t\t\t\t\t\t<\/div>\n\n\t\t\t\t\t\t\t<div class=\"title-after_title set-cont-mb-s reset-last-child wd-fontsize-xs\">\n\t\t\t\t\t<p>Bei EINIMED bem\u00fchen wir uns, Ihre vollst\u00e4ndige Zufriedenheit mit unseren Produkten und Dienstleistungen sicherzustellen. Unsere R\u00fcckerstattungs- und R\u00fcckgabepolitik ist so konzipiert, dass sie fair und unkompliziert ist und Ihnen bei der Herstellung von Eink\u00e4ufen von uns einen Gedankenfrieden bietet.<\/p>\t\t\t\t<\/div>\n\t\t\t\t\t<\/div>\n\t\t\t\t<\/div>\n\t\t\t\t<\/div>\n\t\t\t\t<div class=\"elementor-element elementor-element-f602203 elementor-widget elementor-widget-wd_text_block\" data-id=\"f602203\" data-element_type=\"widget\" data-widget_type=\"wd_text_block.default\">\n\t\t\t\t<div class=\"elementor-widget-container\">\n\t\t\t\t\t<div class=\"wd-text-block reset-last-child text-left\">\n\t\t\t\n\t\t\t<h3>Zur\u00fcck zur \u00dcbersicht<\/h3><h4>Standardprodukte<\/h4><p>Wir bieten eine 14-t\u00e4gige R\u00fcckgaberichtlinie f\u00fcr Standardprodukte an. Wenn Sie mit Ihrem Kauf nicht zufrieden sind, haben Sie 14 Tage ab dem Datum der Eingangsbest\u00e4tigung, um eine R\u00fccksendung einzuleiten.<\/p><p><strong>Schritte zur R\u00fcckkehr:<\/strong><\/p><ol><li><strong>Initiate Return:<\/strong> Kontaktieren Sie unser Kunden-Support-Team unter info@einimed.eu innerhalb von 14 Tagen nach Erhalt Ihres Produktes, um eine R\u00fccksendung zu verlangen.<\/li><li><strong>Zur\u00fcck Autorisierung:<\/strong> Unser Team stellt Ihnen eine Return Authorization Number (RAN) und detaillierte R\u00fcckgabeanleitung zur Verf\u00fcgung.<\/li><li><strong>Zur\u00fcck senden:<\/strong> Sie haben 14 Tage ab dem Datum des Empfangens des RAN, um das Produkt an uns zur\u00fcck zu senden.<\/li><li><strong>Inspektion und R\u00fcckerstattung:<\/strong> Sobald wir das zur\u00fcckgegebene Produkt erhalten und inspizieren, verarbeiten wir Ihre R\u00fcckerstattung innerhalb von 7 Werktagen. R\u00fcckerstattungen werden an die urspr\u00fcngliche Zahlungsmethode ausgegeben.<\/li><\/ol><p><strong>Bedingungen:<\/strong><\/p><ul><li>Das Produkt muss in seinem urspr\u00fcnglichen Zustand, ungenutzt und in seiner urspr\u00fcnglichen Verpackung sein.<\/li><li>Alle Accessoires, Handb\u00fccher und Dokumentationen m\u00fcssen enthalten sein.<\/li><li>Die R\u00fcckversandkosten sind die Verantwortung des Kunden, es sei denn, die R\u00fccksendung ist auf einen Fehler oder einen Fehler unserer Seite zur\u00fcckzuf\u00fchren.<\/li><\/ul><h4>Professionelle und kundenspezifische Produkte<\/h4><p>Unsere R\u00fcckgaberichtlinie gilt nicht f\u00fcr professionelle Produkte oder Gegenst\u00e4nde, die speziell bestellt sind, um die einzigartigen Anforderungen eines Unternehmens zu erf\u00fcllen. Diese Artikel sind aufgrund ihrer Spezialit\u00e4t nicht r\u00fcckzahlbar und nicht zur\u00fcckerstattbar.<\/p><p><strong>Beispiele f\u00fcr nicht r\u00fcckkehrbare Artikel:<\/strong><\/p><ul><li>Ma\u00dfgeschneiderte medizinische Ausr\u00fcstung, die auf bestimmte Anforderungen zugeschnitten ist.<\/li><li>Professionelle Ger\u00e4te f\u00fcr klinische oder institutionelle Einstellungen.<\/li><\/ul><h3>R\u00fcckerstattungspolitik<\/h3><h4>Schutz- oder Schadensprodukte<\/h4><p>Wenn Sie ein fehlerhaftes oder besch\u00e4digtes Produkt erhalten, kontaktieren Sie uns bitte sofort unter info@einimed.eu. Wir vereinbaren einen Ersatz oder eine volle R\u00fcckerstattung.<\/p><p><strong>Schritte zum Bericht:<\/strong><\/p><ol><li><strong>Ansprechpartner:<\/strong> Benachrichtigen Sie uns innerhalb von 7 Tagen nach Erhalt des fehlerhaften oder besch\u00e4digten Produktes.<\/li><li><strong>Bewertung:<\/strong> Unser Team wird das Problem bewerten und weitere Anweisungen geben.<\/li><li><strong>Ersatz oder R\u00fcckerstattung:<\/strong> Basierend auf der Bewertung werden wir entweder das Produkt ersetzen oder eine vollst\u00e4ndige R\u00fcckerstattung verarbeiten.<\/li><\/ol><h4>Refund Processing<\/h4><p>R\u00fcckerstattungen werden innerhalb von 7 Werktagen nach Erhalt und \u00dcberpr\u00fcfung des zur\u00fcckgegebenen Produktes verarbeitet. Die Erstattung wird auf die urspr\u00fcngliche Zahlungsmethode, die w\u00e4hrend des Kaufs verwendet wird, ausgestellt.<\/p><p><strong>Anmerkung:<\/strong><\/p><ul><li>Versandkosten werden nicht zur\u00fcckerstattet, es sei denn, die R\u00fccksendung ist auf unseren Fehler oder ein fehlerhaftes Produkt zur\u00fcckzuf\u00fchren.<\/li><li>Falls zutreffend, werden etwaige Aufstockungsgeb\u00fchren vom Erstattungsbetrag abgezogen.<\/li><\/ul><h3>Kontaktieren Sie uns<\/h3><p>Wenn Sie Fragen zu unserer R\u00fcckerstattungs- und R\u00fcckgaberichtlinie haben, wenden Sie sich bitte an unser Kundenservice-Team. Wir sind hier, um Ihnen zu helfen und sicherzustellen, dass Ihre Erfahrung mit EINIMED positiv und zufriedenstellend ist.<\/p><ul><li><strong>E-Mail:<\/strong> info@einimed.eu<\/li><\/ul><p>Bei EINIMED sind wir verpflichtet, hochwertige medizinische Technologien und exzellenten Kundenservice zu bieten. Ihre Zufriedenheit ist unsere Priorit\u00e4t.<\/p><hr \/><h3>Warum w\u00e4hlen Sie uns?<\/h3><ul><li><strong>Kundenspezifischer Ansatz:<\/strong> Wir priorisieren Ihre Zufriedenheit und zielen darauf ab, einen problemlosen R\u00fcckgabe- und R\u00fcckerstattungsprozess zu bieten.<\/li><li><strong>Qualit\u00e4tssicherung:<\/strong> Unsere Produkte stammen von seri\u00f6sen Herstellern und unterliegen strengen Qualit\u00e4tspr\u00fcfungen.<\/li><li><strong>Transparente Richtlinien:<\/strong> Klare und einfache Politiken sorgen daf\u00fcr, dass Sie genau wissen, was zu erwarten ist.<\/li><\/ul><p>Wir sch\u00e4tzen Ihr Unternehmen und sind bem\u00fcht, Ihnen die besten Produkte und Dienstleistungen zu bieten. Danke f\u00fcr die Wahl von EINIMED.<\/p>\n\t\t\t\t\t<\/div>\n\t\t\t\t<\/div>\n\t\t\t\t<\/div>\n\t\t\t\t\t<\/div>\n\t\t\t\t<\/div>\n\t\t\t\t<\/div>","protected":false},"excerpt":{"rendered":"<p>Hassle-Free Refund and Returns Refund and Returns Policy At , we strive to ensure your complete satisfaction with our products<\/p>","protected":false},"author":1,"featured_media":0,"parent":0,"menu_order":0,"comment_status":"closed","ping_status":"closed","template":"","meta":{"footnotes":""},"class_list":["post-13","page","type-page","status-publish","hentry"],"_links":{"self":[{"href":"https:\/\/solararray.eu\/de\/wp-json\/wp\/v2\/pages\/13"}],"collection":[{"href":"https:\/\/solararray.eu\/de\/wp-json\/wp\/v2\/pages"}],"about":[{"href":"https:\/\/solararray.eu\/de\/wp-json\/wp\/v2\/types\/page"}],"author":[{"embeddable":true,"href":"https:\/\/solararray.eu\/de\/wp-json\/wp\/v2\/users\/1"}],"replies":[{"embeddable":true,"href":"https:\/\/solararray.eu\/de\/wp-json\/wp\/v2\/comments?post=13"}],"version-history":[{"count":8,"href":"https:\/\/solararray.eu\/de\/wp-json\/wp\/v2\/pages\/13\/revisions"}],"predecessor-version":[{"id":15949,"href":"https:\/\/solararray.eu\/de\/wp-json\/wp\/v2\/pages\/13\/revisions\/15949"}],"wp:attachment":[{"href":"https:\/\/solararray.eu\/de\/wp-json\/wp\/v2\/media?parent=13"}],"curies":[{"name":"wp","href":"https:\/\/api.w.org\/{rel}","templated":true}]}}