{"id":15655,"date":"2024-07-26T22:21:51","date_gmt":"2024-07-26T22:21:51","guid":{"rendered":"http:\/\/192.168.13.40\/?page_id=15655"},"modified":"2024-08-27T20:15:11","modified_gmt":"2024-08-27T20:15:11","slug":"privacy-policy","status":"publish","type":"page","link":"https:\/\/solararray.eu\/de\/datenschutz\/","title":{"rendered":"Datenschutz"},"content":{"rendered":"<div data-elementor-type=\"wp-page\" data-elementor-id=\"15655\" class=\"elementor elementor-15655\" data-elementor-post-type=\"page\">\n\t\t\t\t<div class=\"wd-negative-gap elementor-element elementor-element-b1c4abf e-flex e-con-boxed e-con e-parent\" data-id=\"b1c4abf\" data-element_type=\"container\">\n\t\t\t\t\t<div class=\"e-con-inner\">\n\t\t\t\t<div class=\"elementor-element elementor-element-a3b5a0c wd-width-100 elementor-widget elementor-widget-wd_title\" data-id=\"a3b5a0c\" data-element_type=\"widget\" data-widget_type=\"wd_title.default\">\n\t\t\t\t<div class=\"elementor-widget-container\">\n\t\t\t\t\t<div class=\"title-wrapper set-mb-s reset-last-child wd-title-color-default wd-title-style-default wd-title-size-default text-center\">\n\n\t\t\t\t\t\t\t<div class=\"title-subtitle subtitle-color-default subtitle-style-default wd-fontsize-xs\">\n\t\t\t\t\tSchutz Ihrer Privatsph\u00e4re\t\t\t\t<\/div>\n\t\t\t\n\t\t\t<div class=\"liner-continer\">\n\t\t\t\t<h4 class=\"woodmart-title-container title wd-fontsize-l\">Datenschutz<\/h4> \n\t\t\t\t\t\t\t<\/div>\n\n\t\t\t\t\t\t\t<div class=\"title-after_title set-cont-mb-s reset-last-child wd-fontsize-xs\">\n\t\t\t\t\t<p>Bei EINIMED verpflichten wir uns, Ihre Privatsph\u00e4re zu sch\u00fctzen und sicherzustellen, dass Ihre pers\u00f6nlichen Daten mit Sorgfalt behandelt werden. Diese Datenschutzerkl\u00e4rung beschreibt, wie wir Ihre Daten sammeln, nutzen, offenlegen und sch\u00fctzen, wenn Sie unsere Website besuchen oder unsere Dienste nutzen.<\/p>\t\t\t\t<\/div>\n\t\t\t\t\t<\/div>\n\t\t\t\t<\/div>\n\t\t\t\t<\/div>\n\t\t\t\t<div class=\"elementor-element elementor-element-13af83e elementor-widget elementor-widget-wd_text_block\" data-id=\"13af83e\" data-element_type=\"widget\" data-widget_type=\"wd_text_block.default\">\n\t\t\t\t<div class=\"elementor-widget-container\">\n\t\t\t\t\t<div class=\"wd-text-block reset-last-child text-left\">\n\t\t\t\n\t\t\t<h3>Wir sammeln<\/h3><p>Wir sammeln verschiedene Arten von Informationen, um unsere Dienstleistungen zu bieten und zu verbessern, einschlie\u00dflich:<\/p><h4>Pers\u00f6nliche Informationen<\/h4><ul><li><strong>Kontakt Informationen:<\/strong> Name, E-Mail-Adresse, Telefonnummer und Postanschrift.<\/li><li><strong>Kontoinformationen:<\/strong> Benutzername, Passwort und andere Authentifizierungsdetails.<\/li><li><strong>Zahlungsinformationen:<\/strong> Kreditkartendaten und Abrechnungsinformationen.<\/li><\/ul><h4>Nichtpers\u00f6nliche Informationen<\/h4><ul><li><strong>Nutzungsdaten:<\/strong> Informationen \u00c31\u20444ber den Zugriff und die Nutzung unserer Website und Dienstleistungen, einschlie\u00dflich IP-Adresse, Browsertyp und Betriebssystem.<\/li><li><strong>Cookies und Tracking Technologies:<\/strong> Daten, die \u00fcber Cookies und \u00e4hnliche Technologien gesammelt werden, um Ihr Surferlebnis zu verbessern.<\/li><\/ul><hr \/><h3>Wie wir Ihre Informationen nutzen<\/h3><p>Wir verwenden die Informationen, die wir f\u00fcr verschiedene Zwecke sammeln, einschlie\u00dflich:<\/p><h4>Um unsere Dienste zu bieten und zu pflegen<\/h4><ul><li>Abwicklung von Transaktionen und Verwaltung Ihrer Bestellungen.<\/li><li>Bereitstellung von Kundenunterst\u00fctzung und Reaktion auf Anfragen.<\/li><li>Personalisieren Sie Ihre Erfahrung auf unserer Website.<\/li><\/ul><h4>Unsere Dienstleistungen verbessern<\/h4><ul><li>Analyse von Nutzungsmustern zur Verbesserung der Website-Funktionalit\u00e4t.<\/li><li>Durchf\u00fchrung von Forschung und Entwicklung, um unsere Angebote zu verbessern.<\/li><\/ul><h4>Mit dir kommunizieren<\/h4><ul><li>Senden von Updates, Promotionen und Nachrichten im Zusammenhang mit unseren Dienstleistungen.<\/li><li>Informieren Sie sich \u00c31\u20444ber \u00c4nderungen unserer Richtlinien und Bedingungen.<\/li><\/ul><h4>Sicherheit sicherstellen<\/h4><ul><li>Schutz vor Betrug, unberechtigten Transaktionen und anderen Verbindlichkeiten.<\/li><li>Gew\u00e4hrleistung der Sicherheit unserer Website und Dienstleistungen.<\/li><\/ul><hr \/><h3>Ihre Informationen teilen<\/h3><p>Wir verkaufen, handeln oder vermieten Ihre personenbezogenen Daten an Dritte. Wir k\u00f6nnen Ihre Informationen jedoch unter folgenden Umst\u00e4nden teilen:<\/p><h4>Mit Service Providern<\/h4><ul><li>Wir k\u00f6nnen Informationen mit Drittanbietern teilen, die Dienstleistungen in unserem Auftrag durchf\u00fchren, z.B. Zahlungsabwicklung, Datenanalyse und Marketinghilfe.<\/li><\/ul><h4>F\u00fcr rechtliche Anforderungen<\/h4><ul><li>Wir k\u00f6nnen Ihre Informationen offenlegen, wenn dies gesetzlich vorgeschrieben ist oder auf g\u00fcltige Antr\u00e4ge der Beh\u00f6rden zutrifft.<\/li><\/ul><h4>Unternehmenstransfers<\/h4><ul><li>Im Falle eines Zusammenschlusses, Erwerbs oder Verkaufs von Verm\u00f6genswerten k\u00f6nnen Ihre Informationen im Rahmen der Gesch\u00e4ftstransaktion \u00fcbertragen werden.<\/li><\/ul><hr \/><h3>Datensicherheit<\/h3><p>Wir implementieren robuste Sicherheitsma\u00dfnahmen zum Schutz Ihrer personenbezogenen Daten, einschlie\u00dflich Verschl\u00fcsselung, Zugriffskontrollen und sicherer Datenspeicherung. W\u00e4hrend wir uns bem\u00fchen, Ihre Informationen zu sch\u00fctzen, ist kein Sicherheitssystem undurchf\u00fchrbar, und wir k\u00f6nnen die absolute Sicherheit Ihrer Daten nicht garantieren.<\/p><hr \/><h3>Ihre Datenschutzrechte<\/h3><p>Sie haben bestimmte Rechte in Bezug auf Ihre pers\u00f6nlichen Daten, einschlie\u00dflich:<\/p><h4>Zugriff und Korrektur<\/h4><ul><li>Sie haben das Recht auf Zugriff und Aktualisierung Ihrer personenbezogenen Daten. Sie k\u00f6nnen dies tun, indem Sie sich in Ihr Konto einloggen oder sich an unser Kundensupport-Team wenden.<\/li><\/ul><h4>Datenl\u00f6schung<\/h4><ul><li>Sie k\u00f6nnen die L\u00f6schung Ihrer personenbezogenen Daten verlangen. Bitte beachten Sie, dass wir bestimmte gesetzlich vorgeschriebene Informationen oder zu legitimen gesch\u00e4ftlichen Zwecken speichern k\u00f6nnen.<\/li><\/ul><h4>Ausstieg<\/h4><ul><li>Sie k\u00f6nnen sich f\u00fcr den Empfang von Marketing-Kommunikationen von uns entscheiden, indem Sie die in unseren E-Mails enthaltenen Abmelde-Anweisungen befolgen oder uns direkt kontaktieren.<\/li><\/ul><hr \/><h3>Cookies und Tracking Technologies<\/h3><p>Wir verwenden Cookies und \u00e4hnliche Tracking-Technologien, um Ihr Surferlebnis zu verbessern und Informationen \u00fcber Ihre Nutzungsmuster zu sammeln. Sie k\u00f6nnen die Verwendung von Cookies \u00fcber Ihre Browsereinstellungen steuern. Die Deaktivierung von Cookies kann jedoch die Funktionalit\u00e4t unserer Website beeintr\u00e4chtigen.<\/p><hr \/><h3>\u00c4nderungen an dieser Datenschutzerkl\u00e4rung<\/h3><p>Wir k\u00f6nnen diese Datenschutzerkl\u00e4rung von Zeit zu Zeit aktualisieren. Wir informieren Sie \u00fcber \u00c4nderungen, indem wir die neue Richtlinie auf unserer Website ver\u00f6ffentlichen. Sie werden empfohlen, diese Datenschutzerkl\u00e4rung regelm\u00e4\u00dfig f\u00fcr \u00c4nderungen zu \u00fcberpr\u00fcfen.<\/p><hr \/><h3>Kontaktieren Sie uns<\/h3><p>Wenn Sie Fragen zu dieser Datenschutzerkl\u00e4rung oder unseren Datenpraktiken haben, kontaktieren Sie uns bitte:<\/p><ul><li><strong>E-Mail:<\/strong> info@einimed.eu<\/li><\/ul><p>Bei EINIMED verpflichten wir uns, Ihre Privatsph\u00e4re zu sch\u00fctzen und die Sicherheit Ihrer personenbezogenen Daten sicherzustellen. Danke, dass Sie uns mit Ihren Daten vertraut haben.<\/p><hr \/><h3>Warum w\u00e4hlen Sie uns?<\/h3><ul><li><strong>Verpflichtung zu Datenschutz:<\/strong> Wir priorisieren Ihre Privatsph\u00e4re und stellen sicher, dass Ihre Daten mit gr\u00f6\u00dfter Sorgfalt behandelt werden.<\/li><li><strong>Transparenz:<\/strong> Wir bieten klare und unkomplizierte Richtlinien, um Ihnen zu helfen, zu verstehen, wie wir Ihre Informationen verwalten.<\/li><li><strong>Sicherheit:<\/strong> Wir implementieren robuste Sicherheitsma\u00dfnahmen zum Schutz Ihrer personenbezogenen Daten.<\/li><\/ul><p>Danke f\u00fcr die Wahl von EINIMED. Wir sch\u00e4tzen Ihr Vertrauen und widmen uns der Wahrung Ihrer Privatsph\u00e4re.<\/p>\n\t\t\t\t\t<\/div>\n\t\t\t\t<\/div>\n\t\t\t\t<\/div>\n\t\t\t\t\t<\/div>\n\t\t\t\t<\/div>\n\t\t\t\t<\/div>","protected":false},"excerpt":{"rendered":"<p>Schutz Ihrer Datenschutzerkl\u00e4rung Wir sind verpflichtet, Ihre Privatsph\u00e4re zu sch\u00fctzen und sicherzustellen, dass Ihre pers\u00f6nlichen Daten<\/p>","protected":false},"author":1,"featured_media":0,"parent":0,"menu_order":0,"comment_status":"closed","ping_status":"closed","template":"","meta":{"footnotes":""},"class_list":["post-15655","page","type-page","status-publish","hentry"],"_links":{"self":[{"href":"https:\/\/solararray.eu\/de\/wp-json\/wp\/v2\/pages\/15655"}],"collection":[{"href":"https:\/\/solararray.eu\/de\/wp-json\/wp\/v2\/pages"}],"about":[{"href":"https:\/\/solararray.eu\/de\/wp-json\/wp\/v2\/types\/page"}],"author":[{"embeddable":true,"href":"https:\/\/solararray.eu\/de\/wp-json\/wp\/v2\/users\/1"}],"replies":[{"embeddable":true,"href":"https:\/\/solararray.eu\/de\/wp-json\/wp\/v2\/comments?post=15655"}],"version-history":[{"count":10,"href":"https:\/\/solararray.eu\/de\/wp-json\/wp\/v2\/pages\/15655\/revisions"}],"predecessor-version":[{"id":15952,"href":"https:\/\/solararray.eu\/de\/wp-json\/wp\/v2\/pages\/15655\/revisions\/15952"}],"wp:attachment":[{"href":"https:\/\/solararray.eu\/de\/wp-json\/wp\/v2\/media?parent=15655"}],"curies":[{"name":"wp","href":"https:\/\/api.w.org\/{rel}","templated":true}]}}