{"id":15700,"date":"2024-07-26T23:29:54","date_gmt":"2024-07-26T23:29:54","guid":{"rendered":"http:\/\/192.168.13.40\/?page_id=15700"},"modified":"2024-07-28T22:46:03","modified_gmt":"2024-07-28T22:46:03","slug":"shipping-policy","status":"publish","type":"page","link":"https:\/\/solararray.eu\/de\/versandverfahren\/","title":{"rendered":"Versand"},"content":{"rendered":"<div data-elementor-type=\"wp-page\" data-elementor-id=\"15700\" class=\"elementor elementor-15700\" data-elementor-post-type=\"page\">\n\t\t\t\t<div class=\"wd-negative-gap elementor-element elementor-element-f664520 e-flex e-con-boxed e-con e-parent\" data-id=\"f664520\" data-element_type=\"container\">\n\t\t\t\t\t<div class=\"e-con-inner\">\n\t\t\t\t<div class=\"elementor-element elementor-element-74d6d03 wd-width-100 elementor-widget elementor-widget-wd_title\" data-id=\"74d6d03\" data-element_type=\"widget\" data-widget_type=\"wd_title.default\">\n\t\t\t\t<div class=\"elementor-widget-container\">\n\t\t\t\t\t<div class=\"title-wrapper set-mb-s reset-last-child wd-title-color-default wd-title-style-default wd-title-size-default text-center\">\n\n\t\t\t\t\t\t\t<div class=\"title-subtitle subtitle-color-default subtitle-style-default wd-fontsize-xs\">\n\t\t\t\t\tZuverl\u00e4ssige und effiziente Lieferl\u00f6sungen\t\t\t\t<\/div>\n\t\t\t\n\t\t\t<div class=\"liner-continer\">\n\t\t\t\t<h4 class=\"woodmart-title-container title wd-fontsize-l\">Versand<\/h4> \n\t\t\t\t\t\t\t<\/div>\n\n\t\t\t\t\t\t\t<div class=\"title-after_title set-cont-mb-s reset-last-child wd-fontsize-xs\">\n\t\t\t\t\t<p>Bei EINIMED bem\u00fchen wir uns, sicherzustellen, dass Ihre Bestellungen schnell und sicher geliefert werden. Unsere umfassende Versandpolitik beschreibt die Methoden, gesch\u00e4tzte Lieferzeiten, Kosten und zus\u00e4tzliche Informationen, um Ihnen ein reibungsloses und befriedigendes Einkaufserlebnis zu bieten.<\/p>\t\t\t\t<\/div>\n\t\t\t\t\t<\/div>\n\t\t\t\t<\/div>\n\t\t\t\t<\/div>\n\t\t\t\t<div class=\"elementor-element elementor-element-3fe77ef elementor-widget elementor-widget-wd_text_block\" data-id=\"3fe77ef\" data-element_type=\"widget\" data-widget_type=\"wd_text_block.default\">\n\t\t\t\t<div class=\"elementor-widget-container\">\n\t\t\t\t\t<div class=\"wd-text-block reset-last-child text-left\">\n\t\t\t\n\t\t\t<h3>Versand<\/h3><h4>Versandmethoden und Tr\u00e4ger<\/h4><p>Wir bem\u00fchen uns, sicherzustellen, dass Ihre Bestellungen sofort und sicher geliefert werden. Wir verwenden seri\u00f6se Transportunternehmen, um unsere Produkte zu liefern, einschlie\u00dflich, aber nicht beschr\u00e4nkt auf:<\/p><ul><li><strong>DPD<\/strong><\/li><li><strong>Lokale Postdienste<\/strong><\/li><\/ul><p>Die Wahl des Tr\u00e4gers h\u00e4ngt von der Bestimmung, der Versandart und der Art der bestellten Gegenst\u00e4nde ab. Durch die Auswahl einer Versandmethode akzeptieren Sie die Versandpolitik der jeweiligen Lieferfirma.<\/p><hr \/><h3>Gesch\u00e4tzte Lieferzeiten<\/h3><p>Die gesch\u00e4tzten Lieferzeiten variieren je nach Standort und gew\u00e4hlter Versandart:<\/p><ul><li><strong>Standard Versand:<\/strong> 3-7 werktage<\/li><li><strong>Express Versand:<\/strong> 1-3 werktage<\/li><li><strong>Overnight Shipping:<\/strong> 1 werktage (verf\u00fcgbar in ausgew\u00e4hlten standorten)<\/li><\/ul><p>Bitte beachten Sie, dass diese Sch\u00e4tzungen von den Luftfahrtunternehmen bereitgestellt werden und von Faktoren wie Wetter, Urlaub und Zollverz\u00f6gerungen betroffen sein k\u00f6nnen.<\/p><hr \/><h3>Versandkosten und Bearbeitungsgeb\u00fchren<\/h3><p>Die Versandkosten werden basierend auf Gewicht, Abmessungen und Ziel Ihrer Bestellung berechnet. Die gesamten Versandkosten werden beim Checkout angezeigt, bevor Sie Ihren Kauf abschlie\u00dfen. Die Bearbeitungsgeb\u00fchren sind gegebenenfalls in den Versandkosten enthalten.<\/p><hr \/><h3>Internationaler Versand<\/h3><p>Wir freuen uns, den internationalen Versand an verschiedene Reiseziele au\u00dferhalb der EU anzubieten. Internationale Versandkosten und Lieferzeiten variieren je nach Zielland. Die Versandkosten f\u00fcr internationale Bestellungen werden auch nach Gewicht und Ziel Ihrer Bestellung berechnet und w\u00e4hrend des Checkouts angezeigt.<\/p><ul><li><strong>International Standard Versand:<\/strong> 7 gesch\u00e4ftstage<\/li><li><strong>International Express Shipping:<\/strong> 3-7 werktage<\/li><\/ul><p>Beachten Sie bitte, dass internationale Bestellungen zus\u00e4tzlichen Z\u00f6llen, Steuern und Geb\u00fchren unterliegen k\u00f6nnen, die f\u00fcr den Empf\u00e4nger verantwortlich sind. Wir empfehlen Ihnen, mit Ihrer lokalen Zollstelle weitere Informationen \u00fcber m\u00f6gliche Geb\u00fchren zu \u00fcberpr\u00fcfen.<\/p><hr \/><h3>Weitere Informationen<\/h3><h4>Auftragsbearbeitung<\/h4><p>Bestellungen werden in der Regel innerhalb von 1-2 Werktagen verarbeitet. Sie erhalten eine Best\u00e4tigungs-E-Mail, sobald Ihre Bestellung versendet wurde, einschlie\u00dflich Tracking-Informationen, wenn verf\u00fcgbar.<\/p><h4>Tracking<\/h4><p>Die meisten Sendungen umfassen Tracking. Sie erhalten eine Tracking-Nummer, sobald Ihre Bestellung versandt wurde, sodass Sie den Fortschritt Ihrer Lieferung \u00fcberwachen k\u00f6nnen.<\/p><h4>Lieferungsfragen<\/h4><p>Wenn Sie Probleme mit Ihrer Lieferung haben, kontaktieren Sie bitte unser Kundenservice-Team so schnell wie m\u00f6glich. Wir werden mit dem Tr\u00e4ger zusammenarbeiten, um das Problem umgehend zu l\u00f6sen.<\/p><h4>Backorden<\/h4><p>Bitte beachten Sie, dass diese Versandrichtlinie nur f\u00fcr Produkte gilt, die derzeit auf Lager sind. Ist ein Produkt auf Bestellung, gilt diese Richtlinie nicht, und das Produkt wird geliefert, sobald es verf\u00fcgbar wird.<\/p><hr \/><h3>Kontaktieren Sie uns<\/h3><p>F\u00fcr Fragen oder Bedenken bez\u00fcglich unserer Versandpolitik wenden Sie sich bitte an unser Kundenservice-Team:<\/p><ul><li><strong>E-Mail:<\/strong> info@einimed.eu<\/li><\/ul><p>Wir sind hier, um Ihnen zu helfen und sicherzustellen, dass Ihr Einkaufserlebnis reibungslos und zufriedenstellend ist.<\/p>\n\t\t\t\t\t<\/div>\n\t\t\t\t<\/div>\n\t\t\t\t<\/div>\n\t\t\t\t\t<\/div>\n\t\t\t\t<\/div>\n\t\t\t\t<\/div>","protected":false},"excerpt":{"rendered":"<p>Reliable and Efficient Delivery Solutions Shipping Policy At , we strive to ensure that your orders are delivered promptly and<\/p>","protected":false},"author":1,"featured_media":0,"parent":0,"menu_order":0,"comment_status":"closed","ping_status":"closed","template":"","meta":{"footnotes":""},"class_list":["post-15700","page","type-page","status-publish","hentry"],"_links":{"self":[{"href":"https:\/\/solararray.eu\/de\/wp-json\/wp\/v2\/pages\/15700"}],"collection":[{"href":"https:\/\/solararray.eu\/de\/wp-json\/wp\/v2\/pages"}],"about":[{"href":"https:\/\/solararray.eu\/de\/wp-json\/wp\/v2\/types\/page"}],"author":[{"embeddable":true,"href":"https:\/\/solararray.eu\/de\/wp-json\/wp\/v2\/users\/1"}],"replies":[{"embeddable":true,"href":"https:\/\/solararray.eu\/de\/wp-json\/wp\/v2\/comments?post=15700"}],"version-history":[{"count":13,"href":"https:\/\/solararray.eu\/de\/wp-json\/wp\/v2\/pages\/15700\/revisions"}],"predecessor-version":[{"id":15962,"href":"https:\/\/solararray.eu\/de\/wp-json\/wp\/v2\/pages\/15700\/revisions\/15962"}],"wp:attachment":[{"href":"https:\/\/solararray.eu\/de\/wp-json\/wp\/v2\/media?parent=15700"}],"curies":[{"name":"wp","href":"https:\/\/api.w.org\/{rel}","templated":true}]}}