{"id":15770,"date":"2024-07-27T22:51:33","date_gmt":"2024-07-27T22:51:33","guid":{"rendered":"http:\/\/192.168.13.40\/?page_id=15770"},"modified":"2025-07-11T13:24:48","modified_gmt":"2025-07-11T13:24:48","slug":"installation-setup","status":"publish","type":"page","link":"https:\/\/solararray.eu\/de\/installation\/","title":{"rendered":"Installation und Inbetriebnahme"},"content":{"rendered":"<div data-elementor-type=\"wp-page\" data-elementor-id=\"15770\" class=\"elementor elementor-15770\" data-elementor-post-type=\"page\">\n\t\t\t\t<div class=\"wd-negative-gap elementor-element elementor-element-23e316a3 e-flex e-con-boxed e-con e-parent\" data-id=\"23e316a3\" data-element_type=\"container\">\n\t\t\t\t\t<div class=\"e-con-inner\">\n\t\t\t\t<div class=\"elementor-element elementor-element-c9b2725 wd-width-100 elementor-widget elementor-widget-wd_title\" data-id=\"c9b2725\" data-element_type=\"widget\" data-widget_type=\"wd_title.default\">\n\t\t\t\t<div class=\"elementor-widget-container\">\n\t\t\t\t\t<div class=\"title-wrapper set-mb-s reset-last-child wd-title-color-default wd-title-style-default wd-title-size-default text-center\">\n\n\t\t\t\t\t\t\t<div class=\"title-subtitle subtitle-color-default subtitle-style-default wd-fontsize-xs\">\n\t\t\t\t\tSichern Sie nahtlose Operationen mit Expert Installation &amp; Setup\t\t\t\t<\/div>\n\t\t\t\n\t\t\t<div class=\"liner-continer\">\n\t\t\t\t<h4 class=\"woodmart-title-container title wd-fontsize-l\">Umfassende Installations- und Setup-Services<\/h4> \n\t\t\t\t\t\t\t<\/div>\n\n\t\t\t\t\t\t\t<div class=\"title-after_title set-cont-mb-s reset-last-child wd-fontsize-xs\">\n\t\t\t\t\t<p>At <strong>Solararray<\/strong>, we understand that the successful deployment of energy technologies depends on proper installation and setup. Our Installation &amp; Setup services are designed to ensure your energy systems\u2014whether storage, solar, grid, or hybrid solutions\u2014are installed correctly and efficiently, enabling optimal performance from day one. Whether you are implementing new systems or upgrading existing infrastructure, our expert team is here to provide the support you need.<\/p>\t\t\t\t<\/div>\n\t\t\t\t\t<\/div>\n\t\t\t\t<\/div>\n\t\t\t\t<\/div>\n\t\t\t\t<div class=\"elementor-element elementor-element-304df204 color-scheme-inherit text-left elementor-widget elementor-widget-text-editor\" data-id=\"304df204\" data-element_type=\"widget\" data-widget_type=\"text-editor.default\">\n\t\t\t\t<div class=\"elementor-widget-container\">\n\t\t\t<style>\/*! elementor - v3.23.0 - 05-08-2024 *\/\n.elementor-widget-text-editor.elementor-drop-cap-view-stacked .elementor-drop-cap{background-color:#69727d;color:#fff}.elementor-widget-text-editor.elementor-drop-cap-view-framed .elementor-drop-cap{color:#69727d;border:3px solid;background-color:transparent}.elementor-widget-text-editor:not(.elementor-drop-cap-view-default) .elementor-drop-cap{margin-top:8px}.elementor-widget-text-editor:not(.elementor-drop-cap-view-default) .elementor-drop-cap-letter{width:1em;height:1em}.elementor-widget-text-editor .elementor-drop-cap{float:left;text-align:center;line-height:1;font-size:50px}.elementor-widget-text-editor .elementor-drop-cap-letter{display:inline-block}<\/style>\t\t\t\t<!-- wp:paragraph -->\n<h3 data-start=\"747\" data-end=\"763\">Unsere Dienstleistungen<\/h3>\n<p data-start=\"765\" data-end=\"1001\"><strong data-start=\"765\" data-end=\"794\">Professionelle Installation<\/strong><br data-start=\"794\" data-end=\"797\" \/>We offer professional installation services for a wide range of energy systems and equipment. Our skilled technicians ensure every solution is installed to the highest industry and manufacturer standards.<\/p>\n<p data-start=\"1003\" data-end=\"1018\"><strong data-start=\"1003\" data-end=\"1016\">Vorteile:<\/strong><\/p>\n<ul data-start=\"1019\" data-end=\"1296\">\n<li data-start=\"1019\" data-end=\"1117\">\n<p data-start=\"1021\" data-end=\"1117\"><strong data-start=\"1021\" data-end=\"1036\">F\u00fcr Marken:<\/strong> Guarantees products are installed to manufacturer and regulatory requirements.<\/p>\n<\/li>\n<li data-start=\"1118\" data-end=\"1210\">\n<p data-start=\"1120\" data-end=\"1210\"><strong data-start=\"1120\" data-end=\"1149\">For Utilities &amp; Industry:<\/strong> Professional setup reduces downtime and operational risks.<\/p>\n<\/li>\n<li data-start=\"1211\" data-end=\"1296\">\n<p data-start=\"1213\" data-end=\"1296\"><strong data-start=\"1213\" data-end=\"1243\">For Installers &amp; Partners:<\/strong> Reliable installation ensures long-term performance.<\/p>\n<\/li>\n<\/ul>\n<hr data-start=\"1298\" data-end=\"1301\" \/>\n<p data-start=\"1303\" data-end=\"1512\"><strong data-start=\"1303\" data-end=\"1336\">Erster Aufbau und Konfiguration<\/strong><br data-start=\"1336\" data-end=\"1339\" \/>Our team provides comprehensive setup and configuration services, customizing system settings to your needs and ensuring all parameters are optimized for maximum efficiency.<\/p>\n<p data-start=\"1514\" data-end=\"1529\"><strong data-start=\"1514\" data-end=\"1527\">Vorteile:<\/strong><\/p>\n<ul data-start=\"1530\" data-end=\"1819\">\n<li data-start=\"1530\" data-end=\"1624\">\n<p data-start=\"1532\" data-end=\"1624\"><strong data-start=\"1532\" data-end=\"1547\">F\u00fcr Marken:<\/strong> Proper configuration enhances product functionality and user satisfaction.<\/p>\n<\/li>\n<li data-start=\"1625\" data-end=\"1722\">\n<p data-start=\"1627\" data-end=\"1722\"><strong data-start=\"1627\" data-end=\"1656\">For Utilities &amp; Industry:<\/strong> Tailored setup improves operational efficiency and integration.<\/p>\n<\/li>\n<li data-start=\"1723\" data-end=\"1819\">\n<p data-start=\"1725\" data-end=\"1819\"><strong data-start=\"1725\" data-end=\"1755\">For Installers &amp; Partners:<\/strong> Optimized system settings ensure usability and project success.<\/p>\n<\/li>\n<\/ul>\n<hr data-start=\"1821\" data-end=\"1824\" \/>\n<p data-start=\"1826\" data-end=\"2036\"><strong data-start=\"1826\" data-end=\"1843\">Benutzerschulung<\/strong><br data-start=\"1843\" data-end=\"1846\" \/>We offer training sessions to ensure your team is fully proficient in operating new energy systems. Our training covers all operational aspects and best practices for safety and performance.<\/p>\n<p data-start=\"2038\" data-end=\"2053\"><strong data-start=\"2038\" data-end=\"2051\">Vorteile:<\/strong><\/p>\n<ul data-start=\"2054\" data-end=\"2312\">\n<li data-start=\"2054\" data-end=\"2129\">\n<p data-start=\"2056\" data-end=\"2129\"><strong data-start=\"2056\" data-end=\"2071\">F\u00fcr Marken:<\/strong> Trained users operate equipment safely and efficiently.<\/p>\n<\/li>\n<li data-start=\"2130\" data-end=\"2218\">\n<p data-start=\"2132\" data-end=\"2218\"><strong data-start=\"2132\" data-end=\"2161\">For Utilities &amp; Industry:<\/strong> Staff training reduces errors and boosts productivity.<\/p>\n<\/li>\n<li data-start=\"2219\" data-end=\"2312\">\n<p data-start=\"2221\" data-end=\"2312\"><strong data-start=\"2221\" data-end=\"2251\">For Installers &amp; Partners:<\/strong> Enhanced skills and confidence in managing advanced systems.<\/p>\n<\/li>\n<\/ul>\n<hr data-start=\"2314\" data-end=\"2317\" \/>\n<p data-start=\"2319\" data-end=\"2551\"><strong data-start=\"2319\" data-end=\"2356\">Integration mit bestehenden Systemen<\/strong><br data-start=\"2356\" data-end=\"2359\" \/>We ensure new installations integrate seamlessly with your existing infrastructure, software, and network configurations. Our integration services guarantee compatibility and smooth operation.<\/p>\n<p data-start=\"2553\" data-end=\"2568\"><strong data-start=\"2553\" data-end=\"2566\">Vorteile:<\/strong><\/p>\n<ul data-start=\"2569\" data-end=\"2840\">\n<li data-start=\"2569\" data-end=\"2646\">\n<p data-start=\"2571\" data-end=\"2646\"><strong data-start=\"2571\" data-end=\"2586\">F\u00fcr Marken:<\/strong> Ensures products work harmoniously within client systems.<\/p>\n<\/li>\n<li data-start=\"2647\" data-end=\"2764\">\n<p data-start=\"2649\" data-end=\"2764\"><strong data-start=\"2649\" data-end=\"2678\">For Utilities &amp; Industry:<\/strong> Seamless integration minimizes disruptions and enhances overall system performance.<\/p>\n<\/li>\n<li data-start=\"2765\" data-end=\"2840\">\n<p data-start=\"2767\" data-end=\"2840\"><strong data-start=\"2767\" data-end=\"2797\">For Installers &amp; Partners:<\/strong> Unified operation of all energy solutions.<\/p>\n<\/li>\n<\/ul>\n<hr data-start=\"2842\" data-end=\"2845\" \/>\n<p data-start=\"2847\" data-end=\"3054\"><strong data-start=\"2847\" data-end=\"2871\">Pr\u00fcfung &amp; Validierung<\/strong><br data-start=\"2871\" data-end=\"2874\" \/>Our team conducts thorough testing and validation to confirm all installed systems meet performance and safety standards. This includes functional, efficiency, and security checks.<\/p>\n<p data-start=\"3056\" data-end=\"3071\"><strong data-start=\"3056\" data-end=\"3069\">Vorteile:<\/strong><\/p>\n<ul data-start=\"3072\" data-end=\"3333\">\n<li data-start=\"3072\" data-end=\"3152\">\n<p data-start=\"3074\" data-end=\"3152\"><strong data-start=\"3074\" data-end=\"3089\">F\u00fcr Marken:<\/strong> Confirms products meet all performance claims and standards.<\/p>\n<\/li>\n<li data-start=\"3153\" data-end=\"3242\">\n<p data-start=\"3155\" data-end=\"3242\"><strong data-start=\"3155\" data-end=\"3184\">For Utilities &amp; Industry:<\/strong> Ensures systems are safe, efficient, and ready for use.<\/p>\n<\/li>\n<li data-start=\"3243\" data-end=\"3333\">\n<p data-start=\"3245\" data-end=\"3333\"><strong data-start=\"3245\" data-end=\"3275\">For Installers &amp; Partners:<\/strong> Confidence in system reliability and optimal performance.<\/p>\n<\/li>\n<\/ul>\n<hr data-start=\"3335\" data-end=\"3338\" \/>\n<p data-start=\"3340\" data-end=\"3536\"><strong data-start=\"3340\" data-end=\"3359\">Weiterf\u00fchrende Unterst\u00fctzung<\/strong><br data-start=\"3359\" data-end=\"3362\" \/>We provide ongoing post-installation support to address any issues or questions that arise. Our responsive team ensures your energy systems continue to operate at their best.<\/p>\n<p data-start=\"3538\" data-end=\"3553\"><strong data-start=\"3538\" data-end=\"3551\">Vorteile:<\/strong><\/p>\n<ul data-start=\"3554\" data-end=\"3791\">\n<li data-start=\"3554\" data-end=\"3618\">\n<p data-start=\"3556\" data-end=\"3618\"><strong data-start=\"3556\" data-end=\"3571\">F\u00fcr Marken:<\/strong> Sustained customer satisfaction and support.<\/p>\n<\/li>\n<li data-start=\"3619\" data-end=\"3704\">\n<p data-start=\"3621\" data-end=\"3704\"><strong data-start=\"3621\" data-end=\"3650\">For Utilities &amp; Industry:<\/strong> Zuverl\u00e4ssige Unterst\u00fctzung f\u00fcr alle einrichtungsbezogenen Anliegen.<\/p>\n<\/li>\n<li data-start=\"3705\" data-end=\"3791\">\n<p data-start=\"3707\" data-end=\"3791\"><strong data-start=\"3707\" data-end=\"3737\">For Installers &amp; Partners:<\/strong> Continuous access to expert help and troubleshooting.<\/p>\n<\/li>\n<\/ul>\n<hr data-start=\"3793\" data-end=\"3796\" \/>\n<h2 data-start=\"3798\" data-end=\"3815\">Warum w\u00e4hlen Sie uns?<\/h2>\n<p data-start=\"3817\" data-end=\"4033\"><strong data-start=\"3817\" data-end=\"3843\">Kompetenz &amp; Erfahrung<\/strong><br data-start=\"3843\" data-end=\"3846\" \/>Our technicians bring years of experience in the installation and setup of energy systems. We combine technical knowledge with deep industry understanding to deliver high-quality service.<\/p>\n<p data-start=\"4035\" data-end=\"4204\"><strong data-start=\"4035\" data-end=\"4057\">Ma\u00dfgeschneiderte L\u00f6sungen<\/strong><br data-start=\"4057\" data-end=\"4060\" \/>We customize our installation and setup services to your specific systems and facility requirements, ensuring optimal outcomes and satisfaction.<\/p>\n<p data-start=\"4206\" data-end=\"4396\"><strong data-start=\"4206\" data-end=\"4233\">Umfassende L\u00f6sungen<\/strong><br data-start=\"4233\" data-end=\"4236\" \/>From initial installation to ongoing support, we offer a complete spectrum of services to ensure your energy infrastructure is set up and operating efficiently.<\/p>\n<p data-start=\"4398\" data-end=\"4599\"><strong data-start=\"4398\" data-end=\"4416\">Erfolg bew\u00e4hrt<\/strong><br data-start=\"4416\" data-end=\"4419\" \/>Our successful track record in providing reliable installation and setup services speaks for itself. We have helped numerous clients ensure their systems are ready for optimal use.<\/p>\n<hr data-start=\"4601\" data-end=\"4604\" \/>\n<h2 data-start=\"4606\" data-end=\"4619\">Kontaktieren Sie uns<\/h2>\n<p data-start=\"4621\" data-end=\"4978\">Bereit, nahtlose Operationen mit kompetenten Installations- und Setup-Services zu gew\u00e4hrleisten? Kontaktieren Sie unser Team heute, um eine Beratung zu planen. F\u00fcllen Sie das Kontaktformular auf unserer Website aus, und wir werden folgen, um ein Treffen oder Teams rufen, um Ihre Bed\u00fcrfnisse zu diskutieren. Wir freuen uns darauf, Ihnen dabei zu helfen, Ihre Installationsziele mit ma\u00dfgeschneiderten L\u00f6sungen zu erreichen, die f\u00fcr Sie arbeiten.<\/p>\n<p data-start=\"4980\" data-end=\"5198\">At <strong data-start=\"4983\" data-end=\"4997\">Solararray<\/strong>, we are dedicated to providing expert installation and setup services that support your success. Let us help you deploy your energy systems smoothly and reliably. Contact us at <strong data-start=\"5175\" data-end=\"5197\"><a class=\"cursor-pointer\" rel=\"noopener\" data-start=\"5177\" data-end=\"5195\">info@solararray.eu<\/a><\/strong>.<\/p>\n<!-- \/wp:paragraph -->\t\t\t\t\t\t<\/div>\n\t\t\t\t<\/div>\n\t\t\t\t\t<\/div>\n\t\t\t\t<\/div>\n\t\t\t\t<\/div>","protected":false},"excerpt":{"rendered":"<p>Ensure Seamless Operations with Expert Installation &amp; Setup Comprehensive Installation &amp; Setup Services At Solararray, we understand that the successful<\/p>","protected":false},"author":1,"featured_media":0,"parent":0,"menu_order":0,"comment_status":"closed","ping_status":"closed","template":"","meta":{"footnotes":""},"class_list":["post-15770","page","type-page","status-publish","hentry"],"_links":{"self":[{"href":"https:\/\/solararray.eu\/de\/wp-json\/wp\/v2\/pages\/15770"}],"collection":[{"href":"https:\/\/solararray.eu\/de\/wp-json\/wp\/v2\/pages"}],"about":[{"href":"https:\/\/solararray.eu\/de\/wp-json\/wp\/v2\/types\/page"}],"author":[{"embeddable":true,"href":"https:\/\/solararray.eu\/de\/wp-json\/wp\/v2\/users\/1"}],"replies":[{"embeddable":true,"href":"https:\/\/solararray.eu\/de\/wp-json\/wp\/v2\/comments?post=15770"}],"version-history":[{"count":7,"href":"https:\/\/solararray.eu\/de\/wp-json\/wp\/v2\/pages\/15770\/revisions"}],"predecessor-version":[{"id":18244,"href":"https:\/\/solararray.eu\/de\/wp-json\/wp\/v2\/pages\/15770\/revisions\/18244"}],"wp:attachment":[{"href":"https:\/\/solararray.eu\/de\/wp-json\/wp\/v2\/media?parent=15770"}],"curies":[{"name":"wp","href":"https:\/\/api.w.org\/{rel}","templated":true}]}}