{"id":15805,"date":"2024-07-28T10:13:33","date_gmt":"2024-07-28T10:13:33","guid":{"rendered":"http:\/\/192.168.13.40\/?page_id=15805"},"modified":"2025-07-11T13:10:11","modified_gmt":"2025-07-11T13:10:11","slug":"sourcing-consultation","status":"publish","type":"page","link":"https:\/\/solararray.eu\/de\/beschaffungsberatung\/","title":{"rendered":"Sourcing &amp; Beratung"},"content":{"rendered":"<div data-elementor-type=\"wp-page\" data-elementor-id=\"15805\" class=\"elementor elementor-15805\" data-elementor-post-type=\"page\">\n\t\t\t\t<div class=\"wd-negative-gap elementor-element elementor-element-5383ec6 e-flex e-con-boxed e-con e-parent\" data-id=\"5383ec6\" data-element_type=\"container\">\n\t\t\t\t\t<div class=\"e-con-inner\">\n\t\t\t\t<div class=\"elementor-element elementor-element-e322e7d wd-width-100 elementor-widget elementor-widget-wd_title\" data-id=\"e322e7d\" data-element_type=\"widget\" data-widget_type=\"wd_title.default\">\n\t\t\t\t<div class=\"elementor-widget-container\">\n\t\t\t\t\t<div class=\"title-wrapper set-mb-s reset-last-child wd-title-color-default wd-title-style-default wd-title-size-default text-center\">\n\n\t\t\t\t\t\t\t<div class=\"title-subtitle subtitle-color-default subtitle-style-default wd-fontsize-xs\">\n\t\t\t\t\tMa\u00dfgeschneiderte L\u00f6sungen f\u00fcr Ihre Beschaffungsbed\u00fcrfnisse\t\t\t\t<\/div>\n\t\t\t\n\t\t\t<div class=\"liner-continer\">\n\t\t\t\t<h4 class=\"woodmart-title-container title wd-fontsize-l\">Tech Sourcing &amp; Beratung<\/h4> \n\t\t\t\t\t\t\t<\/div>\n\n\t\t\t\t\t\t\t<div class=\"title-after_title set-cont-mb-s reset-last-child wd-fontsize-xs\">\n\t\t\t\t\t<p>At <strong>Solararray<\/strong>, we understand the complexities involved in procuring new energy systems and preparing tenders. Our Tech Sourcing &amp; Consultation services are designed to assist utilities, businesses, and institutions in finding the best energy and storage solutions while navigating the procurement process. Whether you need support with sourcing state-of-the-art energy technologies or expert advice on the latest advancements in energy storage, our experienced team is here to guide you every step of the way.<\/p>\t\t\t\t<\/div>\n\t\t\t\t\t<\/div>\n\t\t\t\t<\/div>\n\t\t\t\t<\/div>\n\t\t\t\t<div class=\"elementor-element elementor-element-68d8e31 elementor-widget elementor-widget-wd_text_block\" data-id=\"68d8e31\" data-element_type=\"widget\" data-widget_type=\"wd_text_block.default\">\n\t\t\t\t<div class=\"elementor-widget-container\">\n\t\t\t\t\t<div class=\"wd-text-block reset-last-child text-left\">\n\t\t\t\n\t\t\t<h2 data-start=\"177\" data-end=\"192\">Unsere Dienstleistungen<\/h2><h3 data-start=\"194\" data-end=\"224\">Personalisierte Beratungen<\/h3><p data-start=\"226\" data-end=\"475\">Our experienced consultants collaborate with your team to understand your specific procurement needs and objectives. We conduct thorough assessments to identify the best energy and storage technology solutions that meet your requirements and budget.<\/p><p data-start=\"477\" data-end=\"490\"><strong data-start=\"477\" data-end=\"490\">Vorteile:<\/strong><\/p><ul data-start=\"491\" data-end=\"760\"><li data-start=\"491\" data-end=\"576\"><p data-start=\"493\" data-end=\"576\"><strong data-start=\"493\" data-end=\"508\">F\u00fcr Marken:<\/strong> Ensures optimal placement and utilization of your energy solutions.<\/p><\/li><li data-start=\"577\" data-end=\"666\"><p data-start=\"579\" data-end=\"666\"><strong data-start=\"579\" data-end=\"608\">For Utilities &amp; Industry:<\/strong> Tailored recommendations that fit your operational needs.<\/p><\/li><li data-start=\"667\" data-end=\"760\"><p data-start=\"669\" data-end=\"760\"><strong data-start=\"669\" data-end=\"696\">For Project Developers:<\/strong> Access to innovative systems that maximize project performance.<\/p><\/li><\/ul><hr data-start=\"762\" data-end=\"765\" \/><h3 data-start=\"767\" data-end=\"800\">Unterst\u00fctzung der Ausschreibungsvorbereitung<\/h3><p data-start=\"802\" data-end=\"1145\">Navigating the tender process in the energy sector can be challenging. We offer comprehensive support in preparing tenders, including drafting technical specifications, evaluating technology options, and ensuring compliance with regulatory standards. Our goal is to help you submit successful bids that stand out in competitive energy markets.<\/p><p data-start=\"1147\" data-end=\"1160\"><strong data-start=\"1147\" data-end=\"1160\">Vorteile:<\/strong><\/p><ul data-start=\"1161\" data-end=\"1433\"><li data-start=\"1161\" data-end=\"1245\"><p data-start=\"1163\" data-end=\"1245\"><strong data-start=\"1163\" data-end=\"1178\">F\u00fcr Marken:<\/strong> Improved chances of winning tenders and expanding market presence.<\/p><\/li><li data-start=\"1246\" data-end=\"1345\"><p data-start=\"1248\" data-end=\"1345\"><strong data-start=\"1248\" data-end=\"1277\">For Utilities &amp; Industry:<\/strong> Assistance in acquiring the best energy storage and grid solutions.<\/p><\/li><li data-start=\"1346\" data-end=\"1433\"><p data-start=\"1348\" data-end=\"1433\"><strong data-start=\"1348\" data-end=\"1367\">For Installers:<\/strong> Streamlined procurement leading to optimal technology deployment.<\/p><\/li><\/ul><hr data-start=\"1435\" data-end=\"1438\" \/><h3 data-start=\"1440\" data-end=\"1463\">Technologie Sauering<\/h3><p data-start=\"1465\" data-end=\"1716\">We leverage our extensive network and industry expertise to source the best energy technologies from leading manufacturers. Our team ensures you have access to the latest advancements and innovations, tailored to your institution's or project's needs.<\/p><p data-start=\"1718\" data-end=\"1731\"><strong data-start=\"1718\" data-end=\"1731\">Vorteile:<\/strong><\/p><ul data-start=\"1732\" data-end=\"1983\"><li data-start=\"1732\" data-end=\"1811\"><p data-start=\"1734\" data-end=\"1811\"><strong data-start=\"1734\" data-end=\"1749\">F\u00fcr Marken:<\/strong> Wider reach and distribution of advanced energy technologies.<\/p><\/li><li data-start=\"1812\" data-end=\"1900\"><p data-start=\"1814\" data-end=\"1900\"><strong data-start=\"1814\" data-end=\"1843\">For Utilities &amp; Industry:<\/strong> Access to the latest and most efficient power solutions.<\/p><\/li><li data-start=\"1901\" data-end=\"1983\"><p data-start=\"1903\" data-end=\"1983\"><strong data-start=\"1903\" data-end=\"1922\">For Installers:<\/strong> Enhanced capability to deliver reliable and modern projects.<\/p><\/li><\/ul><hr data-start=\"1985\" data-end=\"1988\" \/><h3 data-start=\"1990\" data-end=\"2015\">Optimierung des Workflows<\/h3><p data-start=\"2017\" data-end=\"2300\">Efficiency is key to successful energy project implementation. Our experts analyze your current workflows and recommend solutions to streamline operations, enhance productivity, and maximize returns. By optimizing your processes, we help you gain the full benefits of new technology.<\/p><p data-start=\"2302\" data-end=\"2315\"><strong data-start=\"2302\" data-end=\"2315\">Vorteile:<\/strong><\/p><ul data-start=\"2316\" data-end=\"2548\"><li data-start=\"2316\" data-end=\"2388\"><p data-start=\"2318\" data-end=\"2388\"><strong data-start=\"2318\" data-end=\"2333\">F\u00fcr Marken:<\/strong> Better integration of products into client operations.<\/p><\/li><li data-start=\"2389\" data-end=\"2476\"><p data-start=\"2391\" data-end=\"2476\"><strong data-start=\"2391\" data-end=\"2420\">For Utilities &amp; Industry:<\/strong> Streamlined project execution and increased efficiency.<\/p><\/li><li data-start=\"2477\" data-end=\"2548\"><p data-start=\"2479\" data-end=\"2548\"><strong data-start=\"2479\" data-end=\"2498\">For Installers:<\/strong> Smoother workflows and improved project outcomes.<\/p><\/li><\/ul><hr data-start=\"2550\" data-end=\"2553\" \/><h3 data-start=\"2555\" data-end=\"2582\">Raumplanung &amp; Design<\/h3><p data-start=\"2584\" data-end=\"2823\">Proper planning is essential for seamless technology integration. Our space planning and design services ensure that your new energy systems are installed for maximum performance and safety, supporting optimal workflow for your operations.<\/p><p data-start=\"2825\" data-end=\"2838\"><strong data-start=\"2825\" data-end=\"2838\">Vorteile:<\/strong><\/p><ul data-start=\"2839\" data-end=\"3064\"><li data-start=\"2839\" data-end=\"2906\"><p data-start=\"2841\" data-end=\"2906\"><strong data-start=\"2841\" data-end=\"2856\">F\u00fcr Marken:<\/strong> Proper installation and utilization of equipment.<\/p><\/li><li data-start=\"2907\" data-end=\"2989\"><p data-start=\"2909\" data-end=\"2989\"><strong data-start=\"2909\" data-end=\"2938\">For Utilities &amp; Industry:<\/strong> Optimized space for efficient and safe operations.<\/p><\/li><li data-start=\"2990\" data-end=\"3064\"><p data-start=\"2992\" data-end=\"3064\"><strong data-start=\"2992\" data-end=\"3011\">For Installers:<\/strong> Improved working conditions and ease of maintenance.<\/p><\/li><\/ul><hr data-start=\"3066\" data-end=\"3069\" \/><h3 data-start=\"3071\" data-end=\"3097\">Technologieintegration<\/h3><p data-start=\"3099\" data-end=\"3382\">Integrating new energy technologies with existing systems requires expertise. We provide seamless integration services, including software installation, network configuration, and data integration, ensuring all your energy management and storage solutions work together harmoniously.<\/p><p data-start=\"3384\" data-end=\"3397\"><strong data-start=\"3384\" data-end=\"3397\">Vorteile:<\/strong><\/p><ul data-start=\"3398\" data-end=\"3648\"><li data-start=\"3398\" data-end=\"3472\"><p data-start=\"3400\" data-end=\"3472\"><strong data-start=\"3400\" data-end=\"3415\">F\u00fcr Marken:<\/strong> Ensures products are compatible and integrated smoothly.<\/p><\/li><li data-start=\"3473\" data-end=\"3566\"><p data-start=\"3475\" data-end=\"3566\"><strong data-start=\"3475\" data-end=\"3504\">For Utilities &amp; Industry:<\/strong> Nahtlose Technologieintegration f\u00fcr ununterbrochene Operationen.<\/p><\/li><li data-start=\"3567\" data-end=\"3648\"><p data-start=\"3569\" data-end=\"3648\"><strong data-start=\"3569\" data-end=\"3588\">For Installers:<\/strong> Easy access to integrated systems for efficient management.<\/p><\/li><\/ul><hr data-start=\"3650\" data-end=\"3653\" \/><h3 data-start=\"3655\" data-end=\"3674\">Weiterf\u00fchrende Unterst\u00fctzung<\/h3><p data-start=\"3676\" data-end=\"3894\">Our commitment to your success extends beyond the initial consultation and procurement. We offer ongoing support to address any questions or technical issues, ensuring your energy systems continue to perform optimally.<\/p><p data-start=\"3896\" data-end=\"3909\"><strong data-start=\"3896\" data-end=\"3909\">Vorteile:<\/strong><\/p><ul data-start=\"3910\" data-end=\"4135\"><li data-start=\"3910\" data-end=\"3979\"><p data-start=\"3912\" data-end=\"3979\"><strong data-start=\"3912\" data-end=\"3927\">F\u00fcr Marken:<\/strong> Continuous support to maintain product performance.<\/p><\/li><li data-start=\"3980\" data-end=\"4070\"><p data-start=\"3982\" data-end=\"4070\"><strong data-start=\"3982\" data-end=\"4011\">For Utilities &amp; Industry:<\/strong> Zuverl\u00e4ssiger Service und Wartung f\u00fcr den nachhaltigen Betrieb.<\/p><\/li><li data-start=\"4071\" data-end=\"4135\"><p data-start=\"4073\" data-end=\"4135\"><strong data-start=\"4073\" data-end=\"4092\">For Installers:<\/strong> Ongoing assistance for optimal system use.<\/p><\/li><\/ul><hr data-start=\"4137\" data-end=\"4140\" \/><h2 data-start=\"4142\" data-end=\"4159\">Warum w\u00e4hlen Sie uns?<\/h2><h3 data-start=\"4161\" data-end=\"4187\">Kompetenz &amp; Erfahrung<\/h3><p data-start=\"4189\" data-end=\"4363\">Our consultants bring years of experience in energy technology procurement and consulting. We stay current with industry advancements to deliver the most effective solutions.<\/p><h3 data-start=\"4365\" data-end=\"4394\">Kundenspezifischer Ansatz<\/h3><p data-start=\"4396\" data-end=\"4536\">Your satisfaction is our priority. We work closely with you to develop strategies that fit your specific needs and exceed your expectations.<\/p><h3 data-start=\"4538\" data-end=\"4560\">Ma\u00dfgeschneiderte L\u00f6sungen<\/h3><p data-start=\"4562\" data-end=\"4722\">We understand that every client is unique. Our customized services are designed to address your specific requirements, helping you achieve your strategic goals.<\/p><h3 data-start=\"4724\" data-end=\"4747\">Aufzeichnung des bew\u00e4hrten Tracks<\/h3><p data-start=\"4749\" data-end=\"5011\">Our successful track record in assisting energy sector clients with technology sourcing and tender preparation speaks for itself. We have helped numerous organizations optimize their operations and achieve reliable, sustainable power through our expert services.<\/p><hr data-start=\"5013\" data-end=\"5016\" \/><h2 data-start=\"5018\" data-end=\"5031\">Kontaktieren Sie uns<\/h2><p data-start=\"5033\" data-end=\"5401\">Ready to enhance your operations with expert energy tech sourcing and consultation services? Contact our team today to schedule a consultation. Fill out the contact form on our website, and we\u2019ll follow up to arrange a meeting or Teams call to discuss your needs. We look forward to helping you achieve your procurement goals with tailored solutions that work for you.<\/p><p data-start=\"5403\" data-end=\"5684\">At <strong data-start=\"5406\" data-end=\"5420\">Solararray<\/strong>, we are dedicated to providing expert technology sourcing and consultation services that support your success. Let us help you navigate the procurement process and implement the best energy and storage technologies for your project. Contact us at info@einimed.eu.<\/p>\n\t\t\t\t\t<\/div>\n\t\t\t\t<\/div>\n\t\t\t\t<\/div>\n\t\t\t\t\t<\/div>\n\t\t\t\t<\/div>\n\t\t\t\t<\/div>","protected":false},"excerpt":{"rendered":"<p>Tailored Solutions for Your Procurement Needs Tech Sourcing &amp; Consultation At Solararray, we understand the complexities involved in procuring new<\/p>","protected":false},"author":1,"featured_media":0,"parent":0,"menu_order":0,"comment_status":"closed","ping_status":"closed","template":"","meta":{"footnotes":""},"class_list":["post-15805","page","type-page","status-publish","hentry"],"_links":{"self":[{"href":"https:\/\/solararray.eu\/de\/wp-json\/wp\/v2\/pages\/15805"}],"collection":[{"href":"https:\/\/solararray.eu\/de\/wp-json\/wp\/v2\/pages"}],"about":[{"href":"https:\/\/solararray.eu\/de\/wp-json\/wp\/v2\/types\/page"}],"author":[{"embeddable":true,"href":"https:\/\/solararray.eu\/de\/wp-json\/wp\/v2\/users\/1"}],"replies":[{"embeddable":true,"href":"https:\/\/solararray.eu\/de\/wp-json\/wp\/v2\/comments?post=15805"}],"version-history":[{"count":26,"href":"https:\/\/solararray.eu\/de\/wp-json\/wp\/v2\/pages\/15805\/revisions"}],"predecessor-version":[{"id":18229,"href":"https:\/\/solararray.eu\/de\/wp-json\/wp\/v2\/pages\/15805\/revisions\/18229"}],"wp:attachment":[{"href":"https:\/\/solararray.eu\/de\/wp-json\/wp\/v2\/media?parent=15805"}],"curies":[{"name":"wp","href":"https:\/\/api.w.org\/{rel}","templated":true}]}}