{"id":15831,"date":"2024-07-28T11:18:20","date_gmt":"2024-07-28T11:18:20","guid":{"rendered":"http:\/\/192.168.13.40\/?page_id=15831"},"modified":"2025-07-11T13:19:00","modified_gmt":"2025-07-11T13:19:00","slug":"training-certification","status":"publish","type":"page","link":"https:\/\/solararray.eu\/de\/schulungs-zertifizierung\/","title":{"rendered":"Schulung &amp; Zertifizierung"},"content":{"rendered":"<div data-elementor-type=\"wp-page\" data-elementor-id=\"15831\" class=\"elementor elementor-15831\" data-elementor-post-type=\"page\">\n\t\t\t\t<div class=\"wd-negative-gap elementor-element elementor-element-1712360 e-flex e-con-boxed e-con e-parent\" data-id=\"1712360\" data-element_type=\"container\">\n\t\t\t\t\t<div class=\"e-con-inner\">\n\t\t\t\t<div class=\"elementor-element elementor-element-e067555 wd-width-100 elementor-widget elementor-widget-wd_title\" data-id=\"e067555\" data-element_type=\"widget\" data-widget_type=\"wd_title.default\">\n\t\t\t\t<div class=\"elementor-widget-container\">\n\t\t\t\t\t<div class=\"title-wrapper set-mb-s reset-last-child wd-title-color-default wd-title-style-default wd-title-size-default text-center\">\n\n\t\t\t\t\t\t\t<div class=\"title-subtitle subtitle-color-default subtitle-style-default wd-fontsize-xs\">\n\t\t\t\t\tEmpower Ihr Team mit Expertentraining &amp; Zertifizierung\t\t\t\t<\/div>\n\t\t\t\n\t\t\t<div class=\"liner-continer\">\n\t\t\t\t<h4 class=\"woodmart-title-container title wd-fontsize-l\">Umfassende Schulungs- und Zertifizierungsleistungen<\/h4> \n\t\t\t\t\t\t\t<\/div>\n\n\t\t\t\t\t\t\t<div class=\"title-after_title set-cont-mb-s reset-last-child wd-fontsize-xs\">\n\t\t\t\t\t<p>At <strong>Solararray<\/strong>, we understand the crucial role that skilled and certified professionals play in the energy sector. Our Training &amp; Certification services are designed to enhance the knowledge and skills of your team, ensuring they are equipped to operate, maintain, and manage the latest energy technologies effectively. Whether you are onboarding new staff or updating existing skills, our expert-led programs deliver the comprehensive education needed to excel in modern energy environments.<\/p>\t\t\t\t<\/div>\n\t\t\t\t\t<\/div>\n\t\t\t\t<\/div>\n\t\t\t\t<\/div>\n\t\t\t\t\t<\/div>\n\t\t\t\t<\/div>\n\t\t<div class=\"wd-negative-gap elementor-element elementor-element-b4ab8e2 e-flex e-con-boxed e-con e-parent\" data-id=\"b4ab8e2\" data-element_type=\"container\">\n\t\t\t\t\t<div class=\"e-con-inner\">\n\t\t\t\t<div class=\"elementor-element elementor-element-e1533d1 elementor-widget elementor-widget-wd_text_block\" data-id=\"e1533d1\" data-element_type=\"widget\" data-widget_type=\"wd_text_block.default\">\n\t\t\t\t<div class=\"elementor-widget-container\">\n\t\t\t\t\t<div class=\"wd-text-block reset-last-child text-left\">\n\t\t\t\n\t\t\t<h3 data-start=\"784\" data-end=\"800\">Unsere Dienstleistungen<\/h3><p data-start=\"802\" data-end=\"1052\"><strong data-start=\"802\" data-end=\"834\">Kundenspezifische Schulungsprogramme<\/strong><br data-start=\"834\" data-end=\"837\" \/>We develop training programs tailored to your specific needs and goals. Our customized approach ensures that your team receives relevant, hands-on training directly applicable to their roles and your energy systems.<\/p><p data-start=\"1054\" data-end=\"1069\"><strong data-start=\"1054\" data-end=\"1067\">Vorteile:<\/strong><\/p><ul data-start=\"1070\" data-end=\"1334\"><li data-start=\"1070\" data-end=\"1153\"><p data-start=\"1072\" data-end=\"1153\"><strong data-start=\"1072\" data-end=\"1087\">F\u00fcr Marken:<\/strong> Ensures that your products are operated safely and efficiently.<\/p><\/li><li data-start=\"1154\" data-end=\"1242\"><p data-start=\"1156\" data-end=\"1242\"><strong data-start=\"1156\" data-end=\"1185\">For Utilities &amp; Industry:<\/strong> Tailored training aligned with operational objectives.<\/p><\/li><li data-start=\"1243\" data-end=\"1334\"><p data-start=\"1245\" data-end=\"1334\"><strong data-start=\"1245\" data-end=\"1278\">For Installers &amp; Technicians:<\/strong> Practical training that enhances technical proficiency.<\/p><\/li><\/ul><hr data-start=\"1336\" data-end=\"1339\" \/><p data-start=\"1341\" data-end=\"1632\"><strong data-start=\"1341\" data-end=\"1366\">Zertifizierungskurse<\/strong><br data-start=\"1366\" data-end=\"1369\" \/>Our certification courses validate the skills and knowledge of your staff, ensuring compliance with industry standards. We offer certifications for a wide range of energy technologies, including storage systems, grid solutions, and renewable energy installations.<\/p><p data-start=\"1634\" data-end=\"1649\"><strong data-start=\"1634\" data-end=\"1647\">Vorteile:<\/strong><\/p><ul data-start=\"1650\" data-end=\"1905\"><li data-start=\"1650\" data-end=\"1723\"><p data-start=\"1652\" data-end=\"1723\"><strong data-start=\"1652\" data-end=\"1667\">F\u00fcr Marken:<\/strong> Increased credibility and trust in your technologies.<\/p><\/li><li data-start=\"1724\" data-end=\"1814\"><p data-start=\"1726\" data-end=\"1814\"><strong data-start=\"1726\" data-end=\"1755\">For Utilities &amp; Industry:<\/strong> Certified staff that enhance reliability and reputation.<\/p><\/li><li data-start=\"1815\" data-end=\"1905\"><p data-start=\"1817\" data-end=\"1905\"><strong data-start=\"1817\" data-end=\"1850\">For Installers &amp; Technicians:<\/strong> Recognized certifications that boost career prospects.<\/p><\/li><\/ul><hr data-start=\"1907\" data-end=\"1910\" \/><p data-start=\"1912\" data-end=\"2161\"><strong data-start=\"1912\" data-end=\"1936\">Weiterbildung<\/strong><br data-start=\"1936\" data-end=\"1939\" \/>We provide ongoing education programs to keep your team updated with the latest advancements in energy technologies and regulations. Continuous education ensures your staff remain at the forefront of industry developments.<\/p><p data-start=\"2163\" data-end=\"2178\"><strong data-start=\"2163\" data-end=\"2176\">Vorteile:<\/strong><\/p><ul data-start=\"2179\" data-end=\"2412\"><li data-start=\"2179\" data-end=\"2238\"><p data-start=\"2181\" data-end=\"2238\"><strong data-start=\"2181\" data-end=\"2196\">F\u00fcr Marken:<\/strong> Ongoing engagement with your solutions.<\/p><\/li><li data-start=\"2239\" data-end=\"2321\"><p data-start=\"2241\" data-end=\"2321\"><strong data-start=\"2241\" data-end=\"2270\">For Utilities &amp; Industry:<\/strong> Up-to-date teams driving operational excellence.<\/p><\/li><li data-start=\"2322\" data-end=\"2412\"><p data-start=\"2324\" data-end=\"2412\"><strong data-start=\"2324\" data-end=\"2357\">For Installers &amp; Technicians:<\/strong> Lifelong learning opportunities for skill development.<\/p><\/li><\/ul><hr data-start=\"2414\" data-end=\"2417\" \/><p data-start=\"2419\" data-end=\"2656\"><strong data-start=\"2419\" data-end=\"2441\">Hands-On Workshops<\/strong><br data-start=\"2441\" data-end=\"2444\" \/>Our workshops offer direct, practical experience with energy systems and technologies. These sessions are designed to build confidence and proficiency in installing, operating, and maintaining advanced equipment.<\/p><p data-start=\"2658\" data-end=\"2673\"><strong data-start=\"2658\" data-end=\"2671\">Vorteile:<\/strong><\/p><ul data-start=\"2674\" data-end=\"2916\"><li data-start=\"2674\" data-end=\"2739\"><p data-start=\"2676\" data-end=\"2739\"><strong data-start=\"2676\" data-end=\"2691\">F\u00fcr Marken:<\/strong> Verbesserte Benutzerkenntnisse mit Ihren Produkten.<\/p><\/li><li data-start=\"2740\" data-end=\"2826\"><p data-start=\"2742\" data-end=\"2826\"><strong data-start=\"2742\" data-end=\"2771\">For Utilities &amp; Industry:<\/strong> Practical training that improves system reliability.<\/p><\/li><li data-start=\"2827\" data-end=\"2916\"><p data-start=\"2829\" data-end=\"2916\"><strong data-start=\"2829\" data-end=\"2862\">For Installers &amp; Technicians:<\/strong> Direct experience with state-of-the-art technologies.<\/p><\/li><\/ul><hr data-start=\"2918\" data-end=\"2921\" \/><p data-start=\"2923\" data-end=\"3133\"><strong data-start=\"2923\" data-end=\"2950\">Online Trainingsmodule<\/strong><br data-start=\"2950\" data-end=\"2953\" \/>We offer flexible online training modules, enabling your team to learn at their own pace. Comprehensive online resources ensure accessibility and convenience for all staff members.<\/p><p data-start=\"3135\" data-end=\"3150\"><strong data-start=\"3135\" data-end=\"3148\">Vorteile:<\/strong><\/p><ul data-start=\"3151\" data-end=\"3388\"><li data-start=\"3151\" data-end=\"3210\"><p data-start=\"3153\" data-end=\"3210\"><strong data-start=\"3153\" data-end=\"3168\">F\u00fcr Marken:<\/strong> Wider reach for your training programs.<\/p><\/li><li data-start=\"3211\" data-end=\"3303\"><p data-start=\"3213\" data-end=\"3303\"><strong data-start=\"3213\" data-end=\"3242\">For Utilities &amp; Industry:<\/strong> Flexible solutions that fit diverse operational schedules.<\/p><\/li><li data-start=\"3304\" data-end=\"3388\"><p data-start=\"3306\" data-end=\"3388\"><strong data-start=\"3306\" data-end=\"3339\">For Installers &amp; Technicians:<\/strong> Convenient access to training anytime, anywhere.<\/p><\/li><\/ul><hr data-start=\"3390\" data-end=\"3393\" \/><p data-start=\"3395\" data-end=\"3608\"><strong data-start=\"3395\" data-end=\"3420\">Bewertung &amp; Feedback<\/strong><br data-start=\"3420\" data-end=\"3423\" \/>We provide thorough assessments and feedback to ensure effective knowledge transfer. Our evaluation process identifies areas for improvement and guarantees high standards of competency.<\/p><p data-start=\"3610\" data-end=\"3625\"><strong data-start=\"3610\" data-end=\"3623\">Vorteile:<\/strong><\/p><ul data-start=\"3626\" data-end=\"3859\"><li data-start=\"3626\" data-end=\"3690\"><p data-start=\"3628\" data-end=\"3690\"><strong data-start=\"3628\" data-end=\"3643\">F\u00fcr Marken:<\/strong> Assurance of correct and safe product usage.<\/p><\/li><li data-start=\"3691\" data-end=\"3767\"><p data-start=\"3693\" data-end=\"3767\"><strong data-start=\"3693\" data-end=\"3722\">For Utilities &amp; Industry:<\/strong> High competency that elevates performance.<\/p><\/li><li data-start=\"3768\" data-end=\"3859\"><p data-start=\"3770\" data-end=\"3859\"><strong data-start=\"3770\" data-end=\"3803\">For Installers &amp; Technicians:<\/strong> Constructive feedback fostering continuous improvement.<\/p><\/li><\/ul><hr data-start=\"3861\" data-end=\"3864\" \/><h2 data-start=\"3866\" data-end=\"3883\">Warum w\u00e4hlen Sie uns?<\/h2><p data-start=\"3885\" data-end=\"4080\"><strong data-start=\"3885\" data-end=\"3911\">Kompetenz &amp; Erfahrung<\/strong><br data-start=\"3911\" data-end=\"3914\" \/>Our trainers bring years of practical experience in the energy industry, combining technical know-how with industry insight to deliver high-quality training programs.<\/p><p data-start=\"4082\" data-end=\"4235\"><strong data-start=\"4082\" data-end=\"4103\">Ma\u00dfgeschneiderter Ansatz<\/strong><br data-start=\"4103\" data-end=\"4106\" \/>We customize training and certification programs to meet the unique needs of your organization and team, ensuring maximum impact.<\/p><p data-start=\"4237\" data-end=\"4415\"><strong data-start=\"4237\" data-end=\"4264\">Umfassende L\u00f6sungen<\/strong><br data-start=\"4264\" data-end=\"4267\" \/>From onboarding to advanced training, we offer a complete spectrum of educational services covering all aspects of energy technology and management.<\/p><p data-start=\"4417\" data-end=\"4623\"><strong data-start=\"4417\" data-end=\"4435\">Erfolg bew\u00e4hrt<\/strong><br data-start=\"4435\" data-end=\"4438\" \/>Our track record in training and certifying energy professionals speaks for itself. We have helped numerous organizations and specialists achieve excellence through our expert programs.<\/p><hr data-start=\"4625\" data-end=\"4628\" \/><h2 data-start=\"4630\" data-end=\"4643\">Kontaktieren Sie uns<\/h2><p data-start=\"4645\" data-end=\"4993\">Bereit, Ihr Team mit qualifizierten Schulungs- und Zertifizierungsdienstleistungen zu bef\u00e4higen? Kontaktieren Sie unser Team heute, um eine Beratung zu planen. F\u00fcllen Sie das Kontaktformular auf unserer Website aus, und wir werden folgen, um ein Treffen oder Teams rufen, um Ihre Bed\u00fcrfnisse zu diskutieren. Wir freuen uns darauf, Ihnen bei der Erreichung Ihrer Trainingsziele mit ma\u00dfgeschneiderten L\u00f6sungen zu helfen, die f\u00fcr Sie arbeiten.<\/p><p data-start=\"4995\" data-end=\"5281\">At <strong data-start=\"4998\" data-end=\"5012\">Solararray<\/strong>, we are dedicated to providing expert training and certification services that support your success. Let us help you equip your team with the knowledge and skills needed to deliver safe, efficient, and innovative energy solutions. Contact us at <strong data-start=\"5258\" data-end=\"5280\"><a class=\"cursor-pointer\" rel=\"noopener\" data-start=\"5260\" data-end=\"5278\">info@solararray.eu<\/a><\/strong>.<\/p>\n\t\t\t\t\t<\/div>\n\t\t\t\t<\/div>\n\t\t\t\t<\/div>\n\t\t\t\t\t<\/div>\n\t\t\t\t<\/div>\n\t\t\t\t<\/div>","protected":false},"excerpt":{"rendered":"<p>Empower Your Team with Expert Training &amp; Certification Comprehensive Training &amp; Certification Services At Solararray, we understand the crucial role<\/p>","protected":false},"author":1,"featured_media":0,"parent":0,"menu_order":0,"comment_status":"closed","ping_status":"closed","template":"","meta":{"footnotes":""},"class_list":["post-15831","page","type-page","status-publish","hentry"],"_links":{"self":[{"href":"https:\/\/solararray.eu\/de\/wp-json\/wp\/v2\/pages\/15831"}],"collection":[{"href":"https:\/\/solararray.eu\/de\/wp-json\/wp\/v2\/pages"}],"about":[{"href":"https:\/\/solararray.eu\/de\/wp-json\/wp\/v2\/types\/page"}],"author":[{"embeddable":true,"href":"https:\/\/solararray.eu\/de\/wp-json\/wp\/v2\/users\/1"}],"replies":[{"embeddable":true,"href":"https:\/\/solararray.eu\/de\/wp-json\/wp\/v2\/comments?post=15831"}],"version-history":[{"count":10,"href":"https:\/\/solararray.eu\/de\/wp-json\/wp\/v2\/pages\/15831\/revisions"}],"predecessor-version":[{"id":18238,"href":"https:\/\/solararray.eu\/de\/wp-json\/wp\/v2\/pages\/15831\/revisions\/18238"}],"wp:attachment":[{"href":"https:\/\/solararray.eu\/de\/wp-json\/wp\/v2\/media?parent=15831"}],"curies":[{"name":"wp","href":"https:\/\/api.w.org\/{rel}","templated":true}]}}