{"id":13,"date":"2024-07-26T23:26:16","date_gmt":"2024-07-26T23:26:16","guid":{"rendered":"http:\/\/192.168.13.40\/?page_id=13"},"modified":"2024-07-28T22:31:22","modified_gmt":"2024-07-28T22:31:22","slug":"return-policy","status":"publish","type":"page","link":"https:\/\/solararray.eu\/pl\/polityka-powrotowa\/","title":{"rendered":"Zasady zwrotu"},"content":{"rendered":"<div data-elementor-type=\"wp-page\" data-elementor-id=\"13\" class=\"elementor elementor-13\" data-elementor-post-type=\"page\">\n\t\t\t\t<div class=\"wd-negative-gap elementor-element elementor-element-d7444f9 e-flex e-con-boxed e-con e-parent\" data-id=\"d7444f9\" data-element_type=\"container\">\n\t\t\t\t\t<div class=\"e-con-inner\">\n\t\t\t\t<div class=\"elementor-element elementor-element-d8ec04f wd-width-100 elementor-widget elementor-widget-wd_title\" data-id=\"d8ec04f\" data-element_type=\"widget\" data-widget_type=\"wd_title.default\">\n\t\t\t\t<div class=\"elementor-widget-container\">\n\t\t\t\t\t<div class=\"title-wrapper set-mb-s reset-last-child wd-title-color-default wd-title-style-default wd-title-size-default text-center\">\n\n\t\t\t\t\t\t\t<div class=\"title-subtitle subtitle-color-default subtitle-style-default wd-fontsize-xs\">\n\t\t\t\t\tBezproblemowy Zwrot pieni\u0119dzy\t\t\t\t<\/div>\n\t\t\t\n\t\t\t<div class=\"liner-continer\">\n\t\t\t\t<h4 class=\"woodmart-title-container title wd-fontsize-l\">Zwrot \u015arodk\u00f3w i Zasady Zwrotu<\/h4> \n\t\t\t\t\t\t\t<\/div>\n\n\t\t\t\t\t\t\t<div class=\"title-after_title set-cont-mb-s reset-last-child wd-fontsize-xs\">\n\t\t\t\t\t<p>W EINIMED d\u0105\u017cymy do tego, aby pa\u0144stwo byli w pe\u0142ni zadowoleni z naszych produkt\u00f3w i us\u0142ug. Nasza polityka zwrotu jest zaprojektowany w taki spos\u00f3b, aby by\u0107 uczciwy i zrozumia\u0142y, zapewniaj\u0105c pa\u0144stwu spok\u00f3j podczas zakup\u00f3w u nas.<\/p>\t\t\t\t<\/div>\n\t\t\t\t\t<\/div>\n\t\t\t\t<\/div>\n\t\t\t\t<\/div>\n\t\t\t\t<div class=\"elementor-element elementor-element-f602203 elementor-widget elementor-widget-wd_text_block\" data-id=\"f602203\" data-element_type=\"widget\" data-widget_type=\"wd_text_block.default\">\n\t\t\t\t<div class=\"elementor-widget-container\">\n\t\t\t\t\t<div class=\"wd-text-block reset-last-child text-left\">\n\t\t\t\n\t\t\t<h3>Zasady zwrotu<\/h3><h4>Produkty standardowe<\/h4><p>Oferujemy 14-dniowy termin zwrotu produkt\u00f3w standardowych. Je\u015bli nie jeste\u015b zadowolony z zakupu, masz 14 dni od daty otrzymania, aby rozpocz\u0105\u0107 powr\u00f3t.<\/p><p><strong>Kroki po powrocie:<\/strong><\/p><ol><li><strong>Inicjowanie Zwrot:<\/strong> Skontaktuj si\u0119 z naszym biurem obs\u0142ugi klienta pod adresem info@einimed.eu w ci\u0105gu 14 dni od daty otrzymania produktu, aby poprosi\u0107 o zwrot.<\/li><li><strong>Uprawnienie do Zwrotu:<\/strong> Nasz zesp\u00f3\u0142 zapewni pa\u0144stwu numer upowa\u017cnienia do zwrotu (RAN) i szczeg\u00f3\u0142owe instrukcje zwrotu.<\/li><li><strong>Wys\u0142a\u0107 Z Powrotem:<\/strong> Masz 14 dni od daty otrzymania zam\u00f3wienia, aby wys\u0142a\u0107 towar z powrotem do nas.<\/li><li><strong>Kontrola i zwrot pieni\u0119dzy:<\/strong> Jak tylko otrzymamy i sprawdzimy zwr\u00f3cony towar, zrealizujemy sw\u00f3j powr\u00f3t w ci\u0105gu 7 dni roboczych. Zwrot \u015brodk\u00f3w zostanie dokonany przy u\u017cyciu oryginalnego sposobu p\u0142atno\u015bci.<\/li><\/ol><p><strong>Warunki:<\/strong><\/p><ul><li>Produkt musi by\u0107 w oryginalnym stanie, nieu\u017cywany i w oryginalnym opakowaniu.<\/li><li>Wszystkie akcesoria, instrukcje obs\u0142ugi i dokumentacja powinny by\u0107 zawarte w zestawie.<\/li><li>Koszty wysy\u0142ki zwrotnej ponosi klient, za wyj\u0105tkiem przypadk\u00f3w, gdy zwrot jest spowodowana defektem lub b\u0142\u0119dem z naszej strony.<\/li><\/ul><h4>Profesjonalne i Indywidualne Produkty<\/h4><p>Nasza polityka zwrotu nie dotyczy produkt\u00f3w u\u017cytku profesjonalnego lub przedmioty, specjalnie zam\u00f3wione dla zaspokojenia specyficznych wymaga\u0144 firmy. Te produkty nie podlegaj\u0105 zwrotowi ze wzgl\u0119du na ich specjalistycznego charakteru.<\/p><p><strong>Przyk\u0142ady towar\u00f3w, kt\u00f3re nie podlegaj\u0105 zwrotowi:<\/strong><\/p><ul><li>Indywidualny sprz\u0119t medyczny, dostosowane do konkretnych potrzeb.<\/li><li>Urz\u0105dzenia profesjonalne, przeznaczone do bada\u0144 klinicznych lub instytucjonalnych warunk\u00f3w.<\/li><\/ul><h3>Zasady Zwrotu<\/h3><h4>Wadliwe lub uszkodzone Produkty<\/h4><p>Je\u017celi otrzyma\u0142e\u015b wadliwy lub uszkodzony towar, nale\u017cy niezw\u0142ocznie skontaktowa\u0107 si\u0119 z nami pod adresem info@einimed.eu. Organizujemy wymian\u0119 lub pe\u0142ny zwrot pieni\u0119dzy.<\/p><p><strong>Kroki do sporz\u0105dzenia raportu:<\/strong><\/p><ol><li><strong>Skontaktowa\u0107 si\u0119 z pomoc\u0105 techniczn\u0105:<\/strong> Poinformowanie nas w ci\u0105gu 7 dni od daty otrzymania wadliwego lub uszkodzonego towaru.<\/li><li><strong>Ocena:<\/strong> Nasz zesp\u00f3\u0142 oceni problem i udzieli dalszych instrukcji.<\/li><li><strong>Wymiana lub zwrot pieni\u0119dzy:<\/strong> Na podstawie przeprowadzonej oceny mo\u017cemy lub wymienimy towar lub wykonujemy pe\u0142ny zwrot pieni\u0119dzy.<\/li><\/ol><h4>Przetwarzanie Zwrotu<\/h4><p>Zwrot pieni\u0119dzy nast\u0119puje w ci\u0105gu 7 dni roboczych od otrzymania i sprawdzenia zwr\u00f3conego towaru. Zwrot \u015brodk\u00f3w zostanie dokonany na oryginalny spos\u00f3b p\u0142atno\u015bci, kt\u00f3ry zosta\u0142 u\u017cyty przy zakupie.<\/p><p><strong>Uwaga:<\/strong><\/p><ul><li>Koszt dostawy nie podlega zwrotowi, za wyj\u0105tkiem przypadk\u00f3w, gdy zwrot spowodowany naszym b\u0142\u0119dem lub wadliwy towar.<\/li><li>Wszelkie op\u0142aty za uzupe\u0142nianie zapas\u00f3w, je\u015bli ma to zastosowanie, zostanie potr\u0105cona z kwoty zwrotu.<\/li><\/ul><h3>Skontaktuj si\u0119 z nami<\/h3><p>Je\u015bli masz jakiekolwiek pytania dotycz\u0105ce naszych zasad zwrotu koszt\u00f3w, prosimy o kontakt z naszym dzia\u0142em obs\u0142ugi klienta. Jeste\u015bmy tutaj, aby pom\u00f3c i upewni\u0107 si\u0119, \u017ce twoje do\u015bwiadczenie z EINIMED b\u0119dzie pozytywne i zadowalaj\u0105ce.<\/p><ul><li><strong>E-mail:<\/strong> info@einimed.eu<\/li><\/ul><p>W EINIMED d\u0105\u017cymy do zapewnienia wysokiej jako\u015bci technologii medycznych i doskona\u0142\u0105 obs\u0142ug\u0119 klienta. Twoje zadowolenie jest naszym priorytetem.<\/p><hr \/><h3>Dlaczego wybra\u0142e\u015b w\u0142a\u015bnie nas?<\/h3><ul><li><strong>Podej\u015bcie zorientowane na klienta:<\/strong> Zwracamy priorytetow\u0105 uwag\u0119 zadowolenia i staramy si\u0119 zapewni\u0107 bezproblemowy proces zwrotu.<\/li><li><strong>Gwarancja jako\u015bci:<\/strong> Nasze produkty s\u0105 dostarczane od renomowanych producent\u00f3w i przechodzi \u015bcis\u0142\u0105 kontrol\u0119 jako\u015bci.<\/li><li><strong>Przejrzysta Polityka:<\/strong> Jasne i proste zasady gwarantuj\u0105, \u017ce wiesz dok\u0142adnie, czego si\u0119 spodziewa\u0107.<\/li><\/ul><p>Cenimy tw\u00f3j biznes i staramy si\u0119 dostarczy\u0107 wam najlepsze produkty i us\u0142ugi. Dzi\u0119kujemy za wyb\u00f3r EINIMED.<\/p>\n\t\t\t\t\t<\/div>\n\t\t\t\t<\/div>\n\t\t\t\t<\/div>\n\t\t\t\t\t<\/div>\n\t\t\t\t<\/div>\n\t\t\t\t<\/div>","protected":false},"excerpt":{"rendered":"<p>Hassle- Free Refund and Returns Refund and Returns Policy W, staramy si\u0119 zapewni\u0107 pe\u0142n\u0105 satysfakcj\u0119 z naszych produkt\u00f3w<\/p>","protected":false},"author":1,"featured_media":0,"parent":0,"menu_order":0,"comment_status":"closed","ping_status":"closed","template":"","meta":{"footnotes":""},"class_list":["post-13","page","type-page","status-publish","hentry"],"_links":{"self":[{"href":"https:\/\/solararray.eu\/pl\/wp-json\/wp\/v2\/pages\/13"}],"collection":[{"href":"https:\/\/solararray.eu\/pl\/wp-json\/wp\/v2\/pages"}],"about":[{"href":"https:\/\/solararray.eu\/pl\/wp-json\/wp\/v2\/types\/page"}],"author":[{"embeddable":true,"href":"https:\/\/solararray.eu\/pl\/wp-json\/wp\/v2\/users\/1"}],"replies":[{"embeddable":true,"href":"https:\/\/solararray.eu\/pl\/wp-json\/wp\/v2\/comments?post=13"}],"version-history":[{"count":8,"href":"https:\/\/solararray.eu\/pl\/wp-json\/wp\/v2\/pages\/13\/revisions"}],"predecessor-version":[{"id":15949,"href":"https:\/\/solararray.eu\/pl\/wp-json\/wp\/v2\/pages\/13\/revisions\/15949"}],"wp:attachment":[{"href":"https:\/\/solararray.eu\/pl\/wp-json\/wp\/v2\/media?parent=13"}],"curies":[{"name":"wp","href":"https:\/\/api.w.org\/{rel}","templated":true}]}}