{"id":15655,"date":"2024-07-26T22:21:51","date_gmt":"2024-07-26T22:21:51","guid":{"rendered":"http:\/\/192.168.13.40\/?page_id=15655"},"modified":"2024-08-27T20:15:11","modified_gmt":"2024-08-27T20:15:11","slug":"privacy-policy","status":"publish","type":"page","link":"https:\/\/solararray.eu\/pl\/polityka-prywatnosci\/","title":{"rendered":"Polityka prywatno\u015bci"},"content":{"rendered":"<div data-elementor-type=\"wp-page\" data-elementor-id=\"15655\" class=\"elementor elementor-15655\" data-elementor-post-type=\"page\">\n\t\t\t\t<div class=\"wd-negative-gap elementor-element elementor-element-b1c4abf e-flex e-con-boxed e-con e-parent\" data-id=\"b1c4abf\" data-element_type=\"container\">\n\t\t\t\t\t<div class=\"e-con-inner\">\n\t\t\t\t<div class=\"elementor-element elementor-element-a3b5a0c wd-width-100 elementor-widget elementor-widget-wd_title\" data-id=\"a3b5a0c\" data-element_type=\"widget\" data-widget_type=\"wd_title.default\">\n\t\t\t\t<div class=\"elementor-widget-container\">\n\t\t\t\t\t<div class=\"title-wrapper set-mb-s reset-last-child wd-title-color-default wd-title-style-default wd-title-size-default text-center\">\n\n\t\t\t\t\t\t\t<div class=\"title-subtitle subtitle-color-default subtitle-style-default wd-fontsize-xs\">\n\t\t\t\t\tOchrona prywatno\u015bci\t\t\t\t<\/div>\n\t\t\t\n\t\t\t<div class=\"liner-continer\">\n\t\t\t\t<h4 class=\"woodmart-title-container title wd-fontsize-l\">Polityka prywatno\u015bci<\/h4> \n\t\t\t\t\t\t\t<\/div>\n\n\t\t\t\t\t\t\t<div class=\"title-after_title set-cont-mb-s reset-last-child wd-fontsize-xs\">\n\t\t\t\t\t<p>W EINIMED staramy si\u0119 chroni\u0107 swoj\u0105 prywatno\u015b\u0107 i zapewni\u0107 delikatne obchodzenie si\u0119 z danymi osobowymi. Niniejsza Polityka prywatno\u015bci opisuje, w jaki spos\u00f3b zbieramy, wykorzystujemy, ujawniamy i chroni\u0107 swoje dane, gdy odwiedzasz nasz\u0105 stron\u0119 internetow\u0105 lub korzystania z naszych us\u0142ug.<\/p>\t\t\t\t<\/div>\n\t\t\t\t\t<\/div>\n\t\t\t\t<\/div>\n\t\t\t\t<\/div>\n\t\t\t\t<div class=\"elementor-element elementor-element-13af83e elementor-widget elementor-widget-wd_text_block\" data-id=\"13af83e\" data-element_type=\"widget\" data-widget_type=\"wd_text_block.default\">\n\t\t\t\t<div class=\"elementor-widget-container\">\n\t\t\t\t\t<div class=\"wd-text-block reset-last-child text-left\">\n\t\t\t\n\t\t\t<h3>Informacje, Kt\u00f3re Gromadzimy<\/h3><p>Zbieramy r\u00f3\u017cne rodzaje informacji, w celu zapewnienia i poprawy naszych us\u0142ug, w tym:<\/p><h4>Dane osobowe<\/h4><ul><li><strong>Dane Kontaktowe:<\/strong> Imi\u0119 i nazwisko, adres e-mail, numer telefonu i adres.<\/li><li><strong>Informacje o koncie:<\/strong> Nazwa u\u017cytkownika, has\u0142o i inne dane uwierzytelniania.<\/li><li><strong>Informacje o p\u0142atno\u015bci:<\/strong> Dane karty kredytowej i informacje o p\u0142atno\u015bci.<\/li><\/ul><h4>Dane nieosobowe<\/h4><ul><li><strong>Dane dotycz\u0105ce korzystania z:<\/strong> Informacje o tym, jak uzyska\u0107 dost\u0119p do naszej witryny i us\u0142ug i korzystania z nich, w tym adres IP, typ przegl\u0105darki i systemu operacyjnego.<\/li><li><strong>Pliki cookie i technologii \u015bledzenia:<\/strong> Dane zbierane za pomoc\u0105 plik\u00f3w cookie i podobnych technologii w celu poprawy wygody przegl\u0105dania stron internetowych.<\/li><\/ul><hr \/><h3>Jak Wykorzystujemy Twoje Dane<\/h3><p>Wykorzystujemy zebrane informacje do r\u00f3\u017cnych cel\u00f3w, w tym:<\/p><h4>Aby zapewni\u0107 i utrzyma\u0107 W Dobrym stanie Nasze Us\u0142ugi<\/h4><ul><li>Przetwarzanie transakcji i zarz\u0105dzanie swoimi zam\u00f3wieniami.<\/li><li>Udzielanie wsparcia klientom i reagowanie na zapytania.<\/li><li>Personalizujemy wyliczanie tw\u00f3j do\u015bwiadczenie w pracy na naszej stronie internetowej.<\/li><\/ul><h4>W Celu Poprawy Naszych Us\u0142ug<\/h4><ul><li>Analiza modeli wykorzystania w celu poprawy funkcjonalno\u015bci strony internetowej.<\/li><li>Przeprowadzenie bada\u0144 i rozwoju w celu poprawy naszych propozycji.<\/li><\/ul><h4>Aby Komunikowa\u0107 si\u0119 z Tob\u0105<\/h4><ul><li>Wysy\u0142anie aktualizacji, promocyjnych i informacyjnych, zwi\u0105zanych z naszymi us\u0142ugami.<\/li><li>Informowanie u\u017cytkownika o zmianach w zasadach i warunkach.<\/li><\/ul><h4>W Celu Zapewnienia Bezpiecze\u0144stwa<\/h4><ul><li>Ochrona przed oszustwami, nieautoryzowanych transakcji i innych zobowi\u0105za\u0144.<\/li><li>Zapewnienie bezpiecze\u0144stwa naszej witryny i us\u0142ug.<\/li><\/ul><hr \/><h3>Wymiana Informacji<\/h3><p>Nie sprzedajemy, nie wymieniamy ani nie wynajmujemy danych osobowych osobom trzecim. Jednak mo\u017cemy przekazywa\u0107 informacje w nast\u0119puj\u0105cych okoliczno\u015bciach:<\/p><h4>Z Dostawcami Us\u0142ug<\/h4><ul><li>Mo\u017cemy przekazywa\u0107 informacje innym dostawcom us\u0142ug, kt\u00f3re \u015bwiadcz\u0105 us\u0142ugi w naszym imieniu, takich jak obs\u0142uga p\u0142atno\u015bci, analiza danych i marketingowa pomoc.<\/li><\/ul><h4>Dla spe\u0142nienia wymog\u00f3w prawnych<\/h4><ul><li>Mo\u017cemy ujawni\u0107 informacje, je\u015bli wymagaj\u0105 tego przepisy prawa lub w odpowiedzi na uzasadnione \u017c\u0105dania organ\u00f3w pa\u0144stwowych.<\/li><\/ul><h4>T\u0142umaczenia Biznesowe<\/h4><ul><li>W przypadku fuzji, przej\u0119cia lub sprzeda\u017cy aktyw\u00f3w twoje informacje mog\u0105 by\u0107 przekazywane jako cz\u0119\u015b\u0107 transakcji handlowych.<\/li><\/ul><hr \/><h3>Bezpiecze\u0144stwo danych<\/h3><p>Stosujemy niezawodne \u015brodki bezpiecze\u0144stwa w celu ochrony danych osobowych, w tym szyfrowanie, kontrola dost\u0119pu i bezpieczne przechowywanie danych. Cho\u0107 staramy si\u0119 chroni\u0107 pa\u0144stwa informacje, \u017caden system bezpiecze\u0144stwa nie jest nie do przebicia, i nie mo\u017cemy zagwarantowa\u0107 ca\u0142kowite bezpiecze\u0144stwo twoich danych.<\/p><hr \/><h3>Twoje prawa do prywatno\u015bci<\/h3><p>Masz pewne prawa w zakresie danych osobowych, w tym:<\/p><h4>Dost\u0119p i poprawka<\/h4><ul><li>Masz prawo dost\u0119pu do swoich danych osobowych i aktualizowa\u0107 go. Mo\u017cesz to zrobi\u0107 loguj\u0105c si\u0119 na swoje konto lub kontaktuj\u0105c si\u0119 z naszym dzia\u0142em obs\u0142ugi klienta.<\/li><\/ul><h4>Usuwanie danych<\/h4><ul><li>U\u017cytkownik mo\u017ce za\u017c\u0105da\u0107 usuni\u0119cia swoich danych osobowych. Prosz\u0119 zwr\u00f3ci\u0107 uwag\u0119, \u017ce mo\u017cemy przechowywa\u0107 pewne informacje zgodnie z wymogami prawa lub dla uzasadnionych cel\u00f3w biznesowych.<\/li><\/ul><h4>Rezygnacja z udzia\u0142u<\/h4><ul><li>Mo\u017cesz zrezygnowa\u0107 z otrzymywania od nas informacji marketingowych, zgodnie z instrukcjami rezygnacji z subskrypcji, zawartych w naszych e-mailach, lub kontaktuj\u0105c si\u0119 z nami bezpo\u015brednio.<\/li><\/ul><hr \/><h3>Pliki cookie i technologii \u015bledzenia<\/h3><p>U\u017cywamy plik\u00f3w cookie i podobnych technologii \u015bledzenia, aby poprawi\u0107 swoje do\u015bwiadczenie przegl\u0105dania i zbiera\u0107 informacje o swoich planach wykorzystania. Mo\u017cesz kontrolowa\u0107 korzystanie z plik\u00f3w cookie poprzez ustawienia swojej przegl\u0105darki internetowej. Jednak wy\u0142\u0105czenie plik\u00f3w cookie mo\u017ce wp\u0142yn\u0105\u0107 na niekt\u00f3re funkcjonalno\u015bci naszej strony internetowej.<\/p><hr \/><h3>Zmiany w Niniejszej Polityce prywatno\u015bci<\/h3><p>Mo\u017cemy od czasu do czasu aktualizowa\u0107 niniejsz\u0105 Polityk\u0119 prywatno\u015bci. Powiadomimy ci\u0119 o wszelkich zmianach poprzez opublikowanie nowej polityki na naszej stronie internetowej. Zach\u0119camy do okresowego przegl\u0105dania niniejszej Polityki prywatno\u015bci w celu wykrycia jakichkolwiek zmian.<\/p><hr \/><h3>Skontaktuj si\u0119 z nami<\/h3><p>Je\u015bli masz jakie\u015b pytania dotycz\u0105ce tej Polityki prywatno\u015bci lub naszych metodach przetwarzania danych, skontaktuj si\u0119 z nami:<\/p><ul><li><strong>E-mail:<\/strong> info@einimed.eu<\/li><\/ul><p>W EINIMED staramy si\u0119 chroni\u0107 swoj\u0105 prywatno\u015b\u0107 i bezpiecze\u0144stwo danych osobowych. Dzi\u0119kujemy za to, \u017ce powierzyli nam swoje dane.<\/p><hr \/><h3>Dlaczego wybra\u0142e\u015b w\u0142a\u015bnie nas?<\/h3><ul><li><strong>Zobowi\u0105zanie do zachowania poufno\u015bci:<\/strong> Zwracamy priorytetow\u0105 uwag\u0119 twoj\u0105 prywatno\u015b\u0107 i dbamy o to, aby twoje dane by\u0142y przetwarzane z maksymaln\u0105 staranno\u015bci\u0105.<\/li><li><strong>Przezroczysto\u015b\u0107:<\/strong> Oferujemy jasne i przejrzyste zasady, kt\u00f3re pomog\u0105 ci zrozumie\u0107, jak mo\u017cemy zarz\u0105dza\u0107 danymi.<\/li><li><strong>Bezpiecze\u0144stwo:<\/strong> Stosujemy niezawodne \u015brodki bezpiecze\u0144stwa w celu ochrony danych osobowych.<\/li><\/ul><p>Dzi\u0119kujemy za wyb\u00f3r EINIMED. Dzi\u0119kujemy za zaufanie i staramy si\u0119 chroni\u0107 swoj\u0105 prywatno\u015b\u0107.<\/p>\n\t\t\t\t\t<\/div>\n\t\t\t\t<\/div>\n\t\t\t\t<\/div>\n\t\t\t\t\t<\/div>\n\t\t\t\t<\/div>\n\t\t\t\t<\/div>","protected":false},"excerpt":{"rendered":"<p>Protecting Your Privacy Privacy Policy At , we are committed to protecting your privacy and ensuring that your personal information<\/p>","protected":false},"author":1,"featured_media":0,"parent":0,"menu_order":0,"comment_status":"closed","ping_status":"closed","template":"","meta":{"footnotes":""},"class_list":["post-15655","page","type-page","status-publish","hentry"],"_links":{"self":[{"href":"https:\/\/solararray.eu\/pl\/wp-json\/wp\/v2\/pages\/15655"}],"collection":[{"href":"https:\/\/solararray.eu\/pl\/wp-json\/wp\/v2\/pages"}],"about":[{"href":"https:\/\/solararray.eu\/pl\/wp-json\/wp\/v2\/types\/page"}],"author":[{"embeddable":true,"href":"https:\/\/solararray.eu\/pl\/wp-json\/wp\/v2\/users\/1"}],"replies":[{"embeddable":true,"href":"https:\/\/solararray.eu\/pl\/wp-json\/wp\/v2\/comments?post=15655"}],"version-history":[{"count":10,"href":"https:\/\/solararray.eu\/pl\/wp-json\/wp\/v2\/pages\/15655\/revisions"}],"predecessor-version":[{"id":15952,"href":"https:\/\/solararray.eu\/pl\/wp-json\/wp\/v2\/pages\/15655\/revisions\/15952"}],"wp:attachment":[{"href":"https:\/\/solararray.eu\/pl\/wp-json\/wp\/v2\/media?parent=15655"}],"curies":[{"name":"wp","href":"https:\/\/api.w.org\/{rel}","templated":true}]}}