{"id":15700,"date":"2024-07-26T23:29:54","date_gmt":"2024-07-26T23:29:54","guid":{"rendered":"http:\/\/192.168.13.40\/?page_id=15700"},"modified":"2024-07-28T22:46:03","modified_gmt":"2024-07-28T22:46:03","slug":"shipping-policy","status":"publish","type":"page","link":"https:\/\/solararray.eu\/pl\/polityka-transportowa\/","title":{"rendered":"Polityka Dostawy"},"content":{"rendered":"<div data-elementor-type=\"wp-page\" data-elementor-id=\"15700\" class=\"elementor elementor-15700\" data-elementor-post-type=\"page\">\n\t\t\t\t<div class=\"wd-negative-gap elementor-element elementor-element-f664520 e-flex e-con-boxed e-con e-parent\" data-id=\"f664520\" data-element_type=\"container\">\n\t\t\t\t\t<div class=\"e-con-inner\">\n\t\t\t\t<div class=\"elementor-element elementor-element-74d6d03 wd-width-100 elementor-widget elementor-widget-wd_title\" data-id=\"74d6d03\" data-element_type=\"widget\" data-widget_type=\"wd_title.default\">\n\t\t\t\t<div class=\"elementor-widget-container\">\n\t\t\t\t\t<div class=\"title-wrapper set-mb-s reset-last-child wd-title-color-default wd-title-style-default wd-title-size-default text-center\">\n\n\t\t\t\t\t\t\t<div class=\"title-subtitle subtitle-color-default subtitle-style-default wd-fontsize-xs\">\n\t\t\t\t\tNiezawodne i wydajne rozwi\u0105zanie do wysy\u0142ki\t\t\t\t<\/div>\n\t\t\t\n\t\t\t<div class=\"liner-continer\">\n\t\t\t\t<h4 class=\"woodmart-title-container title wd-fontsize-l\">Polityka Dostawy<\/h4> \n\t\t\t\t\t\t\t<\/div>\n\n\t\t\t\t\t\t\t<div class=\"title-after_title set-cont-mb-s reset-last-child wd-fontsize-xs\">\n\t\t\t\t\t<p>W EINIMED d\u0105\u017cymy do tego, aby twoje zam\u00f3wienie dostarczane szybko i bezpiecznie. W naszej kompleksowej polityki wysy\u0142ki podane s\u0105 metody, proponowane terminy dostawy, cena oraz dodatkowe informacje, kt\u00f3re zapewni\u0105 ci przyjemne zakupy.<\/p>\t\t\t\t<\/div>\n\t\t\t\t\t<\/div>\n\t\t\t\t<\/div>\n\t\t\t\t<\/div>\n\t\t\t\t<div class=\"elementor-element elementor-element-3fe77ef elementor-widget elementor-widget-wd_text_block\" data-id=\"3fe77ef\" data-element_type=\"widget\" data-widget_type=\"wd_text_block.default\">\n\t\t\t\t<div class=\"elementor-widget-container\">\n\t\t\t\t\t<div class=\"wd-text-block reset-last-child text-left\">\n\t\t\t\n\t\t\t<h3>Polityka Dostawy<\/h3><h4>Sposoby dostawy i przewo\u017anicy<\/h4><p>D\u0105\u017cymy do tego, aby twoje zam\u00f3wienie dostarczane szybko i bezpiecznie. U\u017cywamy sprawdzonych przewo\u017anik\u00f3w do dostarczania naszych produkt\u00f3w, w tym, ale nie ograniczaj\u0105c si\u0119 do:<\/p><ul><li><strong>DPD<\/strong><\/li><li><strong>Lokalne us\u0142ugi pocztowe<\/strong><\/li><\/ul><p>Wyb\u00f3r przewo\u017anika zale\u017cy od miejsca docelowego, wybranego sposobu dostawy i rodzaju zamawianych towar\u00f3w. Wybieraj\u0105c spos\u00f3b dostawy, akceptujesz polityk\u0119 dostarczania odpowiedniej firmy kurierskiej.<\/p><hr \/><h3>Przewidywane Terminy dostawy<\/h3><p>Orientacyjne terminy dostawy zale\u017c\u0105 od lokalizacji i wybranego sposobu dostawy:<\/p><ul><li><strong>Standardowa Dostawa:<\/strong> 3-7 dni roboczych<\/li><li><strong>Ekspresowa Wysy\u0142ka:<\/strong> 1-3 dni roboczych<\/li><li><strong>Nocna Dostawa:<\/strong> 1 dzie\u0144 roboczy (dost\u0119pne w niekt\u00f3rych lokalizacjach)<\/li><\/ul><p>Prosz\u0119 zwr\u00f3ci\u0107 uwag\u0119, \u017ce oceny te dostarczone przez przewo\u017anik\u00f3w i mog\u0105 si\u0119 r\u00f3\u017cni\u0107 w zale\u017cno\u015bci od takich czynnik\u00f3w, jak pogoda, \u015bwi\u0119ta i op\u00f3\u017anienia w odprawie celnej.<\/p><hr \/><h3>Koszt wysy\u0142ki i prze\u0142adunku Op\u0142aty<\/h3><p>Koszt wysy\u0142ki jest obliczany na podstawie wagi, gabaryt\u00f3w i przeznaczenia zam\u00f3wienia. Ca\u0142kowity koszt dostawy zostanie podana w momencie sk\u0142adania zam\u00f3wienia, a\u017c do zako\u0144czenia zakupu. Op\u0142ata za obs\u0142ug\u0119 zam\u00f3wienia, je\u017celi dotyczy, to jest wliczone w koszty wysy\u0142ki.<\/p><hr \/><h3>Transport mi\u0119dzynarodowy<\/h3><p>Mamy przyjemno\u015b\u0107 zaoferowa\u0107 mi\u0119dzynarodowej dostawy do r\u00f3\u017cnych miejsc przeznaczenia poza terytorium UE. Cena mi\u0119dzynarodowej dostawy i czas dostawy r\u00f3\u017cni\u0105 si\u0119 w zale\u017cno\u015bci od kraju docelowego. Koszt wysy\u0142ki zam\u00f3wie\u0144 mi\u0119dzynarodowych r\u00f3wnie\u017c zostanie obliczona na podstawie wagi i miejsca przeznaczenia zam\u00f3wienia i podana przy sk\u0142adaniu zam\u00f3wienia.<\/p><ul><li><strong>Mi\u0119dzynarodowa Standardowa Dostawa:<\/strong> 7-14 dni roboczych<\/li><li><strong>Mi\u0119dzynarodowa Wysy\u0142ka Ekspresowa:<\/strong> 3-7 dni roboczych<\/li><\/ul><p>Prosz\u0119 pami\u0119ta\u0107, \u017ce zam\u00f3wienia mi\u0119dzynarodowe mog\u0105 by\u0107 dodatkowe c\u0142a, podatk\u00f3w i ce\u0142, za kt\u00f3re odpowiada odbiorca. Zalecamy skonsultowa\u0107 si\u0119 z lokalnym urz\u0119dem celnym w celu uzyskania dodatkowych informacji na temat ewentualnych op\u0142at.<\/p><hr \/><h3>Dodatkowe informacje<\/h3><h4>Przetwarzanie zam\u00f3wienia<\/h4><p>Zam\u00f3wienia s\u0105 zazwyczaj przetwarzane w ci\u0105gu 1-2 dni roboczych. Po wys\u0142aniu zam\u00f3wienia otrzymasz e-mail z potwierdzeniem, w tym informacje do \u015bledzenia, je\u015bli takowa istnieje.<\/p><h4>\u015aledzenie<\/h4><p>Dla wi\u0119kszo\u015bci przesy\u0142ek stanowi \u015bledzenie. Otrzymasz numer przesy\u0142ki po wys\u0142aniu zam\u00f3wienia, co pozwoli ci \u015bledzi\u0107 przebieg dostawy.<\/p><h4>Problemy z dostaw\u0105<\/h4><p>Je\u015bli masz jakiekolwiek problemy z dostaw\u0105, prosimy o kontakt z naszym dzia\u0142em obs\u0142ugi klienta jak najszybciej. B\u0119dziemy pracowa\u0107 z przewo\u017anikiem, aby szybko rozwi\u0105za\u0107 problem.<\/p><h4>Kopie zam\u00f3wienia<\/h4><p>Prosz\u0119 zwr\u00f3ci\u0107 uwag\u0119, \u017ce niniejsze warunki dostawy obowi\u0105zuj\u0105 tylko do towar\u00f3w, dost\u0119pnych w tej chwili. Je\u015bli towar znajduje si\u0119 w przedsprzeda\u017cy, zasady te nie s\u0105 stosowane, a towar zostanie dostarczony, jak tylko b\u0119dzie on dost\u0119pny.<\/p><hr \/><h3>Skontaktuj si\u0119 z nami<\/h3><p>W przypadku jakichkolwiek pyta\u0144 lub \u043e\u0437\u0430\u0431\u043e\u0447\u0435\u043d\u043d\u043e\u0441\u0442\u044f\u043c dotycz\u0105cych naszej polityki wysy\u0142ki, prosimy skontaktowa\u0107 si\u0119 z naszym dzia\u0142em obs\u0142ugi klienta:<\/p><ul><li><strong>E-mail:<\/strong> info@einimed.eu<\/li><\/ul><p>Jeste\u015bmy tutaj, aby pom\u00f3c i sprawi\u0107, aby twoje do\u015bwiadczenie zakup\u00f3w by\u0142a g\u0142adka i zadowalaj\u0105ce.<\/p>\n\t\t\t\t\t<\/div>\n\t\t\t\t<\/div>\n\t\t\t\t<\/div>\n\t\t\t\t\t<\/div>\n\t\t\t\t<\/div>\n\t\t\t\t<\/div>","protected":false},"excerpt":{"rendered":"<p>Reliable and Efficient Delivery Solutions Shipping Policy At , we strive to ensure that your orders are delivered promptly and<\/p>","protected":false},"author":1,"featured_media":0,"parent":0,"menu_order":0,"comment_status":"closed","ping_status":"closed","template":"","meta":{"footnotes":""},"class_list":["post-15700","page","type-page","status-publish","hentry"],"_links":{"self":[{"href":"https:\/\/solararray.eu\/pl\/wp-json\/wp\/v2\/pages\/15700"}],"collection":[{"href":"https:\/\/solararray.eu\/pl\/wp-json\/wp\/v2\/pages"}],"about":[{"href":"https:\/\/solararray.eu\/pl\/wp-json\/wp\/v2\/types\/page"}],"author":[{"embeddable":true,"href":"https:\/\/solararray.eu\/pl\/wp-json\/wp\/v2\/users\/1"}],"replies":[{"embeddable":true,"href":"https:\/\/solararray.eu\/pl\/wp-json\/wp\/v2\/comments?post=15700"}],"version-history":[{"count":13,"href":"https:\/\/solararray.eu\/pl\/wp-json\/wp\/v2\/pages\/15700\/revisions"}],"predecessor-version":[{"id":15962,"href":"https:\/\/solararray.eu\/pl\/wp-json\/wp\/v2\/pages\/15700\/revisions\/15962"}],"wp:attachment":[{"href":"https:\/\/solararray.eu\/pl\/wp-json\/wp\/v2\/media?parent=15700"}],"curies":[{"name":"wp","href":"https:\/\/api.w.org\/{rel}","templated":true}]}}