{"id":15761,"date":"2024-07-27T22:46:38","date_gmt":"2024-07-27T22:46:38","guid":{"rendered":"http:\/\/192.168.13.40\/?page_id=15761"},"modified":"2025-07-10T13:03:48","modified_gmt":"2025-07-10T13:03:48","slug":"distribution-network","status":"publish","type":"page","link":"https:\/\/solararray.eu\/pl\/siec-dystrybucyjna\/","title":{"rendered":"Sie\u0107 dystrybucyjna"},"content":{"rendered":"<div data-elementor-type=\"wp-page\" data-elementor-id=\"15761\" class=\"elementor elementor-15761\" data-elementor-post-type=\"page\">\n\t\t\t\t<div class=\"wd-negative-gap elementor-element elementor-element-12ac704 e-flex e-con-boxed e-con e-parent\" data-id=\"12ac704\" data-element_type=\"container\">\n\t\t\t\t\t<div class=\"e-con-inner\">\n\t\t\t\t<div class=\"elementor-element elementor-element-79bfed6 wd-width-100 elementor-widget elementor-widget-wd_title\" data-id=\"79bfed6\" data-element_type=\"widget\" data-widget_type=\"wd_title.default\">\n\t\t\t\t<div class=\"elementor-widget-container\">\n\t\t\t\t\t<div class=\"title-wrapper set-mb-s reset-last-child wd-title-color-default wd-title-style-default wd-title-size-default text-center\">\n\n\t\t\t\t\t\t\t<div class=\"title-subtitle subtitle-color-default subtitle-style-default wd-fontsize-xs\">\n\t\t\t\t\tExpand Your Impact with Our Extensive Energy Distribution Network\t\t\t\t<\/div>\n\t\t\t\n\t\t\t<div class=\"liner-continer\">\n\t\t\t\t<h4 class=\"woodmart-title-container title wd-fontsize-l\">Kompleksowe Us\u0142ugi Sieci Dystrybucji<\/h4> \n\t\t\t\t\t\t\t<\/div>\n\n\t\t\t\t\t\t\t<div class=\"title-after_title set-cont-mb-s reset-last-child wd-fontsize-xs\">\n\t\t\t\t\t<p>At <strong>Solararray<\/strong>, we understand the importance of an efficient and reliable distribution network in delivering advanced energy solutions to where they are needed most. Our distribution services are designed to connect manufacturers with utilities, industrial facilities, commercial enterprises, and local governments across Europe. By leveraging our established network, we help you achieve seamless delivery and maximize your reach in the energy market.<\/p>\t\t\t\t<\/div>\n\t\t\t\t\t<\/div>\n\t\t\t\t<\/div>\n\t\t\t\t<\/div>\n\t\t\t\t<div class=\"elementor-element elementor-element-8ef0530 elementor-widget elementor-widget-spacer\" data-id=\"8ef0530\" data-element_type=\"widget\" data-widget_type=\"spacer.default\">\n\t\t\t\t<div class=\"elementor-widget-container\">\n\t\t\t<style>\/*! elementor - v3.23.0 - 05-08-2024 *\/\n.elementor-column .elementor-spacer-inner{height:var(--spacer-size)}.e-con{--container-widget-width:100%}.e-con-inner>.elementor-widget-spacer,.e-con>.elementor-widget-spacer{width:var(--container-widget-width,var(--spacer-size));--align-self:var(--container-widget-align-self,initial);--flex-shrink:0}.e-con-inner>.elementor-widget-spacer>.elementor-widget-container,.e-con>.elementor-widget-spacer>.elementor-widget-container{height:100%;width:100%}.e-con-inner>.elementor-widget-spacer>.elementor-widget-container>.elementor-spacer,.e-con>.elementor-widget-spacer>.elementor-widget-container>.elementor-spacer{height:100%}.e-con-inner>.elementor-widget-spacer>.elementor-widget-container>.elementor-spacer>.elementor-spacer-inner,.e-con>.elementor-widget-spacer>.elementor-widget-container>.elementor-spacer>.elementor-spacer-inner{height:var(--container-widget-height,var(--spacer-size))}.e-con-inner>.elementor-widget-spacer.elementor-widget-empty,.e-con>.elementor-widget-spacer.elementor-widget-empty{position:relative;min-height:22px;min-width:22px}.e-con-inner>.elementor-widget-spacer.elementor-widget-empty .elementor-widget-empty-icon,.e-con>.elementor-widget-spacer.elementor-widget-empty .elementor-widget-empty-icon{position:absolute;top:0;bottom:0;left:0;right:0;margin:auto;padding:0;width:22px;height:22px}<\/style>\t\t<div class=\"elementor-spacer\">\n\t\t\t<div class=\"elementor-spacer-inner\"><\/div>\n\t\t<\/div>\n\t\t\t\t<\/div>\n\t\t\t\t<\/div>\n\t\t\t\t\t<\/div>\n\t\t\t\t<\/div>\n\t\t<div class=\"wd-negative-gap elementor-element elementor-element-c8ed527 e-flex e-con-boxed e-con e-parent\" data-id=\"c8ed527\" data-element_type=\"container\">\n\t\t\t\t\t<div class=\"e-con-inner\">\n\t\t\t\t<div class=\"elementor-element elementor-element-a2e6a0d elementor-widget elementor-widget-wd_text_block\" data-id=\"a2e6a0d\" data-element_type=\"widget\" data-widget_type=\"wd_text_block.default\">\n\t\t\t\t<div class=\"elementor-widget-container\">\n\t\t\t\t\t<div class=\"wd-text-block reset-last-child text-left\">\n\t\t\t\n\t\t\t<blockquote><p data-start=\"196\" data-end=\"252\"><strong data-start=\"196\" data-end=\"252\">Number of Energy Infrastructure Facilities in Poland<\/strong><\/p><p data-start=\"254\" data-end=\"430\">Poland has a well-developed energy infrastructure, comprising numerous power generation plants, substations, and distribution networks. According to national energy statistics:<\/p><ul data-start=\"432\" data-end=\"774\"><li data-start=\"432\" data-end=\"544\"><p data-start=\"434\" data-end=\"544\"><strong data-start=\"434\" data-end=\"451\">Power Plants:<\/strong> Approximately 200 power generation facilities (including coal, gas, hydro, wind, and solar).<\/p><\/li><li data-start=\"545\" data-end=\"654\"><p data-start=\"547\" data-end=\"654\"><strong data-start=\"547\" data-end=\"576\">High-Voltage Substations:<\/strong> Over 1,000 high-voltage substations supporting transmission and distribution.<\/p><\/li><li data-start=\"655\" data-end=\"774\"><p data-start=\"657\" data-end=\"774\"><strong data-start=\"657\" data-end=\"699\">Distribution and Transformer Stations:<\/strong> More than 15,000 distribution and transformer stations across the country.<\/p><\/li><\/ul><hr data-start=\"776\" data-end=\"779\" \/><p data-start=\"781\" data-end=\"838\"><strong data-start=\"781\" data-end=\"838\">Number of Energy Infrastructure Facilities in Germany<\/strong><\/p><p data-start=\"840\" data-end=\"1015\">Germany\u2019s energy sector is one of the most advanced in Europe, featuring an extensive network of power facilities. According to the Federal Network Agency (Bundesnetzagentur):<\/p><ul data-start=\"1017\" data-end=\"1316\"><li data-start=\"1017\" data-end=\"1135\"><p data-start=\"1019\" data-end=\"1135\"><strong data-start=\"1019\" data-end=\"1036\">Power Plants:<\/strong> Around 1,500 power generation plants (including a high share of renewables: wind, solar, biomass).<\/p><\/li><li data-start=\"1136\" data-end=\"1204\"><p data-start=\"1138\" data-end=\"1204\"><strong data-start=\"1138\" data-end=\"1167\">High-Voltage Substations:<\/strong> Over 2,500 high-voltage substations.<\/p><\/li><li data-start=\"1205\" data-end=\"1316\"><p data-start=\"1207\" data-end=\"1316\"><strong data-start=\"1207\" data-end=\"1249\">Distribution and Transformer Stations:<\/strong> More than 30,000 distribution and transformer stations nationwide.<\/p><\/li><\/ul><hr data-start=\"1318\" data-end=\"1321\" \/><p data-start=\"1323\" data-end=\"1379\"><strong data-start=\"1323\" data-end=\"1379\">Number of Energy Infrastructure Facilities in the EU<\/strong><\/p><p data-start=\"1381\" data-end=\"1572\">The European Union boasts a vast and diverse energy infrastructure, ensuring energy security and supporting the energy transition across member states (Eurostat and European Commission data):<\/p><ul data-start=\"1574\" data-end=\"1912\"><li data-start=\"1574\" data-end=\"1683\"><p data-start=\"1576\" data-end=\"1683\"><strong data-start=\"1576\" data-end=\"1593\">Power Plants:<\/strong> Approximately 16,000 power generation plants (all energy sources combined) across the EU.<\/p><\/li><li data-start=\"1684\" data-end=\"1753\"><p data-start=\"1686\" data-end=\"1753\"><strong data-start=\"1686\" data-end=\"1715\">High-Voltage Substations:<\/strong> Over 20,000 high-voltage substations.<\/p><\/li><li data-start=\"1754\" data-end=\"1912\"><p data-start=\"1756\" data-end=\"1912\"><strong data-start=\"1756\" data-end=\"1798\">Distribution and Transformer Stations:<\/strong> More than 250,000 distribution and transformer stations, supporting grid modernization and renewable integration.<\/p><\/li><\/ul><\/blockquote>\n\t\t\t\t\t<\/div>\n\t\t\t\t<\/div>\n\t\t\t\t<\/div>\n\t\t\t\t<div class=\"elementor-element elementor-element-227aff8 elementor-widget elementor-widget-spacer\" data-id=\"227aff8\" data-element_type=\"widget\" data-widget_type=\"spacer.default\">\n\t\t\t\t<div class=\"elementor-widget-container\">\n\t\t\t\t\t<div class=\"elementor-spacer\">\n\t\t\t<div class=\"elementor-spacer-inner\"><\/div>\n\t\t<\/div>\n\t\t\t\t<\/div>\n\t\t\t\t<\/div>\n\t\t\t\t\t<\/div>\n\t\t\t\t<\/div>\n\t\t<div class=\"wd-negative-gap elementor-element elementor-element-ab26d10 e-flex e-con-boxed e-con e-parent\" data-id=\"ab26d10\" data-element_type=\"container\">\n\t\t\t\t\t<div class=\"e-con-inner\">\n\t\t\t\t<div class=\"elementor-element elementor-element-56d1336 elementor-widget elementor-widget-wd_text_block\" data-id=\"56d1336\" data-element_type=\"widget\" data-widget_type=\"wd_text_block.default\">\n\t\t\t\t<div class=\"elementor-widget-container\">\n\t\t\t\t\t<div class=\"wd-text-block reset-last-child text-left\">\n\t\t\t\n\t\t\t<h2 data-start=\"208\" data-end=\"223\">Nasze Us\u0142ugi<\/h2><h3 data-start=\"225\" data-end=\"252\">Strategiczny Dost\u0119p Do Rynku<\/h3><p data-start=\"254\" data-end=\"446\">We provide strategic market access solutions to help you enter and expand in new energy markets. Our expertise ensures that your products reach the right audiences efficiently and effectively.<\/p><p data-start=\"448\" data-end=\"461\"><strong data-start=\"448\" data-end=\"461\">Zalety:<\/strong><\/p><ul data-start=\"462\" data-end=\"783\"><li data-start=\"462\" data-end=\"560\"><p data-start=\"464\" data-end=\"560\"><strong data-start=\"464\" data-end=\"479\">Dla Marek:<\/strong> Accelerated market entry and increased sales opportunities in the energy sector.<\/p><\/li><li data-start=\"561\" data-end=\"663\"><p data-start=\"563\" data-end=\"663\"><strong data-start=\"563\" data-end=\"592\">For Utilities &amp; Industry:<\/strong> Access to a wider range of advanced energy solutions and technologies.<\/p><\/li><li data-start=\"664\" data-end=\"783\"><p data-start=\"666\" data-end=\"783\"><strong data-start=\"666\" data-end=\"693\">For Project Developers:<\/strong> Availability of innovative systems to enhance operational efficiency and project success.<\/p><\/li><\/ul><hr data-start=\"785\" data-end=\"788\" \/><h3 data-start=\"790\" data-end=\"817\">Logistyka i Magazynowanie<\/h3><p data-start=\"819\" data-end=\"1010\">Our logistics and warehousing services guarantee secure and efficient storage and transportation of energy equipment. We manage the entire supply chain to ensure timely and reliable delivery.<\/p><p data-start=\"1012\" data-end=\"1025\"><strong data-start=\"1012\" data-end=\"1025\">Zalety:<\/strong><\/p><ul data-start=\"1026\" data-end=\"1273\"><li data-start=\"1026\" data-end=\"1099\"><p data-start=\"1028\" data-end=\"1099\"><strong data-start=\"1028\" data-end=\"1043\">Dla Marek:<\/strong> Reliable, safe, and compliant distribution of products.<\/p><\/li><li data-start=\"1100\" data-end=\"1192\"><p data-start=\"1102\" data-end=\"1192\"><strong data-start=\"1102\" data-end=\"1131\">For Utilities &amp; Industry:<\/strong> Timely and efficient delivery of essential energy equipment.<\/p><\/li><li data-start=\"1193\" data-end=\"1273\"><p data-start=\"1195\" data-end=\"1273\"><strong data-start=\"1195\" data-end=\"1214\">For Installers:<\/strong> Consistent availability of crucial devices and components.<\/p><\/li><\/ul><hr data-start=\"1275\" data-end=\"1278\" \/><h3 data-start=\"1280\" data-end=\"1304\">Lokalne Przedstawicielstwo<\/h3><p data-start=\"1306\" data-end=\"1531\">We offer local representation to bridge the gap between manufacturers and end-users. Our local experts understand regional market dynamics and regulatory requirements, ensuring seamless cooperation and project implementation.<\/p><p data-start=\"1533\" data-end=\"1546\"><strong data-start=\"1533\" data-end=\"1546\">Zalety:<\/strong><\/p><ul data-start=\"1547\" data-end=\"1831\"><li data-start=\"1547\" data-end=\"1623\"><p data-start=\"1549\" data-end=\"1623\"><strong data-start=\"1549\" data-end=\"1564\">Dla Marek:<\/strong> Enhanced presence and credibility in local energy markets.<\/p><\/li><li data-start=\"1624\" data-end=\"1735\"><p data-start=\"1626\" data-end=\"1735\"><strong data-start=\"1626\" data-end=\"1655\">For Utilities &amp; Industry:<\/strong> Local support and expertise to facilitate equipment acquisition and deployment.<\/p><\/li><li data-start=\"1736\" data-end=\"1831\"><p data-start=\"1738\" data-end=\"1831\"><strong data-start=\"1738\" data-end=\"1757\">For Installers:<\/strong> Easy access to local representatives for technical support and inquiries.<\/p><\/li><\/ul><hr data-start=\"1833\" data-end=\"1836\" \/><h3 data-start=\"1838\" data-end=\"1874\">Pomoc W Spe\u0142nieniu wymog\u00f3w Prawnych<\/h3><p data-start=\"1876\" data-end=\"2073\">Navigating regulatory requirements is essential for successful market entry. We assist in ensuring that your products comply with local standards and regulations, streamlining the approval process.<\/p><p data-start=\"2075\" data-end=\"2088\"><strong data-start=\"2075\" data-end=\"2088\">Zalety:<\/strong><\/p><ul data-start=\"2089\" data-end=\"2360\"><li data-start=\"2089\" data-end=\"2179\"><p data-start=\"2091\" data-end=\"2179\"><strong data-start=\"2091\" data-end=\"2106\">Dla Marek:<\/strong> Compliance with regional regulations, reducing barriers to market entry.<\/p><\/li><li data-start=\"2180\" data-end=\"2271\"><p data-start=\"2182\" data-end=\"2271\"><strong data-start=\"2182\" data-end=\"2211\">For Utilities &amp; Industry:<\/strong> Assurance of acquiring certified and safe energy solutions.<\/p><\/li><li data-start=\"2272\" data-end=\"2360\"><p data-start=\"2274\" data-end=\"2360\"><strong data-start=\"2274\" data-end=\"2293\">For Installers:<\/strong> Confidence in deploying equipment that meets regulatory standards.<\/p><\/li><\/ul><hr data-start=\"2362\" data-end=\"2365\" \/><h3 data-start=\"2367\" data-end=\"2396\">Wsparcie sprzeda\u017cy i Marketingu<\/h3><p data-start=\"2398\" data-end=\"2625\">Our sales and marketing support services help you promote your energy solutions effectively within our network. We develop targeted strategies to increase visibility, drive sales, and strengthen your brand in the energy market.<\/p><p data-start=\"2627\" data-end=\"2640\"><strong data-start=\"2627\" data-end=\"2640\">Zalety:<\/strong><\/p><ul data-start=\"2641\" data-end=\"2905\"><li data-start=\"2641\" data-end=\"2723\"><p data-start=\"2643\" data-end=\"2723\"><strong data-start=\"2643\" data-end=\"2658\">Dla Marek:<\/strong> Increased brand awareness and market share in the energy sector.<\/p><\/li><li data-start=\"2724\" data-end=\"2816\"><p data-start=\"2726\" data-end=\"2816\"><strong data-start=\"2726\" data-end=\"2755\">For Utilities &amp; Industry:<\/strong> Information and promotions on the latest energy innovations.<\/p><\/li><li data-start=\"2817\" data-end=\"2905\"><p data-start=\"2819\" data-end=\"2905\"><strong data-start=\"2819\" data-end=\"2838\">For Installers:<\/strong> Access to updates on the latest advancements and product launches.<\/p><\/li><\/ul><hr data-start=\"2907\" data-end=\"2910\" \/><h3 data-start=\"2912\" data-end=\"2942\">Obs\u0142uga Klienta i Wsparcie<\/h3><p data-start=\"2944\" data-end=\"3130\">We provide exceptional customer service and support throughout the distribution process. Our dedicated team addresses any issues promptly and professionally to ensure total satisfaction.<\/p><p data-start=\"3132\" data-end=\"3145\"><strong data-start=\"3132\" data-end=\"3145\">Zalety:<\/strong><\/p><ul data-start=\"3146\" data-end=\"3388\"><li data-start=\"3146\" data-end=\"3223\"><p data-start=\"3148\" data-end=\"3223\"><strong data-start=\"3148\" data-end=\"3163\">Dla Marek:<\/strong> High levels of customer satisfaction and long-term loyalty.<\/p><\/li><li data-start=\"3224\" data-end=\"3310\"><p data-start=\"3226\" data-end=\"3310\"><strong data-start=\"3226\" data-end=\"3255\">For Utilities &amp; Industry:<\/strong> Reliable support for any distribution-related matters.<\/p><\/li><li data-start=\"3311\" data-end=\"3388\"><p data-start=\"3313\" data-end=\"3388\"><strong data-start=\"3313\" data-end=\"3332\">For Installers:<\/strong> Efficient resolution of technical inquiries and issues.<\/p><\/li><\/ul><hr data-start=\"3390\" data-end=\"3393\" \/><h2 data-start=\"3395\" data-end=\"3412\">Dlaczego wybra\u0142e\u015b w\u0142a\u015bnie nas?<\/h2><h3 data-start=\"3414\" data-end=\"3440\">Wiedza i Do\u015bwiadczenie<\/h3><p data-start=\"3442\" data-end=\"3611\">Our team brings extensive experience in energy technology distribution. We leverage our deep industry knowledge to deliver reliable and effective distribution solutions.<\/p><h3 data-start=\"3613\" data-end=\"3638\">Kompleksowa Sie\u0107<\/h3><p data-start=\"3640\" data-end=\"3828\">We offer a robust distribution network connecting manufacturers with utilities, industrial clients, and energy professionals across Europe, ensuring wide-reaching access for your products.<\/p><h3 data-start=\"3830\" data-end=\"3852\">Indywidualne rozwi\u0105zania<\/h3><p data-start=\"3854\" data-end=\"3998\">We customize our distribution services to match the unique needs of your products and target markets, ensuring optimal results and satisfaction.<\/p><h3 data-start=\"4000\" data-end=\"4018\">Sprawdzony Sukces<\/h3><p data-start=\"4020\" data-end=\"4209\">Our successful track record in distributing advanced energy technologies speaks for itself. We have helped numerous brands expand their market presence and achieve their distribution goals.<\/p><hr data-start=\"4211\" data-end=\"4214\" \/><h2 data-start=\"4216\" data-end=\"4229\">Skontaktuj si\u0119 z nami<\/h2><p data-start=\"4231\" data-end=\"4578\">Ready to expand your reach with our extensive energy distribution network services? Contact our team today to schedule a consultation. Fill out the contact form on our website, and we\u2019ll follow up to arrange a meeting or Teams call to discuss your needs. We look forward to helping you achieve your goals with tailored solutions that work for you.<\/p><p data-start=\"4580\" data-end=\"4854\">At <strong data-start=\"4583\" data-end=\"4597\">Solararray<\/strong>, we are dedicated to providing expert distribution network services that support your success. Let us help you navigate the complexities of energy technology distribution and ensure your products reach their intended markets. Contact us at info@einimed.eu.<\/p>\n\t\t\t\t\t<\/div>\n\t\t\t\t<\/div>\n\t\t\t\t<\/div>\n\t\t\t\t\t<\/div>\n\t\t\t\t<\/div>\n\t\t\t\t<\/div>","protected":false},"excerpt":{"rendered":"<p>Expand Your Impact with Our Extensive Energy Distribution Network Comprehensive Distribution Network Services At Solararray, we understand the importance of<\/p>","protected":false},"author":1,"featured_media":0,"parent":0,"menu_order":0,"comment_status":"closed","ping_status":"closed","template":"","meta":{"footnotes":""},"class_list":["post-15761","page","type-page","status-publish","hentry"],"_links":{"self":[{"href":"https:\/\/solararray.eu\/pl\/wp-json\/wp\/v2\/pages\/15761"}],"collection":[{"href":"https:\/\/solararray.eu\/pl\/wp-json\/wp\/v2\/pages"}],"about":[{"href":"https:\/\/solararray.eu\/pl\/wp-json\/wp\/v2\/types\/page"}],"author":[{"embeddable":true,"href":"https:\/\/solararray.eu\/pl\/wp-json\/wp\/v2\/users\/1"}],"replies":[{"embeddable":true,"href":"https:\/\/solararray.eu\/pl\/wp-json\/wp\/v2\/comments?post=15761"}],"version-history":[{"count":13,"href":"https:\/\/solararray.eu\/pl\/wp-json\/wp\/v2\/pages\/15761\/revisions"}],"predecessor-version":[{"id":18188,"href":"https:\/\/solararray.eu\/pl\/wp-json\/wp\/v2\/pages\/15761\/revisions\/18188"}],"wp:attachment":[{"href":"https:\/\/solararray.eu\/pl\/wp-json\/wp\/v2\/media?parent=15761"}],"curies":[{"name":"wp","href":"https:\/\/api.w.org\/{rel}","templated":true}]}}