{"id":15772,"date":"2024-07-27T22:53:05","date_gmt":"2024-07-27T22:53:05","guid":{"rendered":"http:\/\/192.168.13.40\/?page_id=15772"},"modified":"2025-07-11T13:15:38","modified_gmt":"2025-07-11T13:15:38","slug":"maintenance-repair","status":"publish","type":"page","link":"https:\/\/solararray.eu\/pl\/naprawa-serwisowa\/","title":{"rendered":"Konserwacja i naprawa"},"content":{"rendered":"<div data-elementor-type=\"wp-page\" data-elementor-id=\"15772\" class=\"elementor elementor-15772\" data-elementor-post-type=\"page\">\n\t\t\t\t<div class=\"wd-negative-gap elementor-element elementor-element-480277cd e-flex e-con-boxed e-con e-parent\" data-id=\"480277cd\" data-element_type=\"container\">\n\t\t\t\t\t<div class=\"e-con-inner\">\n\t\t\t\t<div class=\"elementor-element elementor-element-3304dea wd-width-100 elementor-widget elementor-widget-wd_title\" data-id=\"3304dea\" data-element_type=\"widget\" data-widget_type=\"wd_title.default\">\n\t\t\t\t<div class=\"elementor-widget-container\">\n\t\t\t\t\t<div class=\"title-wrapper set-mb-s reset-last-child wd-title-color-default wd-title-style-default wd-title-size-default text-center\">\n\n\t\t\t\t\t\t\t<div class=\"title-subtitle subtitle-color-default subtitle-style-default wd-fontsize-xs\">\n\t\t\t\t\tKeep Your Energy Systems Running Smoothly with Expert Maintenance &amp; Repair\t\t\t\t<\/div>\n\t\t\t\n\t\t\t<div class=\"liner-continer\">\n\t\t\t\t<h4 class=\"woodmart-title-container title wd-fontsize-l\">Kompleksowe Us\u0142ugi W zakresie konserwacji i napraw<\/h4> \n\t\t\t\t\t\t\t<\/div>\n\n\t\t\t\t\t\t\t<div class=\"title-after_title set-cont-mb-s reset-last-child wd-fontsize-xs\">\n\t\t\t\t\t<p>At <strong>Solararray<\/strong>, we understand that the reliability and performance of your energy systems are crucial to ensuring efficient and secure power supply. Our Maintenance &amp; Repair services are designed to keep your energy storage, renewable, and grid solutions operating at their best, minimizing downtime and extending system lifespan. Whether you need routine maintenance or urgent repairs, our skilled technicians are here to provide the support you need.<\/p>\t\t\t\t<\/div>\n\t\t\t\t\t<\/div>\n\t\t\t\t<\/div>\n\t\t\t\t<\/div>\n\t\t\t\t<div class=\"elementor-element elementor-element-6af6a1c1 color-scheme-inherit text-left elementor-widget elementor-widget-text-editor\" data-id=\"6af6a1c1\" data-element_type=\"widget\" data-widget_type=\"text-editor.default\">\n\t\t\t\t<div class=\"elementor-widget-container\">\n\t\t\t<style>\/*! elementor - v3.23.0 - 05-08-2024 *\/\n.elementor-widget-text-editor.elementor-drop-cap-view-stacked .elementor-drop-cap{background-color:#69727d;color:#fff}.elementor-widget-text-editor.elementor-drop-cap-view-framed .elementor-drop-cap{color:#69727d;border:3px solid;background-color:transparent}.elementor-widget-text-editor:not(.elementor-drop-cap-view-default) .elementor-drop-cap{margin-top:8px}.elementor-widget-text-editor:not(.elementor-drop-cap-view-default) .elementor-drop-cap-letter{width:1em;height:1em}.elementor-widget-text-editor .elementor-drop-cap{float:left;text-align:center;line-height:1;font-size:50px}.elementor-widget-text-editor .elementor-drop-cap-letter{display:inline-block}<\/style>\t\t\t\t<!-- wp:paragraph -->\n<h3 data-start=\"750\" data-end=\"766\">Nasze Us\u0142ugi<\/h3>\n<p data-start=\"768\" data-end=\"998\"><strong data-start=\"768\" data-end=\"796\">Konserwacja<\/strong><br data-start=\"796\" data-end=\"799\" \/>We offer comprehensive preventative maintenance programs tailored to your specific energy systems and operational profiles. Regular maintenance helps prevent failures and ensures optimal performance.<\/p>\n<p data-start=\"1000\" data-end=\"1013\"><strong data-start=\"1000\" data-end=\"1013\">Zalety:<\/strong><\/p>\n<ul data-start=\"1014\" data-end=\"1242\">\n<li data-start=\"1014\" data-end=\"1087\">\n<p data-start=\"1016\" data-end=\"1087\"><strong data-start=\"1016\" data-end=\"1031\">Dla Marek:<\/strong> Zwi\u0119kszona niezawodno\u015b\u0107 produkt\u00f3w i zadowolenie klient\u00f3w.<\/p>\n<\/li>\n<li data-start=\"1088\" data-end=\"1166\">\n<p data-start=\"1090\" data-end=\"1166\"><strong data-start=\"1090\" data-end=\"1119\">For Utilities &amp; Industry:<\/strong> Reduced system downtime and maintenance costs.<\/p>\n<\/li>\n<li data-start=\"1167\" data-end=\"1242\">\n<p data-start=\"1169\" data-end=\"1242\"><strong data-start=\"1169\" data-end=\"1188\">For Installers:<\/strong> Consistent, high-performing systems for your clients.<\/p>\n<\/li>\n<\/ul>\n<hr data-start=\"1244\" data-end=\"1247\" \/>\n<p data-start=\"1249\" data-end=\"1457\"><strong data-start=\"1249\" data-end=\"1270\">Naprawy awaryjne<\/strong><br data-start=\"1270\" data-end=\"1273\" \/>Our team is available for emergency repairs, minimizing downtime and restoring system functionality quickly. We respond promptly to any issues to keep your operations running smoothly.<\/p>\n<p data-start=\"1459\" data-end=\"1472\"><strong data-start=\"1459\" data-end=\"1472\">Zalety:<\/strong><\/p>\n<ul data-start=\"1473\" data-end=\"1720\">\n<li data-start=\"1473\" data-end=\"1550\">\n<p data-start=\"1475\" data-end=\"1550\"><strong data-start=\"1475\" data-end=\"1490\">Dla Marek:<\/strong> Swift issue resolution and maintenance of brand reputation.<\/p>\n<\/li>\n<li data-start=\"1551\" data-end=\"1642\">\n<p data-start=\"1553\" data-end=\"1642\"><strong data-start=\"1553\" data-end=\"1582\">For Utilities &amp; Industry:<\/strong> Quick recovery from failures, ensuring uninterrupted power.<\/p>\n<\/li>\n<li data-start=\"1643\" data-end=\"1720\">\n<p data-start=\"1645\" data-end=\"1720\"><strong data-start=\"1645\" data-end=\"1664\">For Installers:<\/strong> Reliable support, reducing disruption to your projects.<\/p>\n<\/li>\n<\/ul>\n<hr data-start=\"1722\" data-end=\"1725\" \/>\n<p data-start=\"1727\" data-end=\"1952\"><strong data-start=\"1727\" data-end=\"1749\">System Calibration<\/strong><br data-start=\"1749\" data-end=\"1752\" \/>We provide precise calibration services to ensure your energy systems meet industry standards and perform accurately. Regular calibration is essential for optimal efficiency and regulatory compliance.<\/p>\n<p data-start=\"1954\" data-end=\"1967\"><strong data-start=\"1954\" data-end=\"1967\">Zalety:<\/strong><\/p>\n<ul data-start=\"1968\" data-end=\"2185\">\n<li data-start=\"1968\" data-end=\"2036\">\n<p data-start=\"1970\" data-end=\"2036\"><strong data-start=\"1970\" data-end=\"1985\">Dla Marek:<\/strong> Assurance of products performing to specification.<\/p>\n<\/li>\n<li data-start=\"2037\" data-end=\"2110\">\n<p data-start=\"2039\" data-end=\"2110\"><strong data-start=\"2039\" data-end=\"2068\">For Utilities &amp; Industry:<\/strong> Accurate and reliable system performance.<\/p>\n<\/li>\n<li data-start=\"2111\" data-end=\"2185\">\n<p data-start=\"2113\" data-end=\"2185\"><strong data-start=\"2113\" data-end=\"2132\">For Installers:<\/strong> Confidence in the performance of every installation.<\/p>\n<\/li>\n<\/ul>\n<hr data-start=\"2187\" data-end=\"2190\" \/>\n<p data-start=\"2192\" data-end=\"2389\"><strong data-start=\"2192\" data-end=\"2213\">Wymiana cz\u0119\u015bci<\/strong><br data-start=\"2213\" data-end=\"2216\" \/>We source and replace components with genuine, manufacturer-approved parts to maintain system quality and longevity. Our network ensures quick access to all necessary parts.<\/p>\n<p data-start=\"2391\" data-end=\"2404\"><strong data-start=\"2391\" data-end=\"2404\">Zalety:<\/strong><\/p>\n<ul data-start=\"2405\" data-end=\"2628\">\n<li data-start=\"2405\" data-end=\"2466\">\n<p data-start=\"2407\" data-end=\"2466\"><strong data-start=\"2407\" data-end=\"2422\">Dla Marek:<\/strong> Enhanced product longevity and reliability.<\/p>\n<\/li>\n<li data-start=\"2467\" data-end=\"2552\">\n<p data-start=\"2469\" data-end=\"2552\"><strong data-start=\"2469\" data-end=\"2498\">For Utilities &amp; Industry:<\/strong> Reliable parts replacement ensures system durability.<\/p>\n<\/li>\n<li data-start=\"2553\" data-end=\"2628\">\n<p data-start=\"2555\" data-end=\"2628\"><strong data-start=\"2555\" data-end=\"2574\">For Installers:<\/strong> Continued optimal performance of installed solutions.<\/p>\n<\/li>\n<\/ul>\n<hr data-start=\"2630\" data-end=\"2633\" \/>\n<p data-start=\"2635\" data-end=\"2855\"><strong data-start=\"2635\" data-end=\"2661\">Monitorowanie wydajno\u015bci<\/strong><br data-start=\"2661\" data-end=\"2664\" \/>We offer continuous performance monitoring to detect potential issues before they become major problems. Our proactive approach helps maintain system reliability and reduce unplanned outages.<\/p>\n<p data-start=\"2857\" data-end=\"2870\"><strong data-start=\"2857\" data-end=\"2870\">Zalety:<\/strong><\/p>\n<ul data-start=\"2871\" data-end=\"3115\">\n<li data-start=\"2871\" data-end=\"2946\">\n<p data-start=\"2873\" data-end=\"2946\"><strong data-start=\"2873\" data-end=\"2888\">Dla Marek:<\/strong> Proactive issue resolution protecting product reputation.<\/p>\n<\/li>\n<li data-start=\"2947\" data-end=\"3032\">\n<p data-start=\"2949\" data-end=\"3032\"><strong data-start=\"2949\" data-end=\"2978\">For Utilities &amp; Industry:<\/strong> Wczesne wykrycie problem\u00f3w, nie rozmazuje si\u0119, kosztowne naprawy.<\/p>\n<\/li>\n<li data-start=\"3033\" data-end=\"3115\">\n<p data-start=\"3035\" data-end=\"3115\"><strong data-start=\"3035\" data-end=\"3054\">For Installers:<\/strong> Dependable systems supporting long-term client satisfaction.<\/p>\n<\/li>\n<\/ul>\n<hr data-start=\"3117\" data-end=\"3120\" \/>\n<p data-start=\"3122\" data-end=\"3346\"><strong data-start=\"3122\" data-end=\"3143\">Wsparcie Techniczne<\/strong><br data-start=\"3143\" data-end=\"3146\" \/>Our knowledgeable support team is available to provide technical assistance and troubleshoot any problems. We ensure your staff and clients are fully supported in using and maintaining energy systems.<\/p>\n<p data-start=\"3348\" data-end=\"3361\"><strong data-start=\"3348\" data-end=\"3361\">Zalety:<\/strong><\/p>\n<ul data-start=\"3362\" data-end=\"3603\">\n<li data-start=\"3362\" data-end=\"3441\">\n<p data-start=\"3364\" data-end=\"3441\"><strong data-start=\"3364\" data-end=\"3379\">Dla Marek:<\/strong> Specjalne wsparcie zwi\u0119ksza lojalno\u015b\u0107 i zadowolenie klient\u00f3w.<\/p>\n<\/li>\n<li data-start=\"3442\" data-end=\"3522\">\n<p data-start=\"3444\" data-end=\"3522\"><strong data-start=\"3444\" data-end=\"3473\">For Utilities &amp; Industry:<\/strong> Immediate technical assistance reduces downtime.<\/p>\n<\/li>\n<li data-start=\"3523\" data-end=\"3603\">\n<p data-start=\"3525\" data-end=\"3603\"><strong data-start=\"3525\" data-end=\"3544\">For Installers:<\/strong> Expert guidance ensures proper system use and maintenance.<\/p>\n<\/li>\n<\/ul>\n<hr data-start=\"3605\" data-end=\"3608\" \/>\n<h2 data-start=\"3610\" data-end=\"3627\">Dlaczego wybra\u0142e\u015b w\u0142a\u015bnie nas?<\/h2>\n<p data-start=\"3629\" data-end=\"3874\"><strong data-start=\"3629\" data-end=\"3655\">Wiedza i Do\u015bwiadczenie<\/strong><br data-start=\"3655\" data-end=\"3658\" \/>Our technicians bring extensive experience in maintaining and repairing energy systems\u2014magazyny energii, OZE, and power networks. We combine technical know-how with industry knowledge to deliver high-quality service.<\/p>\n<p data-start=\"3876\" data-end=\"4044\"><strong data-start=\"3876\" data-end=\"3898\">Indywidualne rozwi\u0105zania<\/strong><br data-start=\"3898\" data-end=\"3901\" \/>We customize our maintenance and repair services to meet the unique needs of your systems and operations, ensuring relevance and effectiveness.<\/p>\n<p data-start=\"4046\" data-end=\"4221\"><strong data-start=\"4046\" data-end=\"4073\">Kompleksowe rozwi\u0105zania<\/strong><br data-start=\"4073\" data-end=\"4076\" \/>From preventative maintenance to emergency repairs, we offer a full spectrum of services to keep your energy infrastructure in optimal condition.<\/p>\n<p data-start=\"4223\" data-end=\"4427\"><strong data-start=\"4223\" data-end=\"4241\">Sprawdzony Sukces<\/strong><br data-start=\"4241\" data-end=\"4244\" \/>Our proven track record in providing reliable maintenance and repair services speaks for itself. We have helped numerous clients maintain their systems and ensure optimal performance.<\/p>\n<hr data-start=\"4429\" data-end=\"4432\" \/>\n<h2 data-start=\"4434\" data-end=\"4447\">Skontaktuj si\u0119 z nami<\/h2>\n<p data-start=\"4449\" data-end=\"4833\">Ready to ensure the reliable performance of your energy systems with expert maintenance and repair services? Contact our team today to schedule a consultation. Fill out the contact form on our website, and we\u2019ll follow up to arrange a meeting or Teams call to discuss your needs. We look forward to helping you achieve your maintenance goals with tailored solutions that work for you.<\/p>\n<p data-start=\"4835\" data-end=\"5093\">At <strong data-start=\"4838\" data-end=\"4852\">Solararray<\/strong>, we are dedicated to providing expert maintenance and repair services that support your success. Let us help you keep your energy systems running smoothly and deliver the highest reliability for your business. Contact us at info@einimed.eu.<\/p>\n<!-- \/wp:paragraph -->\t\t\t\t\t\t<\/div>\n\t\t\t\t<\/div>\n\t\t\t\t\t<\/div>\n\t\t\t\t<\/div>\n\t\t\t\t<\/div>","protected":false},"excerpt":{"rendered":"<p>Keep Your Energy Systems Running Smoothly with Expert Maintenance &amp; Repair Comprehensive Maintenance &amp; Repair Services At Solararray, we understand<\/p>","protected":false},"author":1,"featured_media":0,"parent":0,"menu_order":0,"comment_status":"closed","ping_status":"closed","template":"","meta":{"footnotes":""},"class_list":["post-15772","page","type-page","status-publish","hentry"],"_links":{"self":[{"href":"https:\/\/solararray.eu\/pl\/wp-json\/wp\/v2\/pages\/15772"}],"collection":[{"href":"https:\/\/solararray.eu\/pl\/wp-json\/wp\/v2\/pages"}],"about":[{"href":"https:\/\/solararray.eu\/pl\/wp-json\/wp\/v2\/types\/page"}],"author":[{"embeddable":true,"href":"https:\/\/solararray.eu\/pl\/wp-json\/wp\/v2\/users\/1"}],"replies":[{"embeddable":true,"href":"https:\/\/solararray.eu\/pl\/wp-json\/wp\/v2\/comments?post=15772"}],"version-history":[{"count":7,"href":"https:\/\/solararray.eu\/pl\/wp-json\/wp\/v2\/pages\/15772\/revisions"}],"predecessor-version":[{"id":18235,"href":"https:\/\/solararray.eu\/pl\/wp-json\/wp\/v2\/pages\/15772\/revisions\/18235"}],"wp:attachment":[{"href":"https:\/\/solararray.eu\/pl\/wp-json\/wp\/v2\/media?parent=15772"}],"curies":[{"name":"wp","href":"https:\/\/api.w.org\/{rel}","templated":true}]}}