{"id":15785,"date":"2024-07-28T09:56:24","date_gmt":"2024-07-28T09:56:24","guid":{"rendered":"http:\/\/192.168.13.40\/?page_id=15785"},"modified":"2024-07-28T22:27:01","modified_gmt":"2024-07-28T22:27:01","slug":"faq","status":"publish","type":"page","link":"https:\/\/solararray.eu\/pl\/faq\/","title":{"rendered":"Pytania i odpowiedzi"},"content":{"rendered":"<div data-elementor-type=\"wp-page\" data-elementor-id=\"15785\" class=\"elementor elementor-15785\" data-elementor-post-type=\"page\">\n\t\t\t\t<div class=\"wd-negative-gap elementor-element elementor-element-a7575ec e-flex e-con-boxed e-con e-parent\" data-id=\"a7575ec\" data-element_type=\"container\">\n\t\t\t\t\t<div class=\"e-con-inner\">\n\t\t\t\t<div class=\"elementor-element elementor-element-2257b25 wd-width-100 elementor-widget elementor-widget-wd_title\" data-id=\"2257b25\" data-element_type=\"widget\" data-widget_type=\"wd_title.default\">\n\t\t\t\t<div class=\"elementor-widget-container\">\n\t\t\t\t\t<div class=\"title-wrapper set-mb-s reset-last-child wd-title-color-default wd-title-style-default wd-title-size-default text-center\">\n\n\t\t\t\t\t\t\t<div class=\"title-subtitle subtitle-color-default subtitle-style-default wd-fontsize-xs\">\n\t\t\t\t\tWszystko, co musisz wiedzie\u0107\t\t\t\t<\/div>\n\t\t\t\n\t\t\t<div class=\"liner-continer\">\n\t\t\t\t<h4 class=\"woodmart-title-container title wd-fontsize-l\">Pytania i odpowiedzi<\/h4> \n\t\t\t\t\t\t\t<\/div>\n\n\t\t\t\t\t\t\t<div class=\"title-after_title set-cont-mb-s reset-last-child wd-fontsize-xs\">\n\t\t\t\t\t<p>Zapraszamy do naszej sekcji cz\u0119sto zadawanych pyta\u0144. Tutaj znajdziesz odpowiedzi na cz\u0119sto zadawane pytania dotycz\u0105ce naszych us\u0142ugach, produktach i o tym, jak mo\u017cemy pom\u00f3c twojej firmie. Je\u015bli potrzebujesz dodatkowej pomocy, prosz\u0119 nie wahaj si\u0119 skontaktowa\u0107 z nami poprzez formularz kontaktowy, i mo\u017cemy um\u00f3wi\u0107 si\u0119 na spotkanie lub odezw\u0119 si\u0119 z zespo\u0142em, aby om\u00f3wi\u0107 twoje potrzeby.<\/p>\t\t\t\t<\/div>\n\t\t\t\t\t<\/div>\n\t\t\t\t<\/div>\n\t\t\t\t<\/div>\n\t\t\t\t<div class=\"elementor-element elementor-element-9622ae3 elementor-widget elementor-widget-wd_accordion\" data-id=\"9622ae3\" data-element_type=\"widget\" data-widget_type=\"wd_accordion.default\">\n\t\t\t\t<div class=\"elementor-widget-container\">\n\t\t\t\n\t\t<div class=\"wd-accordion wd-style-shadow\" data-state=\"first\">\n\t\t\t\t\t\t\t\n\t\t\t\t<div class=\"wd-accordion-item\">\n\t\t\t\t\t<div class=\"wd-accordion-title wd-active text-left wd-opener-pos-left\" data-accordion-index=\"0\">\n\t\t\t\t\t\t<div class=\"wd-accordion-title-text\">\n\t\t\t\t\t\t\t\t\t\t\t\t\t\t<span>\n\t\t\t\t\t\t\t\tJakie us\u0142ugi oferuje EINIMED?\t\t\t\t\t\t\t<\/span>\n\t\t\t\t\t\t<\/div>\n\t\t\t\t\t\t<span class=\"wd-accordion-opener wd-opener-style-arrow\"><\/span>\n\t\t\t\t\t<\/div>\n\n\t\t\t\t\t<div class=\"wd-accordion-content reset-last-child wd-active\" data-accordion-index=\"0\">\n\t\t\t\t\t\t\t\t\t\t\t\t\t\n\t\t\t\t\t\t\t<p>EINIMED oferuje szeroki zakres us\u0142ug, w tym dystrybucj\u0119 produkt\u00f3w, instalacj\u0119 i uruchomienie, konserwacja i naprawy, zgodno\u015b\u0107 z przepisami, mo\u017cliwo\u015bci finansowania, szkolenia i certyfikacji, a tak\u017ce marketing i promocja.<\/p>\n\t\t\t\t\t\t\t\t\t\t\t\t\t\t\t\t\t\t<\/div>\n\t\t\t\t<\/div>\n\t\t\t\t\t\t\t\n\t\t\t\t<div class=\"wd-accordion-item\">\n\t\t\t\t\t<div class=\"wd-accordion-title text-left wd-opener-pos-left\" data-accordion-index=\"1\">\n\t\t\t\t\t\t<div class=\"wd-accordion-title-text\">\n\t\t\t\t\t\t\t\t\t\t\t\t\t\t<span>\n\t\t\t\t\t\t\t\tGdzie znajduj\u0105 si\u0119 biura EINIMED?\t\t\t\t\t\t\t<\/span>\n\t\t\t\t\t\t<\/div>\n\t\t\t\t\t\t<span class=\"wd-accordion-opener wd-opener-style-arrow\"><\/span>\n\t\t\t\t\t<\/div>\n\n\t\t\t\t\t<div class=\"wd-accordion-content reset-last-child\" data-accordion-index=\"1\">\n\t\t\t\t\t\t\t\t\t\t\t\t\t\n\t\t\t\t\t\t\t<p>Nasze biura znajduj\u0105 si\u0119 w Warszawie, Polska (G\u00f3rskiego 6, 00-033 Warszawa), Berlin, Niemcy (ul. 11, 10587 Berlin).<\/p>\n\t\t\t\t\t\t\t\t\t\t\t\t\t\t\t\t\t\t<\/div>\n\t\t\t\t<\/div>\n\t\t\t\t\t\t\t\n\t\t\t\t<div class=\"wd-accordion-item\">\n\t\t\t\t\t<div class=\"wd-accordion-title text-left wd-opener-pos-left\" data-accordion-index=\"2\">\n\t\t\t\t\t\t<div class=\"wd-accordion-title-text\">\n\t\t\t\t\t\t\t\t\t\t\t\t\t\t<span>\n\t\t\t\t\t\t\t\tJakie rodzaje sprz\u0119tu medycznego us\u0142ug EINIMED?\t\t\t\t\t\t\t<\/span>\n\t\t\t\t\t\t<\/div>\n\t\t\t\t\t\t<span class=\"wd-accordion-opener wd-opener-style-arrow\"><\/span>\n\t\t\t\t\t<\/div>\n\n\t\t\t\t\t<div class=\"wd-accordion-content reset-last-child\" data-accordion-index=\"2\">\n\t\t\t\t\t\t\t\t\t\t\t\t\t\n\t\t\t\t\t\t\t<p>Oferujemy szeroki wyb\u00f3r sprz\u0119tu medycznego, w tym biomateria\u0142\u00f3w, dental equipment, endoskopy, narz\u0119dzia medyczne, laryngoskopy, urz\u0105dzenia monitorowania pacjent\u00f3w, ortopedyczne rozwi\u0105zania, ultrad\u017awi\u0119kowe urz\u0105dzenia, urz\u0105dzenia wentylacji mechanicznej i systemy rentgenowskie.<\/p>\n\t\t\t\t\t\t\t\t\t\t\t\t\t\t\t\t\t\t<\/div>\n\t\t\t\t<\/div>\n\t\t\t\t\t\t\t\n\t\t\t\t<div class=\"wd-accordion-item\">\n\t\t\t\t\t<div class=\"wd-accordion-title text-left wd-opener-pos-left\" data-accordion-index=\"3\">\n\t\t\t\t\t\t<div class=\"wd-accordion-title-text\">\n\t\t\t\t\t\t\t\t\t\t\t\t\t\t<span>\n\t\t\t\t\t\t\t\tJakie rodzaje sprz\u0119tu medycznego us\u0142ug EINIMED?\t\t\t\t\t\t\t<\/span>\n\t\t\t\t\t\t<\/div>\n\t\t\t\t\t\t<span class=\"wd-accordion-opener wd-opener-style-arrow\"><\/span>\n\t\t\t\t\t<\/div>\n\n\t\t\t\t\t<div class=\"wd-accordion-content reset-last-child\" data-accordion-index=\"3\">\n\t\t\t\t\t\t\t\t\t\t\t\t\t\n\t\t\t\t\t\t\t<p>Oferujemy szeroki wyb\u00f3r sprz\u0119tu medycznego, w tym biomateria\u0142\u00f3w, dental equipment, endoskopy, narz\u0119dzia medyczne, laryngoskopy, urz\u0105dzenia monitorowania pacjent\u00f3w, ortopedyczne rozwi\u0105zania, ultrad\u017awi\u0119kowe urz\u0105dzenia, urz\u0105dzenia wentylacji mechanicznej i systemy rentgenowskie.<\/p>\n\t\t\t\t\t\t\t\t\t\t\t\t\t\t\t\t\t\t<\/div>\n\t\t\t\t<\/div>\n\t\t\t\t\t\t\t\n\t\t\t\t<div class=\"wd-accordion-item\">\n\t\t\t\t\t<div class=\"wd-accordion-title text-left wd-opener-pos-left\" data-accordion-index=\"4\">\n\t\t\t\t\t\t<div class=\"wd-accordion-title-text\">\n\t\t\t\t\t\t\t\t\t\t\t\t\t\t<span>\n\t\t\t\t\t\t\t\tCzy EINIMED opcje finansowania na zakup sprz\u0119tu medycznego?\t\t\t\t\t\t\t<\/span>\n\t\t\t\t\t\t<\/div>\n\t\t\t\t\t\t<span class=\"wd-accordion-opener wd-opener-style-arrow\"><\/span>\n\t\t\t\t\t<\/div>\n\n\t\t\t\t\t<div class=\"wd-accordion-content reset-last-child\" data-accordion-index=\"4\">\n\t\t\t\t\t\t\t\t\t\t\t\t\t\n\t\t\t\t\t\t\t<p>Tak, oferujemy elastyczne opcje finansowania, w tym leasing sprz\u0119tu, indywidualne plany finansowania, opcje odroczenia p\u0142atno\u015bci, karty kredytowe, programy i plany najmu z przekazaniem na w\u0142asno\u015b\u0107, aby pom\u00f3c ci zdoby\u0107 niezb\u0119dne medyczne.<\/p>\n\t\t\t\t\t\t\t\t\t\t\t\t\t\t\t\t\t\t<\/div>\n\t\t\t\t<\/div>\n\t\t\t\t\t\t\t\n\t\t\t\t<div class=\"wd-accordion-item\">\n\t\t\t\t\t<div class=\"wd-accordion-title text-left wd-opener-pos-left\" data-accordion-index=\"5\">\n\t\t\t\t\t\t<div class=\"wd-accordion-title-text\">\n\t\t\t\t\t\t\t\t\t\t\t\t\t\t<span>\n\t\t\t\t\t\t\t\tJaki proces instalacji i konfiguracji sprz\u0119tu?\t\t\t\t\t\t\t<\/span>\n\t\t\t\t\t\t<\/div>\n\t\t\t\t\t\t<span class=\"wd-accordion-opener wd-opener-style-arrow\"><\/span>\n\t\t\t\t\t<\/div>\n\n\t\t\t\t\t<div class=\"wd-accordion-content reset-last-child\" data-accordion-index=\"5\">\n\t\t\t\t\t\t\t\t\t\t\t\t\t\n\t\t\t\t\t\t\t<p>Nasz profesjonalny personel techniczny wykonuje ca\u0142y proces instalacji i konfiguracji. To zawiera pocz\u0105tkowe ustawienia, konfiguracja, szkolenie u\u017cytkownik\u00f3w, integracj\u0119 z istniej\u0105cymi systemami, a tak\u017ce dok\u0142adne badania i walidacji w celu zapewnienia optymalnej wydajno\u015bci.<\/p>\n\t\t\t\t\t\t\t\t\t\t\t\t\t\t\t\t\t\t<\/div>\n\t\t\t\t<\/div>\n\t\t\t\t\t\t\t\n\t\t\t\t<div class=\"wd-accordion-item\">\n\t\t\t\t\t<div class=\"wd-accordion-title text-left wd-opener-pos-left\" data-accordion-index=\"6\">\n\t\t\t\t\t\t<div class=\"wd-accordion-title-text\">\n\t\t\t\t\t\t\t\t\t\t\t\t\t\t<span>\n\t\t\t\t\t\t\t\tJak EINIMED obs\u0142uguje zgodno\u015b\u0107 z przepisami?\t\t\t\t\t\t\t<\/span>\n\t\t\t\t\t\t<\/div>\n\t\t\t\t\t\t<span class=\"wd-accordion-opener wd-opener-style-arrow\"><\/span>\n\t\t\t\t\t<\/div>\n\n\t\t\t\t\t<div class=\"wd-accordion-content reset-last-child\" data-accordion-index=\"6\">\n\t\t\t\t\t\t\t\t\t\t\t\t\t\n\t\t\t\t\t\t\t<p>Oferujemy kompleksowe us\u0142ugi w zakresie zgodno\u015bci z przepisami, w tym opracowanie strategii, przygotowanie dokumentacji i jej reprezentacji, audyty zgodno\u015bci, szkolenia, \u043f\u043e\u0441\u0442\u0440\u044b\u043d\u043e\u0447\u043d\u044b\u0439 nadz\u00f3r i zarz\u0105dzanie ryzykiem, aby zapewni\u0107 zgodno\u015b\u0107 twoich produkt\u00f3w we wszystkie niezb\u0119dne normy.<\/p>\n\t\t\t\t\t\t\t\t\t\t\t\t\t\t\t\t\t\t<\/div>\n\t\t\t\t<\/div>\n\t\t\t\t\t\t\t\n\t\t\t\t<div class=\"wd-accordion-item\">\n\t\t\t\t\t<div class=\"wd-accordion-title text-left wd-opener-pos-left\" data-accordion-index=\"7\">\n\t\t\t\t\t\t<div class=\"wd-accordion-title-text\">\n\t\t\t\t\t\t\t\t\t\t\t\t\t\t<span>\n\t\t\t\t\t\t\t\tCzy mo\u017ce EINIMED pom\u00f3c z przeprowadzeniem przetarg\u00f3w publicznych?\t\t\t\t\t\t\t<\/span>\n\t\t\t\t\t\t<\/div>\n\t\t\t\t\t\t<span class=\"wd-accordion-opener wd-opener-style-arrow\"><\/span>\n\t\t\t\t\t<\/div>\n\n\t\t\t\t\t<div class=\"wd-accordion-content reset-last-child\" data-accordion-index=\"7\">\n\t\t\t\t\t\t\t\t\t\t\t\t\t\n\t\t\t\t\t\t\t<p>Tak, mamy du\u017ce do\u015bwiadczenie udzia\u0142u w zam\u00f3wieniach publicznych w Polsce, Niemczech i na Ukrainie. Nasz zesp\u00f3\u0142 jest w stanie porusza\u0107 si\u0119 w trudnych wymaga\u0144 i przepis\u00f3w, zapewniaj\u0105c, \u017ce nasze produkty zostan\u0105 wybrane do projekt\u00f3w zdrowia publicznego.<\/p>\n\t\t\t\t\t\t\t\t\t\t\t\t\t\t\t\t\t\t<\/div>\n\t\t\t\t<\/div>\n\t\t\t\t\t\t\t\n\t\t\t\t<div class=\"wd-accordion-item\">\n\t\t\t\t\t<div class=\"wd-accordion-title text-left wd-opener-pos-left\" data-accordion-index=\"8\">\n\t\t\t\t\t\t<div class=\"wd-accordion-title-text\">\n\t\t\t\t\t\t\t\t\t\t\t\t\t\t<span>\n\t\t\t\t\t\t\t\tJakie us\u0142ugi w zakresie szkole\u0144 i certyfikacji s\u0105 dost\u0119pne?\t\t\t\t\t\t\t<\/span>\n\t\t\t\t\t\t<\/div>\n\t\t\t\t\t\t<span class=\"wd-accordion-opener wd-opener-style-arrow\"><\/span>\n\t\t\t\t\t<\/div>\n\n\t\t\t\t\t<div class=\"wd-accordion-content reset-last-child\" data-accordion-index=\"8\">\n\t\t\t\t\t\t\t\t\t\t\t\t\t\n\t\t\t\t\t\t\t<p>Oferujemy indywidualne programy nauczania, kursy certyfikacyjne, kszta\u0142cenie ustawiczne, praktyczne warsztaty, gry online-modu\u0142y szkoleniowe, a tak\u017ce us\u0142ugi w zakresie oceny i opinie, aby upewni\u0107 si\u0119, \u017ce twoja dru\u017cyna posiada najnowszymi technologiami medycznymi.<\/p>\n\t\t\t\t\t\t\t\t\t\t\t\t\t\t\t\t\t\t<\/div>\n\t\t\t\t<\/div>\n\t\t\t\t\t\t\t\n\t\t\t\t<div class=\"wd-accordion-item\">\n\t\t\t\t\t<div class=\"wd-accordion-title text-left wd-opener-pos-left\" data-accordion-index=\"9\">\n\t\t\t\t\t\t<div class=\"wd-accordion-title-text\">\n\t\t\t\t\t\t\t\t\t\t\t\t\t\t<span>\n\t\t\t\t\t\t\t\tJak mog\u0119 by\u0107 na bie\u017c\u0105co z najnowszych produkt\u00f3w i us\u0142ug EINIMED?\t\t\t\t\t\t\t<\/span>\n\t\t\t\t\t\t<\/div>\n\t\t\t\t\t\t<span class=\"wd-accordion-opener wd-opener-style-arrow\"><\/span>\n\t\t\t\t\t<\/div>\n\n\t\t\t\t\t<div class=\"wd-accordion-content reset-last-child\" data-accordion-index=\"9\">\n\t\t\t\t\t\t\t\t\t\t\t\t\t\n\t\t\t\t\t\t\t<p>Mo\u017cesz by\u0107 na bie\u017c\u0105co, odwiedzaj\u0105c dzia\u0142 Aktualno\u015bci na naszej stronie internetowej, loguj\u0105c si\u0119 do naszego newslettera lub zapisuj\u0105c si\u0119 do nas na portalach spo\u0142eczno\u015bciowych.<\/p>\n\t\t\t\t\t\t\t\t\t\t\t\t\t\t\t\t\t\t<\/div>\n\t\t\t\t<\/div>\n\t\t\t\t\t\t\t\n\t\t\t\t<div class=\"wd-accordion-item\">\n\t\t\t\t\t<div class=\"wd-accordion-title text-left wd-opener-pos-left\" data-accordion-index=\"10\">\n\t\t\t\t\t\t<div class=\"wd-accordion-title-text\">\n\t\t\t\t\t\t\t\t\t\t\t\t\t\t<span>\n\t\t\t\t\t\t\t\tCo nale\u017cy zrobi\u0107, je\u015bli wymaga konserwacji lub naprawy mojego sprz\u0119tu medycznego?\t\t\t\t\t\t\t<\/span>\n\t\t\t\t\t\t<\/div>\n\t\t\t\t\t\t<span class=\"wd-accordion-opener wd-opener-style-arrow\"><\/span>\n\t\t\t\t\t<\/div>\n\n\t\t\t\t\t<div class=\"wd-accordion-content reset-last-child\" data-accordion-index=\"10\">\n\t\t\t\t\t\t\t\t\t\t\t\t\t\n\t\t\t\t\t\t\t<p>Je\u015bli potrzebna jest konserwacja lub naprawa, mo\u017cesz skontaktowa\u0107 si\u0119 z naszym biurem obs\u0142ugi klienta przez e-mail lub telefonicznie. Nasi wykwalifikowani specjali\u015bci zapewniaj\u0105 profilaktyczna konserwacja, naprawy awaryjne, us\u0142ugi kalibracji, wymian\u0119 cz\u0119\u015bci, monitorowanie wydajno\u015bci i wsparcie techniczne.<\/p>\n\t\t\t\t\t\t\t\t\t\t\t\t\t\t\t\t\t\t<\/div>\n\t\t\t\t<\/div>\n\t\t\t\t\t\t\t\n\t\t\t\t<div class=\"wd-accordion-item\">\n\t\t\t\t\t<div class=\"wd-accordion-title text-left wd-opener-pos-left\" data-accordion-index=\"11\">\n\t\t\t\t\t\t<div class=\"wd-accordion-title-text\">\n\t\t\t\t\t\t\t\t\t\t\t\t\t\t<span>\n\t\t\t\t\t\t\t\tDlaczego powinienem wybra\u0107 EINIMED dla zaspokojenia swoich potrzeb w technologiach medycznych?\t\t\t\t\t\t\t<\/span>\n\t\t\t\t\t\t<\/div>\n\t\t\t\t\t\t<span class=\"wd-accordion-opener wd-opener-style-arrow\"><\/span>\n\t\t\t\t\t<\/div>\n\n\t\t\t\t\t<div class=\"wd-accordion-content reset-last-child\" data-accordion-index=\"11\">\n\t\t\t\t\t\t\t\t\t\t\t\t\t\n\t\t\t\t\t\t\t<p>Firma EINIMED specjalizuje si\u0119 w dostarczaniu wysokiej jako\u015bci technologii medycznych i kompleksowych us\u0142ug pomocniczych. Nasze do\u015bwiadczenie w prowadzeniu przetarg\u00f3w publicznych, strategiczne po\u0142o\u017cenie, indywidualne rozwi\u0105zania i sprawdzone do\u015bwiadczenie w bran\u017cy opieki zdrowotnej sprawiaj\u0105, \u017ce jeste\u015bmy wiarygodnym partnerem dla instytucji medycznych i profesjonalist\u00f3w.<\/p>\n\t\t\t\t\t\t\t\t\t\t\t\t\t\t\t\t\t\t<\/div>\n\t\t\t\t<\/div>\n\t\t\t\t\t<\/div>\n\t\t\t\t<\/div>\n\t\t\t\t<\/div>\n\t\t\t\t<div class=\"elementor-element elementor-element-b003b10 elementor-widget elementor-widget-spacer\" data-id=\"b003b10\" data-element_type=\"widget\" data-widget_type=\"spacer.default\">\n\t\t\t\t<div class=\"elementor-widget-container\">\n\t\t\t<style>\/*! elementor - v3.23.0 - 05-08-2024 *\/\n.elementor-column .elementor-spacer-inner{height:var(--spacer-size)}.e-con{--container-widget-width:100%}.e-con-inner>.elementor-widget-spacer,.e-con>.elementor-widget-spacer{width:var(--container-widget-width,var(--spacer-size));--align-self:var(--container-widget-align-self,initial);--flex-shrink:0}.e-con-inner>.elementor-widget-spacer>.elementor-widget-container,.e-con>.elementor-widget-spacer>.elementor-widget-container{height:100%;width:100%}.e-con-inner>.elementor-widget-spacer>.elementor-widget-container>.elementor-spacer,.e-con>.elementor-widget-spacer>.elementor-widget-container>.elementor-spacer{height:100%}.e-con-inner>.elementor-widget-spacer>.elementor-widget-container>.elementor-spacer>.elementor-spacer-inner,.e-con>.elementor-widget-spacer>.elementor-widget-container>.elementor-spacer>.elementor-spacer-inner{height:var(--container-widget-height,var(--spacer-size))}.e-con-inner>.elementor-widget-spacer.elementor-widget-empty,.e-con>.elementor-widget-spacer.elementor-widget-empty{position:relative;min-height:22px;min-width:22px}.e-con-inner>.elementor-widget-spacer.elementor-widget-empty .elementor-widget-empty-icon,.e-con>.elementor-widget-spacer.elementor-widget-empty .elementor-widget-empty-icon{position:absolute;top:0;bottom:0;left:0;right:0;margin:auto;padding:0;width:22px;height:22px}<\/style>\t\t<div class=\"elementor-spacer\">\n\t\t\t<div class=\"elementor-spacer-inner\"><\/div>\n\t\t<\/div>\n\t\t\t\t<\/div>\n\t\t\t\t<\/div>\n\t\t\t\t\t<\/div>\n\t\t\t\t<\/div>\n\t\t<div class=\"wd-negative-gap elementor-element elementor-element-96c0dda e-flex e-con-boxed e-con e-parent\" data-id=\"96c0dda\" data-element_type=\"container\">\n\t\t\t\t\t<div class=\"e-con-inner\">\n\t\t\t\t<div class=\"elementor-element elementor-element-c3ee711 elementor-widget elementor-widget-wd_text_block\" data-id=\"c3ee711\" data-element_type=\"widget\" data-widget_type=\"wd_text_block.default\">\n\t\t\t\t<div class=\"elementor-widget-container\">\n\t\t\t\t\t<div class=\"wd-text-block reset-last-child text-left\">\n\t\t\t\n\t\t\t<h3><strong>Skontaktuj si\u0119 z nami<\/strong><\/h3><p>W przypadku jakichkolwiek dalszych pyta\u0144 lub w celu om\u00f3wienia tego, jak mo\u017cemy pom\u00f3c w twoich potrzeb, skontaktuj si\u0119 z naszym zespo\u0142em ju\u017c dzi\u015b. Czekamy na wsp\u00f3\u0142prac\u0119 z tob\u0105, aby osi\u0105gn\u0105\u0107 sukces w sektorze opieki zdrowotnej.<\/p>\n\t\t\t\t\t<\/div>\n\t\t\t\t<\/div>\n\t\t\t\t<\/div>\n\t\t\t\t\t<\/div>\n\t\t\t\t<\/div>\n\t\t\t\t<\/div>","protected":false},"excerpt":{"rendered":"<p>Wszystko, co musisz wiedzie\u0107, cz\u0119sto zadawane pytania Witamy w sekcji FAQ. Tutaj znajdziesz odpowiedzi na wsp\u00f3lne pytania<\/p>","protected":false},"author":1,"featured_media":0,"parent":0,"menu_order":0,"comment_status":"closed","ping_status":"closed","template":"","meta":{"footnotes":""},"class_list":["post-15785","page","type-page","status-publish","hentry"],"_links":{"self":[{"href":"https:\/\/solararray.eu\/pl\/wp-json\/wp\/v2\/pages\/15785"}],"collection":[{"href":"https:\/\/solararray.eu\/pl\/wp-json\/wp\/v2\/pages"}],"about":[{"href":"https:\/\/solararray.eu\/pl\/wp-json\/wp\/v2\/types\/page"}],"author":[{"embeddable":true,"href":"https:\/\/solararray.eu\/pl\/wp-json\/wp\/v2\/users\/1"}],"replies":[{"embeddable":true,"href":"https:\/\/solararray.eu\/pl\/wp-json\/wp\/v2\/comments?post=15785"}],"version-history":[{"count":19,"href":"https:\/\/solararray.eu\/pl\/wp-json\/wp\/v2\/pages\/15785\/revisions"}],"predecessor-version":[{"id":15946,"href":"https:\/\/solararray.eu\/pl\/wp-json\/wp\/v2\/pages\/15785\/revisions\/15946"}],"wp:attachment":[{"href":"https:\/\/solararray.eu\/pl\/wp-json\/wp\/v2\/media?parent=15785"}],"curies":[{"name":"wp","href":"https:\/\/api.w.org\/{rel}","templated":true}]}}