{"id":15826,"date":"2024-07-28T10:33:03","date_gmt":"2024-07-28T10:33:03","guid":{"rendered":"http:\/\/192.168.13.40\/?page_id=15826"},"modified":"2025-07-11T13:22:16","modified_gmt":"2025-07-11T13:22:16","slug":"marketing-promotion","status":"publish","type":"page","link":"https:\/\/solararray.eu\/pl\/promocja-marketingu\/","title":{"rendered":"Marketing i promocja"},"content":{"rendered":"<div data-elementor-type=\"wp-page\" data-elementor-id=\"15826\" class=\"elementor elementor-15826\" data-elementor-post-type=\"page\">\n\t\t\t\t<div class=\"wd-negative-gap elementor-element elementor-element-2d83f94 e-flex e-con-boxed e-con e-parent\" data-id=\"2d83f94\" data-element_type=\"container\">\n\t\t\t\t\t<div class=\"e-con-inner\">\n\t\t\t\t<div class=\"elementor-element elementor-element-4835646 wd-width-100 elementor-widget elementor-widget-wd_title\" data-id=\"4835646\" data-element_type=\"widget\" data-widget_type=\"wd_title.default\">\n\t\t\t\t<div class=\"elementor-widget-container\">\n\t\t\t\t\t<div class=\"title-wrapper set-mb-s reset-last-child wd-title-color-default wd-title-style-default wd-title-size-default text-center\">\n\n\t\t\t\t\t\t\t<div class=\"title-subtitle subtitle-color-default subtitle-style-default wd-fontsize-xs\">\n\t\t\t\t\tRozwijaj Swoj\u0105 mark\u0119 za pomoc\u0105 marketingu Strategicznego i promocji\t\t\t\t<\/div>\n\t\t\t\n\t\t\t<div class=\"liner-continer\">\n\t\t\t\t<h4 class=\"woodmart-title-container title wd-fontsize-l\">Kompleksowe Us\u0142ugi w zakresie marketingu i promocji<\/h4> \n\t\t\t\t\t\t\t<\/div>\n\n\t\t\t\t\t\t\t<div class=\"title-after_title set-cont-mb-s reset-last-child wd-fontsize-xs\">\n\t\t\t\t\t<p>At <strong>Solararray<\/strong>, we recognize the importance of robust marketing and promotion in the competitive energy technology market. Our comprehensive Marketing &amp; Promotion services are designed to boost your brand\u2019s visibility, engage your target audience, and drive business growth. Whether you're launching a new energy solution or seeking to strengthen your market presence, our expert team is here to provide the support you need.<\/p>\t\t\t\t<\/div>\n\t\t\t\t\t<\/div>\n\t\t\t\t<\/div>\n\t\t\t\t<\/div>\n\t\t\t\t<div class=\"elementor-element elementor-element-8d4a2f7 elementor-widget elementor-widget-wd_text_block\" data-id=\"8d4a2f7\" data-element_type=\"widget\" data-widget_type=\"wd_text_block.default\">\n\t\t\t\t<div class=\"elementor-widget-container\">\n\t\t\t\t\t<div class=\"wd-text-block reset-last-child text-left\">\n\t\t\t\n\t\t\t<h3 data-start=\"645\" data-end=\"661\">Nasze Us\u0142ugi<\/h3><p data-start=\"663\" data-end=\"906\"><strong data-start=\"663\" data-end=\"695\">Strategiczne planowanie Marketingowe<\/strong><br data-start=\"695\" data-end=\"698\" \/>We develop customized marketing strategies that align with your business goals and the dynamics of the energy market. Our plans are designed to enhance your brand visibility and attract your target customers.<\/p><p data-start=\"908\" data-end=\"923\"><strong data-start=\"908\" data-end=\"921\">Zalety:<\/strong><\/p><ul data-start=\"924\" data-end=\"1201\"><li data-start=\"924\" data-end=\"1022\"><p data-start=\"926\" data-end=\"1022\"><strong data-start=\"926\" data-end=\"941\">Dla Marek:<\/strong> Tailored marketing strategies that maximize brand impact in the energy sector.<\/p><\/li><li data-start=\"1023\" data-end=\"1109\"><p data-start=\"1025\" data-end=\"1109\"><strong data-start=\"1025\" data-end=\"1054\">For Utilities &amp; Industry:<\/strong> Increased awareness of your solutions and offerings.<\/p><\/li><li data-start=\"1110\" data-end=\"1201\"><p data-start=\"1112\" data-end=\"1201\"><strong data-start=\"1112\" data-end=\"1142\">For Installers &amp; Partners:<\/strong> Enhanced reputation and trust through strategic promotion.<\/p><\/li><\/ul><hr data-start=\"1203\" data-end=\"1206\" \/><p data-start=\"1208\" data-end=\"1435\"><strong data-start=\"1208\" data-end=\"1241\">Tworzenie tre\u015bci i Zarz\u0105dzanie nimi<\/strong><br data-start=\"1241\" data-end=\"1244\" \/>Our team creates engaging, high-quality content that highlights your energy products and services. We manage content across various platforms to ensure consistent and impactful communication.<\/p><p data-start=\"1437\" data-end=\"1452\"><strong data-start=\"1437\" data-end=\"1450\">Zalety:<\/strong><\/p><ul data-start=\"1453\" data-end=\"1734\"><li data-start=\"1453\" data-end=\"1539\"><p data-start=\"1455\" data-end=\"1539\"><strong data-start=\"1455\" data-end=\"1470\">Dla Marek:<\/strong> Professional content that effectively showcases your technologies.<\/p><\/li><li data-start=\"1540\" data-end=\"1639\"><p data-start=\"1542\" data-end=\"1639\"><strong data-start=\"1542\" data-end=\"1571\">For Utilities &amp; Industry:<\/strong> Informative materials that educate and attract potential clients.<\/p><\/li><li data-start=\"1640\" data-end=\"1734\"><p data-start=\"1642\" data-end=\"1734\"><strong data-start=\"1642\" data-end=\"1672\">For Installers &amp; Partners:<\/strong> Access to valuable information that enhances project success.<\/p><\/li><\/ul><hr data-start=\"1736\" data-end=\"1739\" \/><p data-start=\"1741\" data-end=\"1931\"><strong data-start=\"1741\" data-end=\"1762\">Marketingu cyfrowego<\/strong><br data-start=\"1762\" data-end=\"1765\" \/>We utilize the latest digital marketing techniques\u2014including SEO, SEM, social media marketing, and email campaigns\u2014to reach your audience and drive online engagement.<\/p><p data-start=\"1933\" data-end=\"1948\"><strong data-start=\"1933\" data-end=\"1946\">Zalety:<\/strong><\/p><ul data-start=\"1949\" data-end=\"2194\"><li data-start=\"1949\" data-end=\"2015\"><p data-start=\"1951\" data-end=\"2015\"><strong data-start=\"1951\" data-end=\"1966\">Dla Marek:<\/strong> Zwi\u0119kszenie obecno\u015bci w Internecie i pozyskiwanie potencjalnych klient\u00f3w.<\/p><\/li><li data-start=\"2016\" data-end=\"2106\"><p data-start=\"2018\" data-end=\"2106\"><strong data-start=\"2018\" data-end=\"2047\">For Utilities &amp; Industry:<\/strong> Enhanced digital footprint leading to higher engagement.<\/p><\/li><li data-start=\"2107\" data-end=\"2194\"><p data-start=\"2109\" data-end=\"2194\"><strong data-start=\"2109\" data-end=\"2139\">For Installers &amp; Partners:<\/strong> Improved online reputation and business opportunities.<\/p><\/li><\/ul><hr data-start=\"2196\" data-end=\"2199\" \/><p data-start=\"2201\" data-end=\"2390\"><strong data-start=\"2201\" data-end=\"2220\">Promocja imprezy<\/strong><br data-start=\"2220\" data-end=\"2223\" \/>We plan and promote your events, such as product launches, webinars, and industry conferences, ensuring maximum participation and engagement from your target audience.<\/p><p data-start=\"2392\" data-end=\"2407\"><strong data-start=\"2392\" data-end=\"2405\">Zalety:<\/strong><\/p><ul data-start=\"2408\" data-end=\"2662\"><li data-start=\"2408\" data-end=\"2473\"><p data-start=\"2410\" data-end=\"2473\"><strong data-start=\"2410\" data-end=\"2425\">Dla Marek:<\/strong> Successful events that drive brand awareness.<\/p><\/li><li data-start=\"2474\" data-end=\"2563\"><p data-start=\"2476\" data-end=\"2563\"><strong data-start=\"2476\" data-end=\"2505\">For Utilities &amp; Industry:<\/strong> Increased participation and interest in your solutions.<\/p><\/li><li data-start=\"2564\" data-end=\"2662\"><p data-start=\"2566\" data-end=\"2662\"><strong data-start=\"2566\" data-end=\"2596\">For Installers &amp; Partners:<\/strong> Opportunities to connect, learn, and network within the industry.<\/p><\/li><\/ul><hr data-start=\"2664\" data-end=\"2667\" \/><p data-start=\"2669\" data-end=\"2849\"><strong data-start=\"2669\" data-end=\"2689\">Zarz\u0105dzanie mark\u0105<\/strong><br data-start=\"2689\" data-end=\"2692\" \/>Our brand management services ensure consistent messaging and identity across all marketing channels, strengthening your brand's credibility and recognition.<\/p><p data-start=\"2851\" data-end=\"2866\"><strong data-start=\"2851\" data-end=\"2864\">Zalety:<\/strong><\/p><ul data-start=\"2867\" data-end=\"3089\"><li data-start=\"2867\" data-end=\"2931\"><p data-start=\"2869\" data-end=\"2931\"><strong data-start=\"2869\" data-end=\"2884\">Dla Marek:<\/strong> Enhanced brand identity and market position.<\/p><\/li><li data-start=\"2932\" data-end=\"3018\"><p data-start=\"2934\" data-end=\"3018\"><strong data-start=\"2934\" data-end=\"2963\">For Utilities &amp; Industry:<\/strong> Sp\u00f3jny branding, kt\u00f3ry przyci\u0105ga i zatrzymuje klient\u00f3w.<\/p><\/li><li data-start=\"3019\" data-end=\"3089\"><p data-start=\"3021\" data-end=\"3089\"><strong data-start=\"3021\" data-end=\"3051\">For Installers &amp; Partners:<\/strong> Professional image that builds trust.<\/p><\/li><\/ul><hr data-start=\"3091\" data-end=\"3094\" \/><p data-start=\"3096\" data-end=\"3316\"><strong data-start=\"3096\" data-end=\"3126\">Badania marketingowe i analiza<\/strong><br data-start=\"3126\" data-end=\"3129\" \/>We conduct thorough market research to understand your audience, competitors, and market trends. Our insights help you make informed marketing decisions and stay ahead of the competition.<\/p><p data-start=\"3318\" data-end=\"3333\"><strong data-start=\"3318\" data-end=\"3331\">Zalety:<\/strong><\/p><ul data-start=\"3334\" data-end=\"3582\"><li data-start=\"3334\" data-end=\"3409\"><p data-start=\"3336\" data-end=\"3409\"><strong data-start=\"3336\" data-end=\"3351\">Dla Marek:<\/strong> Strategie oparte na danych, kt\u00f3re poprawiaj\u0105 pozycjonowanie na rynku.<\/p><\/li><li data-start=\"3410\" data-end=\"3504\"><p data-start=\"3412\" data-end=\"3504\"><strong data-start=\"3412\" data-end=\"3441\">For Utilities &amp; Industry:<\/strong> Better understanding of customer needs and industry demands.<\/p><\/li><li data-start=\"3505\" data-end=\"3582\"><p data-start=\"3507\" data-end=\"3582\"><strong data-start=\"3507\" data-end=\"3537\">For Installers &amp; Partners:<\/strong> Insights that inform your business strategy.<\/p><\/li><\/ul><hr data-start=\"3584\" data-end=\"3587\" \/><h2 data-start=\"3589\" data-end=\"3606\">Dlaczego wybra\u0142e\u015b w\u0142a\u015bnie nas?<\/h2><p data-start=\"3608\" data-end=\"3810\"><strong data-start=\"3608\" data-end=\"3634\">Wiedza i Do\u015bwiadczenie<\/strong><br data-start=\"3634\" data-end=\"3637\" \/>Our marketing professionals bring years of experience in the energy technology sector. We leverage our expertise to deliver impactful marketing solutions that drive results.<\/p><p data-start=\"3812\" data-end=\"4001\"><strong data-start=\"3812\" data-end=\"3841\">Podej\u015bcie zorientowane na klienta<\/strong><br data-start=\"3841\" data-end=\"3844\" \/>Tw\u00f3j sukces jest naszym priorytetem. \u015aci\u015ble wsp\u00f3\u0142pracujemy z tob\u0105 w opracowywaniu strategii marketingowych, kt\u00f3re docieraj\u0105 do odbiorc\u00f3w i osi\u0105gaj\u0105 swoich cel\u00f3w biznesowych.<\/p><p data-start=\"4003\" data-end=\"4158\"><strong data-start=\"4003\" data-end=\"4027\">Innowacyjne rozwi\u0105zania<\/strong><br data-start=\"4027\" data-end=\"4030\" \/>We utilize the latest marketing tools and techniques to create innovative campaigns that capture attention and generate results.<\/p><p data-start=\"4160\" data-end=\"4346\"><strong data-start=\"4160\" data-end=\"4178\">Sprawdzony Sukces<\/strong><br data-start=\"4178\" data-end=\"4181\" \/>Our track record speaks for itself. We have successfully helped numerous brands and organizations strengthen their market presence and achieve their marketing goals.<\/p><hr data-start=\"4348\" data-end=\"4351\" \/><h2 data-start=\"4353\" data-end=\"4366\">Skontaktuj si\u0119 z nami<\/h2><p data-start=\"4368\" data-end=\"4718\">Gotowi, aby poprawi\u0107 swoj\u0105 mark\u0119 za pomoc\u0105 us\u0142ug marketingu strategicznego i promocji? Skontaktuj si\u0119 z naszym zespo\u0142em ju\u017c dzi\u015b, aby um\u00f3wi\u0107 si\u0119 na konsultacj\u0119. Wype\u0142nij formularz kontaktowy na naszej stronie internetowej, a my zorganizujemy spotkanie lub zdzwonimy si\u0119 z kolegami w celu om\u00f3wienia twoich potrzeb. Czekamy na mo\u017cliwo\u015bci pom\u00f3c ci w osi\u0105gni\u0119ciu twoich cel\u00f3w marketingowych za pomoc\u0105 indywidualnych rozwi\u0105za\u0144, kt\u00f3re pasuj\u0105 w\u0142a\u015bnie do ciebie.<\/p><p data-start=\"4720\" data-end=\"4979\">At <strong data-start=\"4723\" data-end=\"4737\">Solararray<\/strong>, we are dedicated to providing expert marketing and promotion services that support your success in the energy sector. Let us help you navigate the competitive market and reach your audience effectively. Contact us at <strong data-start=\"4956\" data-end=\"4978\"><a class=\"cursor-pointer\" rel=\"noopener\" data-start=\"4958\" data-end=\"4976\">info@solararray.eu<\/a><\/strong>.<\/p>\n\t\t\t\t\t<\/div>\n\t\t\t\t<\/div>\n\t\t\t\t<\/div>\n\t\t\t\t\t<\/div>\n\t\t\t\t<\/div>\n\t\t\t\t<\/div>","protected":false},"excerpt":{"rendered":"<p>Elevate Your Brand with Strategic Marketing &amp; Promotion Comprehensive Marketing &amp; Promotion Services At Solararray, we recognize the importance of<\/p>","protected":false},"author":1,"featured_media":0,"parent":0,"menu_order":0,"comment_status":"closed","ping_status":"closed","template":"","meta":{"footnotes":""},"class_list":["post-15826","page","type-page","status-publish","hentry"],"_links":{"self":[{"href":"https:\/\/solararray.eu\/pl\/wp-json\/wp\/v2\/pages\/15826"}],"collection":[{"href":"https:\/\/solararray.eu\/pl\/wp-json\/wp\/v2\/pages"}],"about":[{"href":"https:\/\/solararray.eu\/pl\/wp-json\/wp\/v2\/types\/page"}],"author":[{"embeddable":true,"href":"https:\/\/solararray.eu\/pl\/wp-json\/wp\/v2\/users\/1"}],"replies":[{"embeddable":true,"href":"https:\/\/solararray.eu\/pl\/wp-json\/wp\/v2\/comments?post=15826"}],"version-history":[{"count":13,"href":"https:\/\/solararray.eu\/pl\/wp-json\/wp\/v2\/pages\/15826\/revisions"}],"predecessor-version":[{"id":18241,"href":"https:\/\/solararray.eu\/pl\/wp-json\/wp\/v2\/pages\/15826\/revisions\/18241"}],"wp:attachment":[{"href":"https:\/\/solararray.eu\/pl\/wp-json\/wp\/v2\/media?parent=15826"}],"curies":[{"name":"wp","href":"https:\/\/api.w.org\/{rel}","templated":true}]}}